{"id":425,"date":"2021-06-28T09:16:40","date_gmt":"2021-06-28T09:16:40","guid":{"rendered":"https:\/\/caranorte.es\/caranorte-ingenieros\/"},"modified":"2021-07-23T07:34:40","modified_gmt":"2021-07-23T07:34:40","slug":"caranorte-ingenieros","status":"publish","type":"page","link":"https:\/\/caranorte.es\/en\/","title":{"rendered":"CaraNorte Ingenieros"},"content":{"rendered":"<p>[vc_section][vc_row full_width=&#8221;stretch_row_content&#8221; gap=&#8221;10&#8243; el_id=&#8221;fondo-montana&#8221;][vc_column width=&#8221;1\/6&#8243;][\/vc_column][vc_column width=&#8221;2\/3&#8243;][vc_empty_space height=&#8221;500px&#8221; el_class=&#8221;display-none&#8221;][vc_column_text el_class=&#8221;text-center&#8221;]<\/p>\n<h2 style=\"text-align: center;\">Leaders in specialized services<br \/>\nfor ski resorts<\/h2>\n<p>[\/vc_column_text][vc_empty_space height=&#8221;350px&#8221; el_class=&#8221;display-none&#8221;][\/vc_column][vc_column width=&#8221;1\/6&#8243;][\/vc_column][\/vc_row][vc_row full_width=&#8221;stretch_row_content_no_spaces&#8221; gap=&#8221;10&#8243;][vc_column width=&#8221;1\/6&#8243;][\/vc_column][vc_column width=&#8221;2\/3&#8243;][vc_row_inner gap=&#8221;10&#8243; el_class=&#8221;montana&#8221;][vc_column_inner width=&#8221;1\/6&#8243;][\/vc_column_inner][vc_column_inner width=&#8221;2\/3&#8243;][vc_empty_space height=&#8221;100px&#8221; el_class=&#8221;display-none&#8221;][vc_column_text el_class=&#8221;text-center&#8221; css=&#8221;.vc_custom_1627022376083{padding-right: 15px !important;padding-left: 15px !important;}&#8221;]<strong>CaraNorte Ingenieros<\/strong> is a company focused on providing engineering and technical services to ski resorts, concentrating its main activity in the maintenance, assembly and operation of ropeways.<\/p>\n<p><strong>CaraNorte Ingenieros<\/strong> staff is composed of engineers and technicians with a wide experience in this business, either from the standpoint of design and construction of such facilities as in its operation and management.[\/vc_column_text][vc_empty_space height=&#8221;150px&#8221; el_class=&#8221;display-none&#8221;][vc_empty_space height=&#8221;150px&#8221;][vc_column_text el_class=&#8221;titulo&#8221;]Business Lines[\/vc_column_text][\/vc_column_inner][vc_column_inner width=&#8221;1\/6&#8243;][\/vc_column_inner][\/vc_row_inner][vc_row_inner gap=&#8221;10&#8243; css=&#8221;.vc_custom_1625128641577{background-color: #215f84 !important;}&#8221;][vc_column_inner width=&#8221;1\/3&#8243; css=&#8221;.vc_custom_1625128655303{padding-right: 20px !important;padding-left: 20px !important;}&#8221;][vc_empty_space height=&#8221;100px&#8221; el_class=&#8221;display-none&#8221;][vc_single_image image=&#8221;492&#8243; img_size=&#8221;full&#8221; alignment=&#8221;center&#8221; el_class=&#8221;img-gris&#8221;][vc_column_text el_class=&#8221;blanco-t&#8221;]<\/p>\n<h3 style=\"text-align: center;\"><a href=\"https:\/\/caranorte.es\/en\/ropeways-assembly\/\">Ropeways assembly<\/a><\/h3>\n<p>[\/vc_column_text][\/vc_column_inner][vc_column_inner width=&#8221;1\/3&#8243; css=&#8221;.vc_custom_1625128660231{padding-right: 20px !important;padding-left: 20px !important;}&#8221;][vc_single_image image=&#8221;483&#8243; img_size=&#8221;full&#8221; alignment=&#8221;center&#8221; el_class=&#8221;img-gris&#8221;][vc_column_text el_class=&#8221;blanco-t&#8221;]<\/p>\n<h3 style=\"text-align: center;\"><a href=\"https:\/\/caranorte.es\/en\/ropeways-maintenance\/\">Ropeways maintenance<\/a><\/h3>\n<p>[\/vc_column_text][\/vc_column_inner][vc_column_inner width=&#8221;1\/3&#8243; css=&#8221;.vc_custom_1625128666622{padding-right: 20px !important;padding-left: 20px !important;}&#8221;][vc_empty_space height=&#8221;100px&#8221; el_class=&#8221;display-none&#8221;][vc_single_image image=&#8221;500&#8243; img_size=&#8221;full&#8221; alignment=&#8221;center&#8221; el_class=&#8221;img-gris&#8221;][vc_column_text el_class=&#8221;blanco-t&#8221;]<\/p>\n<h3 style=\"text-align: center;\"><a href=\"https:\/\/caranorte.es\/en\/cable-cranes\/\">Cable cranes<\/a><\/h3>\n<p>[\/vc_column_text][\/vc_column_inner][\/vc_row_inner][vc_row_inner gap=&#8221;10&#8243; css=&#8221;.vc_custom_1625062626395{background-color: #215f84 !important;}&#8221;][vc_column_inner width=&#8221;1\/3&#8243; css=&#8221;.vc_custom_1625128689792{padding-right: 20px !important;padding-left: 20px !important;}&#8221;][vc_empty_space height=&#8221;100px&#8221; el_class=&#8221;display-none&#8221;][vc_single_image image=&#8221;511&#8243; img_size=&#8221;full&#8221; alignment=&#8221;center&#8221; el_class=&#8221;img-gris&#8221;][vc_column_text el_class=&#8221;blanco-t&#8221;]<\/p>\n<h3 style=\"text-align: center;\"><a href=\"https:\/\/caranorte.es\/en\/general-assembly-consultancy\/\">General assembly consultancy<\/a><\/h3>\n<p>[\/vc_column_text][\/vc_column_inner][vc_column_inner width=&#8221;1\/3&#8243; css=&#8221;.vc_custom_1625128695338{padding-right: 20px !important;padding-left: 20px !important;}&#8221;][vc_single_image image=&#8221;518&#8243; img_size=&#8221;full&#8221; alignment=&#8221;center&#8221; el_class=&#8221;img-gris&#8221;][vc_column_text el_class=&#8221;blanco-t&#8221;]<\/p>\n<h3 style=\"text-align: center;\"><a href=\"https:\/\/caranorte.es\/en\/ski-resorts-operation-services\/\">Ski resorts operation services<\/a><\/h3>\n<p>[\/vc_column_text][\/vc_column_inner][vc_column_inner width=&#8221;1\/3&#8243; css=&#8221;.vc_custom_1625128700497{padding-right: 20px !important;padding-left: 20px !important;}&#8221;][vc_empty_space height=&#8221;100px&#8221; el_class=&#8221;display-none&#8221;][vc_single_image image=&#8221;527&#8243; img_size=&#8221;full&#8221; alignment=&#8221;center&#8221; el_class=&#8221;img-gris&#8221;][vc_column_text el_class=&#8221;blanco-t&#8221;]<\/p>\n<h3 style=\"text-align: center;\"><a href=\"https:\/\/caranorte.es\/en\/gem-software-and-maintenance-metodology\/\">GEM Software and Maintenance Metodology<\/a><\/h3>\n<p>[\/vc_column_text][\/vc_column_inner][\/vc_row_inner][vc_row_inner gap=&#8221;10&#8243; css=&#8221;.vc_custom_1625128706070{background-color: #215f84 !important;}&#8221;][vc_column_inner width=&#8221;1\/3&#8243;][\/vc_column_inner][vc_column_inner width=&#8221;1\/3&#8243; css=&#8221;.vc_custom_1625128711501{padding-right: 20px !important;padding-left: 20px !important;}&#8221;][vc_single_image image=&#8221;529&#8243; img_size=&#8221;full&#8221; alignment=&#8221;center&#8221; el_class=&#8221;img-gris&#8221;][vc_column_text el_class=&#8221;blanco-t&#8221;]<\/p>\n<h3 style=\"text-align: center;\"><a href=\"https:\/\/caranorte.es\/en\/laying-and-replacing-cables\/\">Laying and replacing cables<\/a><\/h3>\n<p>[\/vc_column_text][\/vc_column_inner][vc_column_inner width=&#8221;1\/3&#8243;][\/vc_column_inner][\/vc_row_inner][vc_row_inner equal_height=&#8221;yes&#8221; gap=&#8221;10&#8243; el_id=&#8221;footer-home&#8221;][vc_column_inner width=&#8221;1\/3&#8243;][vc_empty_space height=&#8221;150px&#8221; el_class=&#8221;display-none&#8221;][vc_column_text]<img loading=\"lazy\" decoding=\"async\" class=\"aligncenter wp-image-240\" src=\"https:\/\/caranorte.es\/wp-content\/uploads\/2021\/06\/LOGO-G.png\" alt=\"\" width=\"150\" height=\"45\" \/><\/p>\n<div style=\"text-align: center;\">C\/ Pineta 1 &#8211; Nave 9,<br \/>\nPol\u00edgono Valdeconsejo<br \/>\n50410 Cuarte de Huerva (Zaragoza)<br \/>\nTel.: <a href=\"tel:+34876261588\">(+34 )876 26 15 88<\/a><br \/>\nEmail: <a href=\"mailto:info@caranorte.es\">info@caranorte.es<\/a><\/div>\n<p>[\/vc_column_text][\/vc_column_inner][vc_column_inner width=&#8221;1\/3&#8243;][vc_empty_space height=&#8221;400px&#8221; el_class=&#8221;display-none&#8221;][\/vc_column_inner][vc_column_inner width=&#8221;1\/3&#8243;][vc_empty_space height=&#8221;150px&#8221; el_class=&#8221;display-none&#8221;][vc_column_text el_class=&#8221;text-center blanco-t&#8221;]<\/p>\n<h3>CERTIFICATIONS<\/h3>\n<p><a href=\"https:\/\/caranorte.es\/certificaciones-iso\/\"><img loading=\"lazy\" decoding=\"async\" class=\"size-full wp-image-75 aligncenter\" src=\"https:\/\/caranorte.es\/wp-content\/uploads\/2021\/06\/logo-iso-interiores.png\" alt=\"\" width=\"180\" height=\"135\" \/><\/a>[\/vc_column_text][\/vc_column_inner][\/vc_row_inner][\/vc_column][vc_column width=&#8221;1\/6&#8243;][\/vc_column][\/vc_row][\/vc_section]<\/p>\n","protected":false},"excerpt":{"rendered":"<p>[vc_section][vc_row full_width=&#8221;stretch_row_content&#8221; gap=&#8221;10&#8243; el_id=&#8221;fondo-montana&#8221;][vc_column width=&#8221;1\/6&#8243;][\/vc_column][vc_column width=&#8221;2\/3&#8243;][vc_empty_space height=&#8221;500px&#8221; el_class=&#8221;display-none&#8221;][vc_column_text el_class=&#8221;text-center&#8221;] Leaders in specialized services for ski resorts [\/vc_column_text][vc_empty_space height=&#8221;350px&#8221; el_class=&#8221;display-none&#8221;][\/vc_column][vc_column width=&#8221;1\/6&#8243;][\/vc_column][\/vc_row][vc_row full_width=&#8221;stretch_row_content_no_spaces&#8221; gap=&#8221;10&#8243;][vc_column width=&#8221;1\/6&#8243;][\/vc_column][vc_column width=&#8221;2\/3&#8243;][vc_row_inner gap=&#8221;10&#8243; el_class=&#8221;montana&#8221;][vc_column_inner width=&#8221;1\/6&#8243;][\/vc_column_inner][vc_column_inner width=&#8221;2\/3&#8243;][vc_empty_space height=&#8221;100px&#8221; el_class=&#8221;display-none&#8221;][vc_column_text el_class=&#8221;text-center&#8221; css=&#8221;.vc_custom_1627022376083{padding-right: 15px !important;padding-left: 15px !important;}&#8221;]CaraNorte Ingenieros is a company focused on providing engineering and technical services to ski resorts, concentrating its main activity in [&hellip;]<\/p>\n","protected":false},"author":1,"featured_media":0,"parent":0,"menu_order":0,"comment_status":"closed","ping_status":"closed","template":"","meta":{"_genesis_hide_title":false,"_genesis_hide_breadcrumbs":false,"_genesis_hide_singular_image":false,"_genesis_hide_footer_widgets":false,"_genesis_custom_body_class":"","_genesis_custom_post_class":"","_genesis_layout":"","footnotes":""},"yoast_head":"<!-- This site is optimized with the Yoast SEO plugin v22.3 - https:\/\/yoast.com\/wordpress\/plugins\/seo\/ -->\n<title>CaraNorte Ingenieros - CaraNorte Ingenieros<\/title>\n<meta name=\"robots\" content=\"index, follow, max-snippet:-1, max-image-preview:large, max-video-preview:-1\" \/>\n<link rel=\"canonical\" href=\"https:\/\/caranorte.es\/en\/\" \/>\n<meta property=\"og:locale\" content=\"en_US\" \/>\n<meta property=\"og:type\" content=\"article\" \/>\n<meta property=\"og:title\" content=\"CaraNorte Ingenieros - CaraNorte Ingenieros\" \/>\n<meta property=\"og:description\" content=\"[vc_section][vc_row full_width=&#8221;stretch_row_content&#8221; gap=&#8221;10&#8243; el_id=&#8221;fondo-montana&#8221;][vc_column width=&#8221;1\/6&#8243;][\/vc_column][vc_column width=&#8221;2\/3&#8243;][vc_empty_space height=&#8221;500px&#8221; el_class=&#8221;display-none&#8221;][vc_column_text el_class=&#8221;text-center&#8221;] Leaders in specialized services for ski resorts [\/vc_column_text][vc_empty_space height=&#8221;350px&#8221; el_class=&#8221;display-none&#8221;][\/vc_column][vc_column width=&#8221;1\/6&#8243;][\/vc_column][\/vc_row][vc_row full_width=&#8221;stretch_row_content_no_spaces&#8221; gap=&#8221;10&#8243;][vc_column width=&#8221;1\/6&#8243;][\/vc_column][vc_column width=&#8221;2\/3&#8243;][vc_row_inner gap=&#8221;10&#8243; el_class=&#8221;montana&#8221;][vc_column_inner width=&#8221;1\/6&#8243;][\/vc_column_inner][vc_column_inner width=&#8221;2\/3&#8243;][vc_empty_space height=&#8221;100px&#8221; el_class=&#8221;display-none&#8221;][vc_column_text el_class=&#8221;text-center&#8221; css=&#8221;.vc_custom_1627022376083{padding-right: 15px !important;padding-left: 15px !important;}&#8221;]CaraNorte Ingenieros is a company focused on providing engineering and technical services to ski resorts, concentrating its main activity in [&hellip;]\" \/>\n<meta property=\"og:url\" content=\"https:\/\/caranorte.es\/en\/\" \/>\n<meta property=\"og:site_name\" content=\"CaraNorte Ingenieros\" \/>\n<meta property=\"article:modified_time\" content=\"2021-07-23T07:34:40+00:00\" \/>\n<meta property=\"og:image\" content=\"https:\/\/caranorte.es\/wp-content\/uploads\/2021\/06\/LOGO-G.png\" \/>\n<meta name=\"twitter:card\" content=\"summary_large_image\" \/>\n<meta name=\"twitter:label1\" content=\"Est. reading time\" \/>\n\t<meta name=\"twitter:data1\" content=\"2 minutes\" \/>\n<script type=\"application\/ld+json\" class=\"yoast-schema-graph\">{\"@context\":\"https:\/\/schema.org\",\"@graph\":[{\"@type\":\"WebPage\",\"@id\":\"https:\/\/caranorte.es\/en\/\",\"url\":\"https:\/\/caranorte.es\/en\/\",\"name\":\"CaraNorte Ingenieros - CaraNorte Ingenieros\",\"isPartOf\":{\"@id\":\"https:\/\/caranorte.es\/en\/#website\"},\"primaryImageOfPage\":{\"@id\":\"https:\/\/caranorte.es\/en\/#primaryimage\"},\"image\":{\"@id\":\"https:\/\/caranorte.es\/en\/#primaryimage\"},\"thumbnailUrl\":\"https:\/\/caranorte.es\/wp-content\/uploads\/2021\/06\/LOGO-G.png\",\"datePublished\":\"2021-06-28T09:16:40+00:00\",\"dateModified\":\"2021-07-23T07:34:40+00:00\",\"breadcrumb\":{\"@id\":\"https:\/\/caranorte.es\/en\/#breadcrumb\"},\"inLanguage\":\"en-US\",\"potentialAction\":[{\"@type\":\"ReadAction\",\"target\":[\"https:\/\/caranorte.es\/en\/\"]}]},{\"@type\":\"ImageObject\",\"inLanguage\":\"en-US\",\"@id\":\"https:\/\/caranorte.es\/en\/#primaryimage\",\"url\":\"https:\/\/caranorte.es\/wp-content\/uploads\/2021\/06\/LOGO-G.png\",\"contentUrl\":\"https:\/\/caranorte.es\/wp-content\/uploads\/2021\/06\/LOGO-G.png\",\"width\":282,\"height\":85},{\"@type\":\"BreadcrumbList\",\"@id\":\"https:\/\/caranorte.es\/en\/#breadcrumb\",\"itemListElement\":[{\"@type\":\"ListItem\",\"position\":1,\"name\":\"Portada\",\"item\":\"https:\/\/caranorte.es\/en\/\"},{\"@type\":\"ListItem\",\"position\":2,\"name\":\"CaraNorte Ingenieros\"}]},{\"@type\":\"WebSite\",\"@id\":\"https:\/\/caranorte.es\/en\/#website\",\"url\":\"https:\/\/caranorte.es\/en\/\",\"name\":\"CaraNorte Ingenieros\",\"description\":\"CaraNorte Ingenieros, ingenier\u00eda y servicios t\u00e9cnicos especializados en el \u00e1mbito de la monta\u00f1a\",\"potentialAction\":[{\"@type\":\"SearchAction\",\"target\":{\"@type\":\"EntryPoint\",\"urlTemplate\":\"https:\/\/caranorte.es\/en\/?s={search_term_string}\"},\"query-input\":\"required name=search_term_string\"}],\"inLanguage\":\"en-US\"}]}<\/script>\n<!-- \/ Yoast SEO plugin. -->","yoast_head_json":{"title":"CaraNorte Ingenieros - CaraNorte Ingenieros","robots":{"index":"index","follow":"follow","max-snippet":"max-snippet:-1","max-image-preview":"max-image-preview:large","max-video-preview":"max-video-preview:-1"},"canonical":"https:\/\/caranorte.es\/en\/","og_locale":"en_US","og_type":"article","og_title":"CaraNorte Ingenieros - CaraNorte Ingenieros","og_description":"[vc_section][vc_row full_width=&#8221;stretch_row_content&#8221; gap=&#8221;10&#8243; el_id=&#8221;fondo-montana&#8221;][vc_column width=&#8221;1\/6&#8243;][\/vc_column][vc_column width=&#8221;2\/3&#8243;][vc_empty_space height=&#8221;500px&#8221; el_class=&#8221;display-none&#8221;][vc_column_text el_class=&#8221;text-center&#8221;] Leaders in specialized services for ski resorts [\/vc_column_text][vc_empty_space height=&#8221;350px&#8221; el_class=&#8221;display-none&#8221;][\/vc_column][vc_column width=&#8221;1\/6&#8243;][\/vc_column][\/vc_row][vc_row full_width=&#8221;stretch_row_content_no_spaces&#8221; gap=&#8221;10&#8243;][vc_column width=&#8221;1\/6&#8243;][\/vc_column][vc_column width=&#8221;2\/3&#8243;][vc_row_inner gap=&#8221;10&#8243; el_class=&#8221;montana&#8221;][vc_column_inner width=&#8221;1\/6&#8243;][\/vc_column_inner][vc_column_inner width=&#8221;2\/3&#8243;][vc_empty_space height=&#8221;100px&#8221; el_class=&#8221;display-none&#8221;][vc_column_text el_class=&#8221;text-center&#8221; css=&#8221;.vc_custom_1627022376083{padding-right: 15px !important;padding-left: 15px !important;}&#8221;]CaraNorte Ingenieros is a company focused on providing engineering and technical services to ski resorts, concentrating its main activity in [&hellip;]","og_url":"https:\/\/caranorte.es\/en\/","og_site_name":"CaraNorte Ingenieros","article_modified_time":"2021-07-23T07:34:40+00:00","og_image":[{"url":"https:\/\/caranorte.es\/wp-content\/uploads\/2021\/06\/LOGO-G.png"}],"twitter_card":"summary_large_image","twitter_misc":{"Est. reading time":"2 minutes"},"schema":{"@context":"https:\/\/schema.org","@graph":[{"@type":"WebPage","@id":"https:\/\/caranorte.es\/en\/","url":"https:\/\/caranorte.es\/en\/","name":"CaraNorte Ingenieros - CaraNorte Ingenieros","isPartOf":{"@id":"https:\/\/caranorte.es\/en\/#website"},"primaryImageOfPage":{"@id":"https:\/\/caranorte.es\/en\/#primaryimage"},"image":{"@id":"https:\/\/caranorte.es\/en\/#primaryimage"},"thumbnailUrl":"https:\/\/caranorte.es\/wp-content\/uploads\/2021\/06\/LOGO-G.png","datePublished":"2021-06-28T09:16:40+00:00","dateModified":"2021-07-23T07:34:40+00:00","breadcrumb":{"@id":"https:\/\/caranorte.es\/en\/#breadcrumb"},"inLanguage":"en-US","potentialAction":[{"@type":"ReadAction","target":["https:\/\/caranorte.es\/en\/"]}]},{"@type":"ImageObject","inLanguage":"en-US","@id":"https:\/\/caranorte.es\/en\/#primaryimage","url":"https:\/\/caranorte.es\/wp-content\/uploads\/2021\/06\/LOGO-G.png","contentUrl":"https:\/\/caranorte.es\/wp-content\/uploads\/2021\/06\/LOGO-G.png","width":282,"height":85},{"@type":"BreadcrumbList","@id":"https:\/\/caranorte.es\/en\/#breadcrumb","itemListElement":[{"@type":"ListItem","position":1,"name":"Portada","item":"https:\/\/caranorte.es\/en\/"},{"@type":"ListItem","position":2,"name":"CaraNorte Ingenieros"}]},{"@type":"WebSite","@id":"https:\/\/caranorte.es\/en\/#website","url":"https:\/\/caranorte.es\/en\/","name":"CaraNorte Ingenieros","description":"CaraNorte Ingenieros, ingenier\u00eda y servicios t\u00e9cnicos especializados en el \u00e1mbito de la monta\u00f1a","potentialAction":[{"@type":"SearchAction","target":{"@type":"EntryPoint","urlTemplate":"https:\/\/caranorte.es\/en\/?s={search_term_string}"},"query-input":"required name=search_term_string"}],"inLanguage":"en-US"}]}},"_links":{"self":[{"href":"https:\/\/caranorte.es\/en\/wp-json\/wp\/v2\/pages\/425"}],"collection":[{"href":"https:\/\/caranorte.es\/en\/wp-json\/wp\/v2\/pages"}],"about":[{"href":"https:\/\/caranorte.es\/en\/wp-json\/wp\/v2\/types\/page"}],"author":[{"embeddable":true,"href":"https:\/\/caranorte.es\/en\/wp-json\/wp\/v2\/users\/1"}],"replies":[{"embeddable":true,"href":"https:\/\/caranorte.es\/en\/wp-json\/wp\/v2\/comments?post=425"}],"version-history":[{"count":6,"href":"https:\/\/caranorte.es\/en\/wp-json\/wp\/v2\/pages\/425\/revisions"}],"predecessor-version":[{"id":562,"href":"https:\/\/caranorte.es\/en\/wp-json\/wp\/v2\/pages\/425\/revisions\/562"}],"wp:attachment":[{"href":"https:\/\/caranorte.es\/en\/wp-json\/wp\/v2\/media?parent=425"}],"curies":[{"name":"wp","href":"https:\/\/api.w.org\/{rel}","templated":true}]}}