{"id":431,"date":"2021-06-22T10:01:44","date_gmt":"2021-06-22T10:01:44","guid":{"rendered":"https:\/\/caranorte.es\/contacta-con-nosotros\/"},"modified":"2021-07-23T07:02:47","modified_gmt":"2021-07-23T07:02:47","slug":"contact-us","status":"publish","type":"page","link":"https:\/\/caranorte.es\/en\/contact-us\/","title":{"rendered":"Contact Us"},"content":{"rendered":"<p>[vc_row][vc_column][vc_icon icon_fontawesome=&#8221;fas fa-map-marker-alt&#8221; color=&#8221;custom&#8221; align=&#8221;center&#8221; custom_color=&#8221;#3b91b8&#8243;][vc_column_text]<\/p>\n<p style=\"text-align: center;\">C\/ Pineta 1, I Nave 9, Pol\u00edgono Valdeconsejo,<br \/>\n50410 Cuarte de Huerva (Zaragoza)<\/p>\n<p>[\/vc_column_text][vc_row_inner][vc_column_inner width=&#8221;1\/2&#8243;][vc_icon icon_fontawesome=&#8221;fas fa-envelope&#8221; color=&#8221;custom&#8221; align=&#8221;center&#8221; custom_color=&#8221;#3b91b8&#8243;][vc_column_text]<\/p>\n<p style=\"text-align: center;\"><a href=\"mailto:info@caranorte.es\">info@caranorte.es<\/a><\/p>\n<p>[\/vc_column_text][\/vc_column_inner][vc_column_inner width=&#8221;1\/2&#8243;][vc_icon icon_fontawesome=&#8221;fas fa-phone-alt&#8221; color=&#8221;custom&#8221; align=&#8221;center&#8221; custom_color=&#8221;#3b91b8&#8243;][vc_column_text]<\/p>\n<p style=\"text-align: center;\"><a href=\"tel:+34876261588\">(+34) 876 26 15 88<\/a><\/p>\n<p>[\/vc_column_text][\/vc_column_inner][\/vc_row_inner][\/vc_column][\/vc_row][vc_row][vc_column]\n<div class=\"wpcf7 no-js\" id=\"wpcf7-f479-o1\" lang=\"en-US\" dir=\"ltr\">\n<div class=\"screen-reader-response\"><p role=\"status\" aria-live=\"polite\" aria-atomic=\"true\"><\/p> <ul><\/ul><\/div>\n<form action=\"\/en\/wp-json\/wp\/v2\/pages\/431#wpcf7-f479-o1\" method=\"post\" class=\"wpcf7-form init\" aria-label=\"Contact form\" novalidate=\"novalidate\" data-status=\"init\">\n<div style=\"display: none;\">\n<input type=\"hidden\" name=\"_wpcf7\" value=\"479\" \/>\n<input type=\"hidden\" name=\"_wpcf7_version\" value=\"5.9.8\" \/>\n<input type=\"hidden\" name=\"_wpcf7_locale\" value=\"en_US\" \/>\n<input type=\"hidden\" name=\"_wpcf7_unit_tag\" value=\"wpcf7-f479-o1\" \/>\n<input type=\"hidden\" name=\"_wpcf7_container_post\" value=\"0\" \/>\n<input type=\"hidden\" name=\"_wpcf7_posted_data_hash\" value=\"\" \/>\n<input type=\"hidden\" name=\"_wpcf7_recaptcha_response\" value=\"\" \/>\n<\/div>\n<p><label> Name*<br \/>\n<span class=\"wpcf7-form-control-wrap\" data-name=\"your-name\"><input size=\"40\" maxlength=\"400\" class=\"wpcf7-form-control wpcf7-text wpcf7-validates-as-required\" aria-required=\"true\" aria-invalid=\"false\" value=\"\" type=\"text\" name=\"your-name\" \/><\/span> <\/label>\n<\/p>\n<p><label> Email*<br \/>\n<span class=\"wpcf7-form-control-wrap\" data-name=\"your-email\"><input size=\"40\" maxlength=\"400\" class=\"wpcf7-form-control wpcf7-email wpcf7-validates-as-required wpcf7-text wpcf7-validates-as-email\" aria-required=\"true\" aria-invalid=\"false\" value=\"\" type=\"email\" name=\"your-email\" \/><\/span> <\/label>\n<\/p>\n<p><label> Object<br \/>\n<span class=\"wpcf7-form-control-wrap\" data-name=\"your-subject\"><input size=\"40\" maxlength=\"400\" class=\"wpcf7-form-control wpcf7-text\" aria-invalid=\"false\" value=\"\" type=\"text\" name=\"your-subject\" \/><\/span> <\/label>\n<\/p>\n<p><label> Message<br \/>\n<span class=\"wpcf7-form-control-wrap\" data-name=\"your-message\"><textarea cols=\"40\" rows=\"10\" maxlength=\"2000\" class=\"wpcf7-form-control wpcf7-textarea\" aria-invalid=\"false\" name=\"your-message\"><\/textarea><\/span> <\/label>\n<\/p>\n<p><small>(*) Required fields<br \/>\n<span class=\"wpcf7-form-control-wrap\" data-name=\"acceptance-920\"><span class=\"wpcf7-form-control wpcf7-acceptance optional\"><span class=\"wpcf7-list-item\"><input type=\"checkbox\" name=\"acceptance-920\" value=\"1\" aria-invalid=\"false\" \/><\/span><\/span><\/span> By submitting this form, you accept the general conditions of service, <a href=\"\/informacion-de-privacidad\">privacy information.<\/a><\/small>\n<\/p>\n<span class=\"wpcf7-form-control-wrap recaptcha\" data-name=\"recaptcha\"><span data-sitekey=\"6LcxkTMcAAAAAPUh73b9_SICD6jD0eTQbyX_e50K\" class=\"wpcf7-form-control wpcf7-recaptcha g-recaptcha\"><\/span>\r\n<noscript>\r\n\t<div class=\"grecaptcha-noscript\">\r\n\t\t<iframe loading=\"lazy\" src=\"https:\/\/www.recaptcha.net\/recaptcha\/api\/fallback?k=6LcxkTMcAAAAAPUh73b9_SICD6jD0eTQbyX_e50K\" frameborder=\"0\" scrolling=\"no\" width=\"310\" height=\"430\">\r\n\t\t<\/iframe>\r\n\t\t<textarea name=\"g-recaptcha-response\" rows=\"3\" cols=\"40\" placeholder=\"reCaptcha Response Here\">\r\n\t\t<\/textarea>\r\n\t<\/div>\r\n<\/noscript>\r\n<\/span>\n<p><input class=\"wpcf7-form-control wpcf7-submit has-spinner\" type=\"submit\" value=\"Enviar\" \/>\n<\/p><p style=\"display: none !important;\" class=\"akismet-fields-container\" data-prefix=\"_wpcf7_ak_\"><label>&#916;<textarea name=\"_wpcf7_ak_hp_textarea\" cols=\"45\" rows=\"8\" maxlength=\"100\"><\/textarea><\/label><input type=\"hidden\" id=\"ak_js_1\" name=\"_wpcf7_ak_js\" value=\"212\"\/><script>\ndocument.getElementById( \"ak_js_1\" ).setAttribute( \"value\", ( new Date() ).getTime() );\n<\/script>\n<\/p><div class=\"wpcf7-response-output\" aria-hidden=\"true\"><\/div>\n<\/form>\n<\/div>\n[\/vc_column][\/vc_row][vc_row full_width=&#8221;stretch_row_content_no_spaces&#8221;][vc_column][vc_gmaps link=&#8221;#E-8_JTNDaWZyYW1lJTIwc3JjJTNEJTIyaHR0cHMlM0ElMkYlMkZ3d3cuZ29vZ2xlLmNvbSUyRm1hcHMlMkZlbWJlZCUzRnBiJTNEJTIxMW0xNCUyMTFtOCUyMTFtMyUyMTFkMjM4NzIuODk2NjM5NjUxMzglMjEyZC0wLjkxOTkyOCUyMTNkNDEuNTg4NDU4JTIxM20yJTIxMWkxMDI0JTIxMmk3NjglMjE0ZjEzLjElMjEzbTMlMjExbTIlMjExczB4MCUyNTNBMHhlMjY3MDdhMmU3NDM5ZTZjJTIxMnNDYXJhTm9ydGUlMjUyMEluZ2VuaWVyb3MlMjE1ZTAlMjEzbTIlMjExc2VzJTIxMnN1cyUyMTR2MTYyNDQ0OTgwMjAyMCUyMTVtMiUyMTFzZXMlMjEyc3VzJTIyJTIwd2lkdGglM0QlMjIxMDAlMjUlMjIlMjBoZWlnaHQlM0QlMjI1MDAlMjIlMjBzdHlsZSUzRCUyMmJvcmRlciUzQTAlM0IlMjIlMjBhbGxvd2Z1bGxzY3JlZW4lM0QlMjIlMjIlMjBsb2FkaW5nJTNEJTIybGF6eSUyMiUzRSUzQyUyRmlmcmFtZSUzRQ==&#8221;][\/vc_column][\/vc_row]<\/p>\n","protected":false},"excerpt":{"rendered":"<p>[vc_row][vc_column][vc_icon icon_fontawesome=&#8221;fas fa-map-marker-alt&#8221; color=&#8221;custom&#8221; align=&#8221;center&#8221; custom_color=&#8221;#3b91b8&#8243;][vc_column_text] C\/ Pineta 1, I Nave 9, Pol\u00edgono Valdeconsejo, 50410 Cuarte de Huerva (Zaragoza) [\/vc_column_text][vc_row_inner][vc_column_inner width=&#8221;1\/2&#8243;][vc_icon icon_fontawesome=&#8221;fas fa-envelope&#8221; color=&#8221;custom&#8221; align=&#8221;center&#8221; custom_color=&#8221;#3b91b8&#8243;][vc_column_text] info@caranorte.es [\/vc_column_text][\/vc_column_inner][vc_column_inner width=&#8221;1\/2&#8243;][vc_icon icon_fontawesome=&#8221;fas fa-phone-alt&#8221; color=&#8221;custom&#8221; align=&#8221;center&#8221; custom_color=&#8221;#3b91b8&#8243;][vc_column_text] (+34) 876 26 15 88 [\/vc_column_text][\/vc_column_inner][\/vc_row_inner][\/vc_column][\/vc_row][vc_row][vc_column][\/vc_column][\/vc_row][vc_row full_width=&#8221;stretch_row_content_no_spaces&#8221;][vc_column][vc_gmaps link=&#8221;#E-8_JTNDaWZyYW1lJTIwc3JjJTNEJTIyaHR0cHMlM0ElMkYlMkZ3d3cuZ29vZ2xlLmNvbSUyRm1hcHMlMkZlbWJlZCUzRnBiJTNEJTIxMW0xNCUyMTFtOCUyMTFtMyUyMTFkMjM4NzIuODk2NjM5NjUxMzglMjEyZC0wLjkxOTkyOCUyMTNkNDEuNTg4NDU4JTIxM20yJTIxMWkxMDI0JTIxMmk3NjglMjE0ZjEzLjElMjEzbTMlMjExbTIlMjExczB4MCUyNTNBMHhlMjY3MDdhMmU3NDM5ZTZjJTIxMnNDYXJhTm9ydGUlMjUyMEluZ2VuaWVyb3MlMjE1ZTAlMjEzbTIlMjExc2VzJTIxMnN1cyUyMTR2MTYyNDQ0OTgwMjAyMCUyMTVtMiUyMTFzZXMlMjEyc3VzJTIyJTIwd2lkdGglM0QlMjIxMDAlMjUlMjIlMjBoZWlnaHQlM0QlMjI1MDAlMjIlMjBzdHlsZSUzRCUyMmJvcmRlciUzQTAlM0IlMjIlMjBhbGxvd2Z1bGxzY3JlZW4lM0QlMjIlMjIlMjBsb2FkaW5nJTNEJTIybGF6eSUyMiUzRSUzQyUyRmlmcmFtZSUzRQ==&#8221;][\/vc_column][\/vc_row]<\/p>\n","protected":false},"author":1,"featured_media":0,"parent":0,"menu_order":0,"comment_status":"closed","ping_status":"closed","template":"","meta":{"_genesis_hide_title":false,"_genesis_hide_breadcrumbs":false,"_genesis_hide_singular_image":false,"_genesis_hide_footer_widgets":false,"_genesis_custom_body_class":"lineas-negocio","_genesis_custom_post_class":"","_genesis_layout":"","footnotes":""},"yoast_head":"<!-- This site is optimized with the Yoast SEO plugin v22.3 - https:\/\/yoast.com\/wordpress\/plugins\/seo\/ -->\n<title>Contact Us - CaraNorte Ingenieros<\/title>\n<meta name=\"robots\" content=\"index, follow, max-snippet:-1, max-image-preview:large, max-video-preview:-1\" \/>\n<link rel=\"canonical\" href=\"https:\/\/caranorte.es\/en\/contact-us\/\" \/>\n<meta property=\"og:locale\" content=\"en_US\" \/>\n<meta property=\"og:type\" content=\"article\" \/>\n<meta property=\"og:title\" content=\"Contact Us - CaraNorte Ingenieros\" \/>\n<meta property=\"og:description\" content=\"[vc_row][vc_column][vc_icon icon_fontawesome=&#8221;fas fa-map-marker-alt&#8221; color=&#8221;custom&#8221; align=&#8221;center&#8221; custom_color=&#8221;#3b91b8&#8243;][vc_column_text] C\/ Pineta 1, I Nave 9, Pol\u00edgono Valdeconsejo, 50410 Cuarte de Huerva (Zaragoza) [\/vc_column_text][vc_row_inner][vc_column_inner width=&#8221;1\/2&#8243;][vc_icon icon_fontawesome=&#8221;fas fa-envelope&#8221; color=&#8221;custom&#8221; align=&#8221;center&#8221; custom_color=&#8221;#3b91b8&#8243;][vc_column_text] info@caranorte.es [\/vc_column_text][\/vc_column_inner][vc_column_inner width=&#8221;1\/2&#8243;][vc_icon icon_fontawesome=&#8221;fas fa-phone-alt&#8221; color=&#8221;custom&#8221; align=&#8221;center&#8221; custom_color=&#8221;#3b91b8&#8243;][vc_column_text] (+34) 876 26 15 88 [\/vc_column_text][\/vc_column_inner][\/vc_row_inner][\/vc_column][\/vc_row][vc_row][vc_column][\/vc_column][\/vc_row][vc_row full_width=&#8221;stretch_row_content_no_spaces&#8221;][vc_column][vc_gmaps link=&#8221;#E-8_JTNDaWZyYW1lJTIwc3JjJTNEJTIyaHR0cHMlM0ElMkYlMkZ3d3cuZ29vZ2xlLmNvbSUyRm1hcHMlMkZlbWJlZCUzRnBiJTNEJTIxMW0xNCUyMTFtOCUyMTFtMyUyMTFkMjM4NzIuODk2NjM5NjUxMzglMjEyZC0wLjkxOTkyOCUyMTNkNDEuNTg4NDU4JTIxM20yJTIxMWkxMDI0JTIxMmk3NjglMjE0ZjEzLjElMjEzbTMlMjExbTIlMjExczB4MCUyNTNBMHhlMjY3MDdhMmU3NDM5ZTZjJTIxMnNDYXJhTm9ydGUlMjUyMEluZ2VuaWVyb3MlMjE1ZTAlMjEzbTIlMjExc2VzJTIxMnN1cyUyMTR2MTYyNDQ0OTgwMjAyMCUyMTVtMiUyMTFzZXMlMjEyc3VzJTIyJTIwd2lkdGglM0QlMjIxMDAlMjUlMjIlMjBoZWlnaHQlM0QlMjI1MDAlMjIlMjBzdHlsZSUzRCUyMmJvcmRlciUzQTAlM0IlMjIlMjBhbGxvd2Z1bGxzY3JlZW4lM0QlMjIlMjIlMjBsb2FkaW5nJTNEJTIybGF6eSUyMiUzRSUzQyUyRmlmcmFtZSUzRQ==&#8221;][\/vc_column][\/vc_row]\" \/>\n<meta property=\"og:url\" content=\"https:\/\/caranorte.es\/en\/contact-us\/\" \/>\n<meta property=\"og:site_name\" content=\"CaraNorte Ingenieros\" \/>\n<meta property=\"article:modified_time\" content=\"2021-07-23T07:02:47+00:00\" \/>\n<meta name=\"twitter:card\" content=\"summary_large_image\" \/>\n<meta name=\"twitter:label1\" content=\"Est. reading time\" \/>\n\t<meta name=\"twitter:data1\" content=\"1 minute\" \/>\n<script type=\"application\/ld+json\" class=\"yoast-schema-graph\">{\"@context\":\"https:\/\/schema.org\",\"@graph\":[{\"@type\":\"WebPage\",\"@id\":\"https:\/\/caranorte.es\/en\/contact-us\/\",\"url\":\"https:\/\/caranorte.es\/en\/contact-us\/\",\"name\":\"Contact Us - CaraNorte Ingenieros\",\"isPartOf\":{\"@id\":\"https:\/\/caranorte.es\/en\/#website\"},\"datePublished\":\"2021-06-22T10:01:44+00:00\",\"dateModified\":\"2021-07-23T07:02:47+00:00\",\"breadcrumb\":{\"@id\":\"https:\/\/caranorte.es\/en\/contact-us\/#breadcrumb\"},\"inLanguage\":\"en-US\",\"potentialAction\":[{\"@type\":\"ReadAction\",\"target\":[\"https:\/\/caranorte.es\/en\/contact-us\/\"]}]},{\"@type\":\"BreadcrumbList\",\"@id\":\"https:\/\/caranorte.es\/en\/contact-us\/#breadcrumb\",\"itemListElement\":[{\"@type\":\"ListItem\",\"position\":1,\"name\":\"Portada\",\"item\":\"https:\/\/caranorte.es\/en\/\"},{\"@type\":\"ListItem\",\"position\":2,\"name\":\"Contact Us\"}]},{\"@type\":\"WebSite\",\"@id\":\"https:\/\/caranorte.es\/en\/#website\",\"url\":\"https:\/\/caranorte.es\/en\/\",\"name\":\"CaraNorte Ingenieros\",\"description\":\"CaraNorte Ingenieros, ingenier\u00eda y servicios t\u00e9cnicos especializados en el \u00e1mbito de la monta\u00f1a\",\"potentialAction\":[{\"@type\":\"SearchAction\",\"target\":{\"@type\":\"EntryPoint\",\"urlTemplate\":\"https:\/\/caranorte.es\/en\/?s={search_term_string}\"},\"query-input\":\"required name=search_term_string\"}],\"inLanguage\":\"en-US\"}]}<\/script>\n<!-- \/ Yoast SEO plugin. -->","yoast_head_json":{"title":"Contact Us - CaraNorte Ingenieros","robots":{"index":"index","follow":"follow","max-snippet":"max-snippet:-1","max-image-preview":"max-image-preview:large","max-video-preview":"max-video-preview:-1"},"canonical":"https:\/\/caranorte.es\/en\/contact-us\/","og_locale":"en_US","og_type":"article","og_title":"Contact Us - CaraNorte Ingenieros","og_description":"[vc_row][vc_column][vc_icon icon_fontawesome=&#8221;fas fa-map-marker-alt&#8221; color=&#8221;custom&#8221; align=&#8221;center&#8221; custom_color=&#8221;#3b91b8&#8243;][vc_column_text] C\/ Pineta 1, I Nave 9, Pol\u00edgono Valdeconsejo, 50410 Cuarte de Huerva (Zaragoza) [\/vc_column_text][vc_row_inner][vc_column_inner width=&#8221;1\/2&#8243;][vc_icon icon_fontawesome=&#8221;fas fa-envelope&#8221; color=&#8221;custom&#8221; align=&#8221;center&#8221; custom_color=&#8221;#3b91b8&#8243;][vc_column_text] info@caranorte.es [\/vc_column_text][\/vc_column_inner][vc_column_inner width=&#8221;1\/2&#8243;][vc_icon icon_fontawesome=&#8221;fas fa-phone-alt&#8221; color=&#8221;custom&#8221; align=&#8221;center&#8221; custom_color=&#8221;#3b91b8&#8243;][vc_column_text] (+34) 876 26 15 88 [\/vc_column_text][\/vc_column_inner][\/vc_row_inner][\/vc_column][\/vc_row][vc_row][vc_column][\/vc_column][\/vc_row][vc_row full_width=&#8221;stretch_row_content_no_spaces&#8221;][vc_column][vc_gmaps link=&#8221;#E-8_JTNDaWZyYW1lJTIwc3JjJTNEJTIyaHR0cHMlM0ElMkYlMkZ3d3cuZ29vZ2xlLmNvbSUyRm1hcHMlMkZlbWJlZCUzRnBiJTNEJTIxMW0xNCUyMTFtOCUyMTFtMyUyMTFkMjM4NzIuODk2NjM5NjUxMzglMjEyZC0wLjkxOTkyOCUyMTNkNDEuNTg4NDU4JTIxM20yJTIxMWkxMDI0JTIxMmk3NjglMjE0ZjEzLjElMjEzbTMlMjExbTIlMjExczB4MCUyNTNBMHhlMjY3MDdhMmU3NDM5ZTZjJTIxMnNDYXJhTm9ydGUlMjUyMEluZ2VuaWVyb3MlMjE1ZTAlMjEzbTIlMjExc2VzJTIxMnN1cyUyMTR2MTYyNDQ0OTgwMjAyMCUyMTVtMiUyMTFzZXMlMjEyc3VzJTIyJTIwd2lkdGglM0QlMjIxMDAlMjUlMjIlMjBoZWlnaHQlM0QlMjI1MDAlMjIlMjBzdHlsZSUzRCUyMmJvcmRlciUzQTAlM0IlMjIlMjBhbGxvd2Z1bGxzY3JlZW4lM0QlMjIlMjIlMjBsb2FkaW5nJTNEJTIybGF6eSUyMiUzRSUzQyUyRmlmcmFtZSUzRQ==&#8221;][\/vc_column][\/vc_row]","og_url":"https:\/\/caranorte.es\/en\/contact-us\/","og_site_name":"CaraNorte Ingenieros","article_modified_time":"2021-07-23T07:02:47+00:00","twitter_card":"summary_large_image","twitter_misc":{"Est. reading time":"1 minute"},"schema":{"@context":"https:\/\/schema.org","@graph":[{"@type":"WebPage","@id":"https:\/\/caranorte.es\/en\/contact-us\/","url":"https:\/\/caranorte.es\/en\/contact-us\/","name":"Contact Us - CaraNorte Ingenieros","isPartOf":{"@id":"https:\/\/caranorte.es\/en\/#website"},"datePublished":"2021-06-22T10:01:44+00:00","dateModified":"2021-07-23T07:02:47+00:00","breadcrumb":{"@id":"https:\/\/caranorte.es\/en\/contact-us\/#breadcrumb"},"inLanguage":"en-US","potentialAction":[{"@type":"ReadAction","target":["https:\/\/caranorte.es\/en\/contact-us\/"]}]},{"@type":"BreadcrumbList","@id":"https:\/\/caranorte.es\/en\/contact-us\/#breadcrumb","itemListElement":[{"@type":"ListItem","position":1,"name":"Portada","item":"https:\/\/caranorte.es\/en\/"},{"@type":"ListItem","position":2,"name":"Contact Us"}]},{"@type":"WebSite","@id":"https:\/\/caranorte.es\/en\/#website","url":"https:\/\/caranorte.es\/en\/","name":"CaraNorte Ingenieros","description":"CaraNorte Ingenieros, ingenier\u00eda y servicios t\u00e9cnicos especializados en el \u00e1mbito de la monta\u00f1a","potentialAction":[{"@type":"SearchAction","target":{"@type":"EntryPoint","urlTemplate":"https:\/\/caranorte.es\/en\/?s={search_term_string}"},"query-input":"required name=search_term_string"}],"inLanguage":"en-US"}]}},"_links":{"self":[{"href":"https:\/\/caranorte.es\/en\/wp-json\/wp\/v2\/pages\/431"}],"collection":[{"href":"https:\/\/caranorte.es\/en\/wp-json\/wp\/v2\/pages"}],"about":[{"href":"https:\/\/caranorte.es\/en\/wp-json\/wp\/v2\/types\/page"}],"author":[{"embeddable":true,"href":"https:\/\/caranorte.es\/en\/wp-json\/wp\/v2\/users\/1"}],"replies":[{"embeddable":true,"href":"https:\/\/caranorte.es\/en\/wp-json\/wp\/v2\/comments?post=431"}],"version-history":[{"count":4,"href":"https:\/\/caranorte.es\/en\/wp-json\/wp\/v2\/pages\/431\/revisions"}],"predecessor-version":[{"id":480,"href":"https:\/\/caranorte.es\/en\/wp-json\/wp\/v2\/pages\/431\/revisions\/480"}],"wp:attachment":[{"href":"https:\/\/caranorte.es\/en\/wp-json\/wp\/v2\/media?parent=431"}],"curies":[{"name":"wp","href":"https:\/\/api.w.org\/{rel}","templated":true}]}}