{"id":433,"date":"2021-06-22T10:01:17","date_gmt":"2021-06-22T10:01:17","guid":{"rendered":"https:\/\/caranorte.es\/quienes-nosotros\/"},"modified":"2021-07-23T06:52:33","modified_gmt":"2021-07-23T06:52:33","slug":"about-us","status":"publish","type":"page","link":"https:\/\/caranorte.es\/en\/about-us\/","title":{"rendered":"About Us"},"content":{"rendered":"<p>[vc_row][vc_column][vc_column_text]<\/p>\n<h2 style=\"text-align: center;\">History<\/h2>\n<p style=\"text-align: center;\"><strong>CaraNorte Ingenieros<\/strong> is a Spanish company founded in 2000, with a clear focus on providing expert technical advice and services to Spanish ski resorts, involving mainly ropeway transportation systems.<\/p>\n<p style=\"text-align: center;\">During time, its business activities have been diversifying, covering a wider scope of services aimed at increasing the operational efficiency and profitability of ski resorts.<\/p>\n<p style=\"text-align: center;\">CaraNorte Ingenieros is currently the Spanish leading company providing a wide range of professional services to ski resorts.<\/p>\n<p>[\/vc_column_text][vc_empty_space height=&#8221;50px&#8221;][vc_column_text]<\/p>\n<h2 style=\"text-align: center;\">Vision, Mission and Corporate Objectives<\/h2>\n<h3 style=\"text-align: center;\">VISION:<\/h3>\n<p style=\"text-align: center;\">Ski resorts need specific and expert services to increase its operational efficiency, to improve the customer&#8217;s experience and, therefore, to increase its profitability.<\/p>\n<h3 style=\"text-align: center;\">MISSION:<\/h3>\n<p style=\"text-align: center;\">CaraNorte Ingenieros intends to keep its current position as the Spanish reference company at providing specialized services to ski resorts, enhancing and improving its services portfolio.<\/p>\n<h3 style=\"text-align: center;\">CORPORATE OBJECTIVES:<\/h3>\n<p style=\"text-align: center;\">Integral Services Portfolio<br \/>\nExcellent Services Delivery<br \/>\nPermanent Training and Innovation<\/p>\n<p>[\/vc_column_text][\/vc_column][\/vc_row][vc_row full_width=&#8221;stretch_row_content_no_spaces&#8221;][vc_column][vc_media_grid element_width=&#8221;3&#8243; gap=&#8221;0&#8243; grid_id=&#8221;vc_gid:1627023139983-dcd04ff4-f80a-7&#8243; include=&#8221;65,66,67,69&#8243;][\/vc_column][\/vc_row]<\/p>\n","protected":false},"excerpt":{"rendered":"<p>[vc_row][vc_column][vc_column_text] History CaraNorte Ingenieros is a Spanish company founded in 2000, with a clear focus on providing expert technical advice and services to Spanish ski resorts, involving mainly ropeway transportation systems. During time, its business activities have been diversifying, covering a wider scope of services aimed at increasing the operational efficiency and profitability of ski [&hellip;]<\/p>\n","protected":false},"author":1,"featured_media":0,"parent":0,"menu_order":0,"comment_status":"closed","ping_status":"closed","template":"","meta":{"_genesis_hide_title":false,"_genesis_hide_breadcrumbs":false,"_genesis_hide_singular_image":false,"_genesis_hide_footer_widgets":false,"_genesis_custom_body_class":"lineas-negocio","_genesis_custom_post_class":"","_genesis_layout":"","footnotes":""},"yoast_head":"<!-- This site is optimized with the Yoast SEO plugin v22.3 - https:\/\/yoast.com\/wordpress\/plugins\/seo\/ -->\n<title>About Us - CaraNorte Ingenieros<\/title>\n<meta name=\"robots\" content=\"index, follow, max-snippet:-1, max-image-preview:large, max-video-preview:-1\" \/>\n<link rel=\"canonical\" href=\"https:\/\/caranorte.es\/en\/about-us\/\" \/>\n<meta property=\"og:locale\" content=\"en_US\" \/>\n<meta property=\"og:type\" content=\"article\" \/>\n<meta property=\"og:title\" content=\"About Us - CaraNorte Ingenieros\" \/>\n<meta property=\"og:description\" content=\"[vc_row][vc_column][vc_column_text] History CaraNorte Ingenieros is a Spanish company founded in 2000, with a clear focus on providing expert technical advice and services to Spanish ski resorts, involving mainly ropeway transportation systems. During time, its business activities have been diversifying, covering a wider scope of services aimed at increasing the operational efficiency and profitability of ski [&hellip;]\" \/>\n<meta property=\"og:url\" content=\"https:\/\/caranorte.es\/en\/about-us\/\" \/>\n<meta property=\"og:site_name\" content=\"CaraNorte Ingenieros\" \/>\n<meta property=\"article:modified_time\" content=\"2021-07-23T06:52:33+00:00\" \/>\n<meta name=\"twitter:card\" content=\"summary_large_image\" \/>\n<meta name=\"twitter:label1\" content=\"Est. reading time\" \/>\n\t<meta name=\"twitter:data1\" content=\"1 minute\" \/>\n<script type=\"application\/ld+json\" class=\"yoast-schema-graph\">{\"@context\":\"https:\/\/schema.org\",\"@graph\":[{\"@type\":\"WebPage\",\"@id\":\"https:\/\/caranorte.es\/en\/about-us\/\",\"url\":\"https:\/\/caranorte.es\/en\/about-us\/\",\"name\":\"About Us - CaraNorte Ingenieros\",\"isPartOf\":{\"@id\":\"https:\/\/caranorte.es\/en\/#website\"},\"datePublished\":\"2021-06-22T10:01:17+00:00\",\"dateModified\":\"2021-07-23T06:52:33+00:00\",\"breadcrumb\":{\"@id\":\"https:\/\/caranorte.es\/en\/about-us\/#breadcrumb\"},\"inLanguage\":\"en-US\",\"potentialAction\":[{\"@type\":\"ReadAction\",\"target\":[\"https:\/\/caranorte.es\/en\/about-us\/\"]}]},{\"@type\":\"BreadcrumbList\",\"@id\":\"https:\/\/caranorte.es\/en\/about-us\/#breadcrumb\",\"itemListElement\":[{\"@type\":\"ListItem\",\"position\":1,\"name\":\"Portada\",\"item\":\"https:\/\/caranorte.es\/en\/\"},{\"@type\":\"ListItem\",\"position\":2,\"name\":\"About Us\"}]},{\"@type\":\"WebSite\",\"@id\":\"https:\/\/caranorte.es\/en\/#website\",\"url\":\"https:\/\/caranorte.es\/en\/\",\"name\":\"CaraNorte Ingenieros\",\"description\":\"CaraNorte Ingenieros, ingenier\u00eda y servicios t\u00e9cnicos especializados en el \u00e1mbito de la monta\u00f1a\",\"potentialAction\":[{\"@type\":\"SearchAction\",\"target\":{\"@type\":\"EntryPoint\",\"urlTemplate\":\"https:\/\/caranorte.es\/en\/?s={search_term_string}\"},\"query-input\":\"required name=search_term_string\"}],\"inLanguage\":\"en-US\"}]}<\/script>\n<!-- \/ Yoast SEO plugin. -->","yoast_head_json":{"title":"About Us - CaraNorte Ingenieros","robots":{"index":"index","follow":"follow","max-snippet":"max-snippet:-1","max-image-preview":"max-image-preview:large","max-video-preview":"max-video-preview:-1"},"canonical":"https:\/\/caranorte.es\/en\/about-us\/","og_locale":"en_US","og_type":"article","og_title":"About Us - CaraNorte Ingenieros","og_description":"[vc_row][vc_column][vc_column_text] History CaraNorte Ingenieros is a Spanish company founded in 2000, with a clear focus on providing expert technical advice and services to Spanish ski resorts, involving mainly ropeway transportation systems. During time, its business activities have been diversifying, covering a wider scope of services aimed at increasing the operational efficiency and profitability of ski [&hellip;]","og_url":"https:\/\/caranorte.es\/en\/about-us\/","og_site_name":"CaraNorte Ingenieros","article_modified_time":"2021-07-23T06:52:33+00:00","twitter_card":"summary_large_image","twitter_misc":{"Est. reading time":"1 minute"},"schema":{"@context":"https:\/\/schema.org","@graph":[{"@type":"WebPage","@id":"https:\/\/caranorte.es\/en\/about-us\/","url":"https:\/\/caranorte.es\/en\/about-us\/","name":"About Us - CaraNorte Ingenieros","isPartOf":{"@id":"https:\/\/caranorte.es\/en\/#website"},"datePublished":"2021-06-22T10:01:17+00:00","dateModified":"2021-07-23T06:52:33+00:00","breadcrumb":{"@id":"https:\/\/caranorte.es\/en\/about-us\/#breadcrumb"},"inLanguage":"en-US","potentialAction":[{"@type":"ReadAction","target":["https:\/\/caranorte.es\/en\/about-us\/"]}]},{"@type":"BreadcrumbList","@id":"https:\/\/caranorte.es\/en\/about-us\/#breadcrumb","itemListElement":[{"@type":"ListItem","position":1,"name":"Portada","item":"https:\/\/caranorte.es\/en\/"},{"@type":"ListItem","position":2,"name":"About Us"}]},{"@type":"WebSite","@id":"https:\/\/caranorte.es\/en\/#website","url":"https:\/\/caranorte.es\/en\/","name":"CaraNorte Ingenieros","description":"CaraNorte Ingenieros, ingenier\u00eda y servicios t\u00e9cnicos especializados en el \u00e1mbito de la monta\u00f1a","potentialAction":[{"@type":"SearchAction","target":{"@type":"EntryPoint","urlTemplate":"https:\/\/caranorte.es\/en\/?s={search_term_string}"},"query-input":"required name=search_term_string"}],"inLanguage":"en-US"}]}},"_links":{"self":[{"href":"https:\/\/caranorte.es\/en\/wp-json\/wp\/v2\/pages\/433"}],"collection":[{"href":"https:\/\/caranorte.es\/en\/wp-json\/wp\/v2\/pages"}],"about":[{"href":"https:\/\/caranorte.es\/en\/wp-json\/wp\/v2\/types\/page"}],"author":[{"embeddable":true,"href":"https:\/\/caranorte.es\/en\/wp-json\/wp\/v2\/users\/1"}],"replies":[{"embeddable":true,"href":"https:\/\/caranorte.es\/en\/wp-json\/wp\/v2\/comments?post=433"}],"version-history":[{"count":4,"href":"https:\/\/caranorte.es\/en\/wp-json\/wp\/v2\/pages\/433\/revisions"}],"predecessor-version":[{"id":472,"href":"https:\/\/caranorte.es\/en\/wp-json\/wp\/v2\/pages\/433\/revisions\/472"}],"wp:attachment":[{"href":"https:\/\/caranorte.es\/en\/wp-json\/wp\/v2\/media?parent=433"}],"curies":[{"name":"wp","href":"https:\/\/api.w.org\/{rel}","templated":true}]}}