{"id":435,"date":"2021-06-24T06:15:05","date_gmt":"2021-06-24T06:15:05","guid":{"rendered":"https:\/\/caranorte.es\/lineas-de-negocio\/"},"modified":"2021-07-23T07:36:54","modified_gmt":"2021-07-23T07:36:54","slug":"business-lines","status":"publish","type":"page","link":"https:\/\/caranorte.es\/en\/business-lines\/","title":{"rendered":"Business Lines"},"content":{"rendered":"<p>[vc_row][vc_column][vc_row_inner gap=&#8221;5&#8243;][vc_column_inner width=&#8221;1\/2&#8243;][vc_single_image image=&#8221;483&#8243; img_size=&#8221;700&#215;500&#8243; alignment=&#8221;center&#8221; onclick=&#8221;custom_link&#8221; css_animation=&#8221;fadeInLeft&#8221; link=&#8221;https:\/\/caranorte.es\/montaje-de-remontes-mecanicos\/&#8221;][vc_column_text css_animation=&#8221;fadeInLeft&#8221;]<\/p>\n<h2 style=\"text-align: center;\"><a href=\"https:\/\/caranorte.es\/en\/ropeways-assembly\/\">Ropeways assembly<\/a><\/h2>\n<p>[\/vc_column_text][\/vc_column_inner][vc_column_inner width=&#8221;1\/2&#8243;][vc_single_image image=&#8221;492&#8243; img_size=&#8221;700&#215;500&#8243; alignment=&#8221;center&#8221; onclick=&#8221;custom_link&#8221; css_animation=&#8221;fadeInRight&#8221; link=&#8221;https:\/\/caranorte.es\/mantenimiento-de-remontes-mecanicos\/&#8221;][vc_column_text css_animation=&#8221;fadeInRight&#8221;]<\/p>\n<h2 style=\"text-align: center;\"><a href=\"https:\/\/caranorte.es\/en\/ropeways-maintenance\/\">Ropeways maintenance<\/a><\/h2>\n<p>[\/vc_column_text][\/vc_column_inner][\/vc_row_inner][vc_row_inner gap=&#8221;5&#8243;][vc_column_inner width=&#8221;1\/2&#8243;][vc_single_image image=&#8221;500&#8243; img_size=&#8221;700&#215;500&#8243; alignment=&#8221;center&#8221; onclick=&#8221;custom_link&#8221; css_animation=&#8221;fadeInLeft&#8221; link=&#8221;https:\/\/caranorte.es\/telefericos-de-carga-y-de-montaje\/&#8221;][vc_column_text css_animation=&#8221;fadeInLeft&#8221;]<\/p>\n<h2 style=\"text-align: center;\"><a href=\"https:\/\/caranorte.es\/en\/cable-cranes\/\">Cable cranes<\/a><\/h2>\n<p>[\/vc_column_text][\/vc_column_inner][vc_column_inner width=&#8221;1\/2&#8243;][vc_single_image image=&#8221;511&#8243; img_size=&#8221;700&#215;500&#8243; alignment=&#8221;center&#8221; onclick=&#8221;custom_link&#8221; css_animation=&#8221;fadeInRight&#8221; link=&#8221;https:\/\/caranorte.es\/consultoria-de-montaje\/&#8221;][vc_column_text css_animation=&#8221;fadeInRight&#8221;]<\/p>\n<h2 style=\"text-align: center;\"><a href=\"https:\/\/caranorte.es\/en\/general-assembly-consultancy\/\">General assembly consultancy<\/a><\/h2>\n<p>[\/vc_column_text][\/vc_column_inner][\/vc_row_inner][vc_row_inner gap=&#8221;5&#8243;][vc_column_inner width=&#8221;1\/2&#8243;][vc_single_image image=&#8221;518&#8243; img_size=&#8221;700&#215;500&#8243; alignment=&#8221;center&#8221; onclick=&#8221;custom_link&#8221; css_animation=&#8221;fadeInLeft&#8221; link=&#8221;https:\/\/caranorte.es\/explotacion-y-mantenimiento-de-estaciones-de-esqui\/&#8221;][vc_column_text css_animation=&#8221;fadeInLeft&#8221;]<\/p>\n<h2 style=\"text-align: center;\"><a href=\"https:\/\/caranorte.es\/en\/ski-resorts-operation-services\/\">Ski resorts operation services<\/a><\/h2>\n<p>[\/vc_column_text][\/vc_column_inner][vc_column_inner width=&#8221;1\/2&#8243;][vc_single_image image=&#8221;524&#8243; img_size=&#8221;700&#215;500&#8243; alignment=&#8221;center&#8221; onclick=&#8221;custom_link&#8221; css_animation=&#8221;fadeInRight&#8221; link=&#8221;https:\/\/caranorte.es\/software-gem-y-metodologia-de-mantenimiento\/&#8221;][vc_column_text css_animation=&#8221;fadeInRight&#8221;]<\/p>\n<h2 style=\"text-align: center;\"><a href=\"https:\/\/caranorte.es\/en\/gem-software-and-maintenance-metodology\/\">GEM Software and Maintenance Metodology<\/a><\/h2>\n<p>[\/vc_column_text][\/vc_column_inner][\/vc_row_inner][vc_row_inner gap=&#8221;5&#8243;][vc_column_inner width=&#8221;1\/4&#8243;][\/vc_column_inner][vc_column_inner width=&#8221;1\/2&#8243;][vc_single_image image=&#8221;529&#8243; img_size=&#8221;700&#215;500&#8243; alignment=&#8221;center&#8221; onclick=&#8221;custom_link&#8221; css_animation=&#8221;fadeInLeft&#8221; link=&#8221;https:\/\/caranorte.es\/tendido-y-sustitucion-de-cables\/&#8221;][vc_column_text css_animation=&#8221;fadeInLeft&#8221;]<\/p>\n<h2 style=\"text-align: center;\"><a href=\"https:\/\/caranorte.es\/en\/laying-and-replacing-cables\/\">Laying and replacing cables<\/a><\/h2>\n<p>[\/vc_column_text][\/vc_column_inner][vc_column_inner width=&#8221;1\/4&#8243;][\/vc_column_inner][\/vc_row_inner][\/vc_column][\/vc_row]<\/p>\n","protected":false},"excerpt":{"rendered":"<p>[vc_row][vc_column][vc_row_inner gap=&#8221;5&#8243;][vc_column_inner width=&#8221;1\/2&#8243;][vc_single_image image=&#8221;483&#8243; img_size=&#8221;700&#215;500&#8243; alignment=&#8221;center&#8221; onclick=&#8221;custom_link&#8221; css_animation=&#8221;fadeInLeft&#8221; link=&#8221;https:\/\/caranorte.es\/montaje-de-remontes-mecanicos\/&#8221;][vc_column_text css_animation=&#8221;fadeInLeft&#8221;] Ropeways assembly [\/vc_column_text][\/vc_column_inner][vc_column_inner width=&#8221;1\/2&#8243;][vc_single_image image=&#8221;492&#8243; img_size=&#8221;700&#215;500&#8243; alignment=&#8221;center&#8221; onclick=&#8221;custom_link&#8221; css_animation=&#8221;fadeInRight&#8221; link=&#8221;https:\/\/caranorte.es\/mantenimiento-de-remontes-mecanicos\/&#8221;][vc_column_text css_animation=&#8221;fadeInRight&#8221;] Ropeways maintenance [\/vc_column_text][\/vc_column_inner][\/vc_row_inner][vc_row_inner gap=&#8221;5&#8243;][vc_column_inner width=&#8221;1\/2&#8243;][vc_single_image image=&#8221;500&#8243; img_size=&#8221;700&#215;500&#8243; alignment=&#8221;center&#8221; onclick=&#8221;custom_link&#8221; css_animation=&#8221;fadeInLeft&#8221; link=&#8221;https:\/\/caranorte.es\/telefericos-de-carga-y-de-montaje\/&#8221;][vc_column_text css_animation=&#8221;fadeInLeft&#8221;] Cable cranes [\/vc_column_text][\/vc_column_inner][vc_column_inner width=&#8221;1\/2&#8243;][vc_single_image image=&#8221;511&#8243; img_size=&#8221;700&#215;500&#8243; alignment=&#8221;center&#8221; onclick=&#8221;custom_link&#8221; css_animation=&#8221;fadeInRight&#8221; link=&#8221;https:\/\/caranorte.es\/consultoria-de-montaje\/&#8221;][vc_column_text css_animation=&#8221;fadeInRight&#8221;] General assembly consultancy [\/vc_column_text][\/vc_column_inner][\/vc_row_inner][vc_row_inner gap=&#8221;5&#8243;][vc_column_inner width=&#8221;1\/2&#8243;][vc_single_image image=&#8221;518&#8243; img_size=&#8221;700&#215;500&#8243; alignment=&#8221;center&#8221; onclick=&#8221;custom_link&#8221; css_animation=&#8221;fadeInLeft&#8221; [&hellip;]<\/p>\n","protected":false},"author":1,"featured_media":0,"parent":0,"menu_order":0,"comment_status":"closed","ping_status":"closed","template":"","meta":{"_genesis_hide_title":false,"_genesis_hide_breadcrumbs":false,"_genesis_hide_singular_image":false,"_genesis_hide_footer_widgets":false,"_genesis_custom_body_class":"lineas-negocio","_genesis_custom_post_class":"","_genesis_layout":"","footnotes":""},"yoast_head":"<!-- This site is optimized with the Yoast SEO plugin v22.3 - https:\/\/yoast.com\/wordpress\/plugins\/seo\/ -->\n<title>Business Lines - CaraNorte Ingenieros<\/title>\n<meta name=\"robots\" content=\"index, follow, max-snippet:-1, max-image-preview:large, max-video-preview:-1\" \/>\n<link rel=\"canonical\" href=\"https:\/\/caranorte.es\/en\/business-lines\/\" \/>\n<meta property=\"og:locale\" content=\"en_US\" \/>\n<meta property=\"og:type\" content=\"article\" \/>\n<meta property=\"og:title\" content=\"Business Lines - CaraNorte Ingenieros\" \/>\n<meta property=\"og:description\" content=\"[vc_row][vc_column][vc_row_inner gap=&#8221;5&#8243;][vc_column_inner width=&#8221;1\/2&#8243;][vc_single_image image=&#8221;483&#8243; img_size=&#8221;700&#215;500&#8243; alignment=&#8221;center&#8221; onclick=&#8221;custom_link&#8221; css_animation=&#8221;fadeInLeft&#8221; link=&#8221;https:\/\/caranorte.es\/montaje-de-remontes-mecanicos\/&#8221;][vc_column_text css_animation=&#8221;fadeInLeft&#8221;] Ropeways assembly [\/vc_column_text][\/vc_column_inner][vc_column_inner width=&#8221;1\/2&#8243;][vc_single_image image=&#8221;492&#8243; img_size=&#8221;700&#215;500&#8243; alignment=&#8221;center&#8221; onclick=&#8221;custom_link&#8221; css_animation=&#8221;fadeInRight&#8221; link=&#8221;https:\/\/caranorte.es\/mantenimiento-de-remontes-mecanicos\/&#8221;][vc_column_text css_animation=&#8221;fadeInRight&#8221;] Ropeways maintenance [\/vc_column_text][\/vc_column_inner][\/vc_row_inner][vc_row_inner gap=&#8221;5&#8243;][vc_column_inner width=&#8221;1\/2&#8243;][vc_single_image image=&#8221;500&#8243; img_size=&#8221;700&#215;500&#8243; alignment=&#8221;center&#8221; onclick=&#8221;custom_link&#8221; css_animation=&#8221;fadeInLeft&#8221; link=&#8221;https:\/\/caranorte.es\/telefericos-de-carga-y-de-montaje\/&#8221;][vc_column_text css_animation=&#8221;fadeInLeft&#8221;] Cable cranes [\/vc_column_text][\/vc_column_inner][vc_column_inner width=&#8221;1\/2&#8243;][vc_single_image image=&#8221;511&#8243; img_size=&#8221;700&#215;500&#8243; alignment=&#8221;center&#8221; onclick=&#8221;custom_link&#8221; css_animation=&#8221;fadeInRight&#8221; link=&#8221;https:\/\/caranorte.es\/consultoria-de-montaje\/&#8221;][vc_column_text css_animation=&#8221;fadeInRight&#8221;] General assembly consultancy [\/vc_column_text][\/vc_column_inner][\/vc_row_inner][vc_row_inner gap=&#8221;5&#8243;][vc_column_inner width=&#8221;1\/2&#8243;][vc_single_image image=&#8221;518&#8243; img_size=&#8221;700&#215;500&#8243; alignment=&#8221;center&#8221; onclick=&#8221;custom_link&#8221; css_animation=&#8221;fadeInLeft&#8221; [&hellip;]\" \/>\n<meta property=\"og:url\" content=\"https:\/\/caranorte.es\/en\/business-lines\/\" \/>\n<meta property=\"og:site_name\" content=\"CaraNorte Ingenieros\" \/>\n<meta property=\"article:modified_time\" content=\"2021-07-23T07:36:54+00:00\" \/>\n<meta name=\"twitter:card\" content=\"summary_large_image\" \/>\n<meta name=\"twitter:label1\" content=\"Est. reading time\" \/>\n\t<meta name=\"twitter:data1\" content=\"1 minute\" \/>\n<script type=\"application\/ld+json\" class=\"yoast-schema-graph\">{\"@context\":\"https:\/\/schema.org\",\"@graph\":[{\"@type\":\"WebPage\",\"@id\":\"https:\/\/caranorte.es\/en\/business-lines\/\",\"url\":\"https:\/\/caranorte.es\/en\/business-lines\/\",\"name\":\"Business Lines - CaraNorte Ingenieros\",\"isPartOf\":{\"@id\":\"https:\/\/caranorte.es\/en\/#website\"},\"datePublished\":\"2021-06-24T06:15:05+00:00\",\"dateModified\":\"2021-07-23T07:36:54+00:00\",\"breadcrumb\":{\"@id\":\"https:\/\/caranorte.es\/en\/business-lines\/#breadcrumb\"},\"inLanguage\":\"en-US\",\"potentialAction\":[{\"@type\":\"ReadAction\",\"target\":[\"https:\/\/caranorte.es\/en\/business-lines\/\"]}]},{\"@type\":\"BreadcrumbList\",\"@id\":\"https:\/\/caranorte.es\/en\/business-lines\/#breadcrumb\",\"itemListElement\":[{\"@type\":\"ListItem\",\"position\":1,\"name\":\"Portada\",\"item\":\"https:\/\/caranorte.es\/en\/\"},{\"@type\":\"ListItem\",\"position\":2,\"name\":\"Business Lines\"}]},{\"@type\":\"WebSite\",\"@id\":\"https:\/\/caranorte.es\/en\/#website\",\"url\":\"https:\/\/caranorte.es\/en\/\",\"name\":\"CaraNorte Ingenieros\",\"description\":\"CaraNorte Ingenieros, ingenier\u00eda y servicios t\u00e9cnicos especializados en el \u00e1mbito de la monta\u00f1a\",\"potentialAction\":[{\"@type\":\"SearchAction\",\"target\":{\"@type\":\"EntryPoint\",\"urlTemplate\":\"https:\/\/caranorte.es\/en\/?s={search_term_string}\"},\"query-input\":\"required name=search_term_string\"}],\"inLanguage\":\"en-US\"}]}<\/script>\n<!-- \/ Yoast SEO plugin. -->","yoast_head_json":{"title":"Business Lines - CaraNorte Ingenieros","robots":{"index":"index","follow":"follow","max-snippet":"max-snippet:-1","max-image-preview":"max-image-preview:large","max-video-preview":"max-video-preview:-1"},"canonical":"https:\/\/caranorte.es\/en\/business-lines\/","og_locale":"en_US","og_type":"article","og_title":"Business Lines - CaraNorte Ingenieros","og_description":"[vc_row][vc_column][vc_row_inner gap=&#8221;5&#8243;][vc_column_inner width=&#8221;1\/2&#8243;][vc_single_image image=&#8221;483&#8243; img_size=&#8221;700&#215;500&#8243; alignment=&#8221;center&#8221; onclick=&#8221;custom_link&#8221; css_animation=&#8221;fadeInLeft&#8221; link=&#8221;https:\/\/caranorte.es\/montaje-de-remontes-mecanicos\/&#8221;][vc_column_text css_animation=&#8221;fadeInLeft&#8221;] Ropeways assembly [\/vc_column_text][\/vc_column_inner][vc_column_inner width=&#8221;1\/2&#8243;][vc_single_image image=&#8221;492&#8243; img_size=&#8221;700&#215;500&#8243; alignment=&#8221;center&#8221; onclick=&#8221;custom_link&#8221; css_animation=&#8221;fadeInRight&#8221; link=&#8221;https:\/\/caranorte.es\/mantenimiento-de-remontes-mecanicos\/&#8221;][vc_column_text css_animation=&#8221;fadeInRight&#8221;] Ropeways maintenance [\/vc_column_text][\/vc_column_inner][\/vc_row_inner][vc_row_inner gap=&#8221;5&#8243;][vc_column_inner width=&#8221;1\/2&#8243;][vc_single_image image=&#8221;500&#8243; img_size=&#8221;700&#215;500&#8243; alignment=&#8221;center&#8221; onclick=&#8221;custom_link&#8221; css_animation=&#8221;fadeInLeft&#8221; link=&#8221;https:\/\/caranorte.es\/telefericos-de-carga-y-de-montaje\/&#8221;][vc_column_text css_animation=&#8221;fadeInLeft&#8221;] Cable cranes [\/vc_column_text][\/vc_column_inner][vc_column_inner width=&#8221;1\/2&#8243;][vc_single_image image=&#8221;511&#8243; img_size=&#8221;700&#215;500&#8243; alignment=&#8221;center&#8221; onclick=&#8221;custom_link&#8221; css_animation=&#8221;fadeInRight&#8221; link=&#8221;https:\/\/caranorte.es\/consultoria-de-montaje\/&#8221;][vc_column_text css_animation=&#8221;fadeInRight&#8221;] General assembly consultancy [\/vc_column_text][\/vc_column_inner][\/vc_row_inner][vc_row_inner gap=&#8221;5&#8243;][vc_column_inner width=&#8221;1\/2&#8243;][vc_single_image image=&#8221;518&#8243; img_size=&#8221;700&#215;500&#8243; alignment=&#8221;center&#8221; onclick=&#8221;custom_link&#8221; css_animation=&#8221;fadeInLeft&#8221; [&hellip;]","og_url":"https:\/\/caranorte.es\/en\/business-lines\/","og_site_name":"CaraNorte Ingenieros","article_modified_time":"2021-07-23T07:36:54+00:00","twitter_card":"summary_large_image","twitter_misc":{"Est. reading time":"1 minute"},"schema":{"@context":"https:\/\/schema.org","@graph":[{"@type":"WebPage","@id":"https:\/\/caranorte.es\/en\/business-lines\/","url":"https:\/\/caranorte.es\/en\/business-lines\/","name":"Business Lines - CaraNorte Ingenieros","isPartOf":{"@id":"https:\/\/caranorte.es\/en\/#website"},"datePublished":"2021-06-24T06:15:05+00:00","dateModified":"2021-07-23T07:36:54+00:00","breadcrumb":{"@id":"https:\/\/caranorte.es\/en\/business-lines\/#breadcrumb"},"inLanguage":"en-US","potentialAction":[{"@type":"ReadAction","target":["https:\/\/caranorte.es\/en\/business-lines\/"]}]},{"@type":"BreadcrumbList","@id":"https:\/\/caranorte.es\/en\/business-lines\/#breadcrumb","itemListElement":[{"@type":"ListItem","position":1,"name":"Portada","item":"https:\/\/caranorte.es\/en\/"},{"@type":"ListItem","position":2,"name":"Business Lines"}]},{"@type":"WebSite","@id":"https:\/\/caranorte.es\/en\/#website","url":"https:\/\/caranorte.es\/en\/","name":"CaraNorte Ingenieros","description":"CaraNorte Ingenieros, ingenier\u00eda y servicios t\u00e9cnicos especializados en el \u00e1mbito de la monta\u00f1a","potentialAction":[{"@type":"SearchAction","target":{"@type":"EntryPoint","urlTemplate":"https:\/\/caranorte.es\/en\/?s={search_term_string}"},"query-input":"required name=search_term_string"}],"inLanguage":"en-US"}]}},"_links":{"self":[{"href":"https:\/\/caranorte.es\/en\/wp-json\/wp\/v2\/pages\/435"}],"collection":[{"href":"https:\/\/caranorte.es\/en\/wp-json\/wp\/v2\/pages"}],"about":[{"href":"https:\/\/caranorte.es\/en\/wp-json\/wp\/v2\/types\/page"}],"author":[{"embeddable":true,"href":"https:\/\/caranorte.es\/en\/wp-json\/wp\/v2\/users\/1"}],"replies":[{"embeddable":true,"href":"https:\/\/caranorte.es\/en\/wp-json\/wp\/v2\/comments?post=435"}],"version-history":[{"count":5,"href":"https:\/\/caranorte.es\/en\/wp-json\/wp\/v2\/pages\/435\/revisions"}],"predecessor-version":[{"id":564,"href":"https:\/\/caranorte.es\/en\/wp-json\/wp\/v2\/pages\/435\/revisions\/564"}],"wp:attachment":[{"href":"https:\/\/caranorte.es\/en\/wp-json\/wp\/v2\/media?parent=435"}],"curies":[{"name":"wp","href":"https:\/\/api.w.org\/{rel}","templated":true}]}}