{"id":437,"date":"2021-06-22T10:01:35","date_gmt":"2021-06-22T10:01:35","guid":{"rendered":"https:\/\/caranorte.es\/nuestros-clientes\/"},"modified":"2021-07-23T06:57:37","modified_gmt":"2021-07-23T06:57:37","slug":"our-customers","status":"publish","type":"page","link":"https:\/\/caranorte.es\/en\/our-customers\/","title":{"rendered":"Our customers"},"content":{"rendered":"<p>[vc_row][vc_column][vc_column_text]<\/p>\n<h3 style=\"text-align: center;\">Ropeway Sector<\/h3>\n<p>[\/vc_column_text][vc_column_text]<\/p>\n<div id='gallery-1' class='gallery galleryid-437 gallery-columns-3 gallery-size-full'><figure class='gallery-item'>\n\t\t\t<div class='gallery-icon landscape'>\n\t\t\t\t<img loading=\"lazy\" decoding=\"async\" width=\"140\" height=\"138\" src=\"https:\/\/caranorte.es\/wp-content\/uploads\/2021\/06\/logo-baqueira.jpeg\" class=\"attachment-full size-full\" alt=\"\" aria-describedby=\"gallery-1-442\" srcset=\"https:\/\/caranorte.es\/wp-content\/uploads\/2021\/06\/logo-baqueira.jpeg 140w, https:\/\/caranorte.es\/wp-content\/uploads\/2021\/06\/logo-baqueira-75x75.jpeg 75w\" sizes=\"(max-width: 140px) 100vw, 140px\" \/>\n\t\t\t<\/div>\n\t\t\t\t<figcaption class='wp-caption-text gallery-caption' id='gallery-1-442'>\n\t\t\t\tBAQUEIRA BERET\n\t\t\t\t<\/figcaption><\/figure><figure class='gallery-item'>\n\t\t\t<div class='gallery-icon portrait'>\n\t\t\t\t<img loading=\"lazy\" decoding=\"async\" width=\"145\" height=\"152\" src=\"https:\/\/caranorte.es\/wp-content\/uploads\/2021\/06\/logo-sierranevada.jpeg\" class=\"attachment-full size-full\" alt=\"\" aria-describedby=\"gallery-1-452\" \/>\n\t\t\t<\/div>\n\t\t\t\t<figcaption class='wp-caption-text gallery-caption' id='gallery-1-452'>\n\t\t\t\tSIERRA NEVADA\n\t\t\t\t<\/figcaption><\/figure><figure class='gallery-item'>\n\t\t\t<div class='gallery-icon landscape'>\n\t\t\t\t<img loading=\"lazy\" decoding=\"async\" width=\"140\" height=\"139\" src=\"https:\/\/caranorte.es\/wp-content\/uploads\/2021\/06\/logo-aramon.jpeg\" class=\"attachment-full size-full\" alt=\"\" aria-describedby=\"gallery-1-440\" srcset=\"https:\/\/caranorte.es\/wp-content\/uploads\/2021\/06\/logo-aramon.jpeg 140w, https:\/\/caranorte.es\/wp-content\/uploads\/2021\/06\/logo-aramon-75x75.jpeg 75w\" sizes=\"(max-width: 140px) 100vw, 140px\" \/>\n\t\t\t<\/div>\n\t\t\t\t<figcaption class='wp-caption-text gallery-caption' id='gallery-1-440'>\n\t\t\t\tARAM\u00d3N\n\t\t\t\t<\/figcaption><\/figure><figure class='gallery-item'>\n\t\t\t<div class='gallery-icon landscape'>\n\t\t\t\t<img loading=\"lazy\" decoding=\"async\" width=\"185\" height=\"82\" src=\"https:\/\/caranorte.es\/wp-content\/uploads\/2021\/06\/logo-fuentesinvierno.jpeg\" class=\"attachment-full size-full\" alt=\"\" aria-describedby=\"gallery-1-445\" \/>\n\t\t\t<\/div>\n\t\t\t\t<figcaption class='wp-caption-text gallery-caption' id='gallery-1-445'>\n\t\t\t\tFUENTES DE INVIERNO\n\t\t\t\t<\/figcaption><\/figure><figure class='gallery-item'>\n\t\t\t<div class='gallery-icon landscape'>\n\t\t\t\t<img loading=\"lazy\" decoding=\"async\" width=\"116\" height=\"99\" src=\"https:\/\/caranorte.es\/wp-content\/uploads\/2021\/06\/logo-candanchu.jpeg\" class=\"attachment-full size-full\" alt=\"\" aria-describedby=\"gallery-1-443\" \/>\n\t\t\t<\/div>\n\t\t\t\t<figcaption class='wp-caption-text gallery-caption' id='gallery-1-443'>\n\t\t\t\tCANDANCHU\n\t\t\t\t<\/figcaption><\/figure><figure class='gallery-item'>\n\t\t\t<div class='gallery-icon landscape'>\n\t\t\t\t<img loading=\"lazy\" decoding=\"async\" width=\"140\" height=\"135\" src=\"https:\/\/caranorte.es\/wp-content\/uploads\/2021\/06\/logo-san-isidro.jpeg\" class=\"attachment-full size-full\" alt=\"\" aria-describedby=\"gallery-1-451\" \/>\n\t\t\t<\/div>\n\t\t\t\t<figcaption class='wp-caption-text gallery-caption' id='gallery-1-451'>\n\t\t\t\tSAN ISIDRO\n\t\t\t\t<\/figcaption><\/figure><figure class='gallery-item'>\n\t\t\t<div class='gallery-icon portrait'>\n\t\t\t\t<img loading=\"lazy\" decoding=\"async\" width=\"132\" height=\"160\" src=\"https:\/\/caranorte.es\/wp-content\/uploads\/2021\/06\/logo-valdezcaray.jpeg\" class=\"attachment-full size-full\" alt=\"\" aria-describedby=\"gallery-1-453\" \/>\n\t\t\t<\/div>\n\t\t\t\t<figcaption class='wp-caption-text gallery-caption' id='gallery-1-453'>\n\t\t\t\tVALDEZCARAY\n\t\t\t\t<\/figcaption><\/figure><figure class='gallery-item'>\n\t\t\t<div class='gallery-icon portrait'>\n\t\t\t\t<img loading=\"lazy\" decoding=\"async\" width=\"140\" height=\"145\" src=\"https:\/\/caranorte.es\/wp-content\/uploads\/2021\/06\/logo-leitariegos.jpeg\" class=\"attachment-full size-full\" alt=\"\" aria-describedby=\"gallery-1-448\" \/>\n\t\t\t<\/div>\n\t\t\t\t<figcaption class='wp-caption-text gallery-caption' id='gallery-1-448'>\n\t\t\t\tLEITARIEGOS\n\t\t\t\t<\/figcaption><\/figure><figure class='gallery-item'>\n\t\t\t<div class='gallery-icon landscape'>\n\t\t\t\t<img loading=\"lazy\" decoding=\"async\" width=\"160\" height=\"57\" src=\"https:\/\/caranorte.es\/wp-content\/uploads\/2021\/06\/logo-pajares.jpeg\" class=\"attachment-full size-full\" alt=\"\" aria-describedby=\"gallery-1-450\" \/>\n\t\t\t<\/div>\n\t\t\t\t<figcaption class='wp-caption-text gallery-caption' id='gallery-1-450'>\n\t\t\t\tVALGRANDE PAJARES\n\t\t\t\t<\/figcaption><\/figure><figure class='gallery-item'>\n\t\t\t<div class='gallery-icon landscape'>\n\t\t\t\t<img loading=\"lazy\" decoding=\"async\" width=\"160\" height=\"39\" src=\"https:\/\/caranorte.es\/wp-content\/uploads\/2021\/06\/logo-aragon.jpeg\" class=\"attachment-full size-full\" alt=\"\" aria-describedby=\"gallery-1-438\" \/>\n\t\t\t<\/div>\n\t\t\t\t<figcaption class='wp-caption-text gallery-caption' id='gallery-1-438'>\n\t\t\t\tGOBERNO DE ARAG\u00d3N\n\t\t\t\t<\/figcaption><\/figure><figure class='gallery-item'>\n\t\t\t<div class='gallery-icon landscape'>\n\t\t\t\t<img loading=\"lazy\" decoding=\"async\" width=\"180\" height=\"53\" src=\"https:\/\/caranorte.es\/wp-content\/uploads\/2021\/06\/logo-doppelmayr.png\" class=\"attachment-full size-full\" alt=\"\" aria-describedby=\"gallery-1-454\" \/>\n\t\t\t<\/div>\n\t\t\t\t<figcaption class='wp-caption-text gallery-caption' id='gallery-1-454'>\n\t\t\t\tMI TELEF\u00c9RICO\n\t\t\t\t<\/figcaption><\/figure><figure class='gallery-item'>\n\t\t\t<div class='gallery-icon landscape'>\n\t\t\t\t<img loading=\"lazy\" decoding=\"async\" width=\"236\" height=\"38\" src=\"https:\/\/caranorte.es\/wp-content\/uploads\/2021\/06\/logo-tclisboa.png\" class=\"attachment-full size-full\" alt=\"\" aria-describedby=\"gallery-1-455\" \/>\n\t\t\t<\/div>\n\t\t\t\t<figcaption class='wp-caption-text gallery-caption' id='gallery-1-455'>\n\t\t\t\tTELECABINA DE LISBOA\n\t\t\t\t<\/figcaption><\/figure><figure class='gallery-item'>\n\t\t\t<div class='gallery-icon landscape'>\n\t\t\t\t<img loading=\"lazy\" decoding=\"async\" width=\"170\" height=\"59\" src=\"https:\/\/caranorte.es\/wp-content\/uploads\/2021\/06\/logo-fgc-1.jpeg\" class=\"attachment-full size-full\" alt=\"\" aria-describedby=\"gallery-1-456\" \/>\n\t\t\t<\/div>\n\t\t\t\t<figcaption class='wp-caption-text gallery-caption' id='gallery-1-456'>\n\t\t\t\tFERROCARRILS DE LA GENERALITAT DE CATALUNYA\n\t\t\t\t<\/figcaption><\/figure><figure class='gallery-item'>\n\t\t\t<div class='gallery-icon landscape'>\n\t\t\t\t<img loading=\"lazy\" decoding=\"async\" width=\"150\" height=\"136\" src=\"https:\/\/caranorte.es\/wp-content\/uploads\/2021\/07\/astun-e1626857349627.jpeg\" class=\"attachment-full size-full\" alt=\"\" aria-describedby=\"gallery-1-458\" \/>\n\t\t\t<\/div>\n\t\t\t\t<figcaption class='wp-caption-text gallery-caption' id='gallery-1-458'>\n\t\t\t\tASTUN\n\t\t\t\t<\/figcaption><\/figure><figure class='gallery-item'>\n\t\t\t<div class='gallery-icon landscape'>\n\t\t\t\t<img loading=\"lazy\" decoding=\"async\" width=\"200\" height=\"76\" src=\"https:\/\/caranorte.es\/wp-content\/uploads\/2021\/07\/logo-vector-cantur-1-e1626857241207.jpeg\" class=\"attachment-full size-full\" alt=\"\" aria-describedby=\"gallery-1-460\" \/>\n\t\t\t<\/div>\n\t\t\t\t<figcaption class='wp-caption-text gallery-caption' id='gallery-1-460'>\n\t\t\t\tCANTUR\n\t\t\t\t<\/figcaption><\/figure><figure class='gallery-item'>\n\t\t\t<div class='gallery-icon landscape'>\n\t\t\t\t<img loading=\"lazy\" decoding=\"async\" width=\"150\" height=\"118\" src=\"https:\/\/caranorte.es\/wp-content\/uploads\/2021\/07\/tirolina-hoz-de-jaca-e1626857365572.png\" class=\"attachment-full size-full\" alt=\"\" aria-describedby=\"gallery-1-461\" \/>\n\t\t\t<\/div>\n\t\t\t\t<figcaption class='wp-caption-text gallery-caption' id='gallery-1-461'>\n\t\t\t\tTIROLINA HOZ DE JACA\n\t\t\t\t<\/figcaption><\/figure><figure class='gallery-item'>\n\t\t\t<div class='gallery-icon landscape'>\n\t\t\t\t<img loading=\"lazy\" decoding=\"async\" width=\"380\" height=\"122\" src=\"https:\/\/caranorte.es\/wp-content\/uploads\/2021\/07\/teleferico.png\" class=\"attachment-full size-full\" alt=\"\" aria-describedby=\"gallery-1-464\" srcset=\"https:\/\/caranorte.es\/wp-content\/uploads\/2021\/07\/teleferico.png 380w, https:\/\/caranorte.es\/wp-content\/uploads\/2021\/07\/teleferico-300x96.png 300w\" sizes=\"(max-width: 380px) 100vw, 380px\" \/>\n\t\t\t<\/div>\n\t\t\t\t<figcaption class='wp-caption-text gallery-caption' id='gallery-1-464'>\n\t\t\t\tTELEF\u00c9RICO DE Guimar\u00e3es\n\t\t\t\t<\/figcaption><\/figure>\n\t\t<\/div>\n\n<p>[\/vc_column_text][vc_empty_space height=&#8221;50px&#8221;][vc_column_text]<\/p>\n<h2 style=\"text-align: center;\">Another Sectors<\/h2>\n<p>[\/vc_column_text][vc_column_text]<\/p>\n<div id='gallery-2' class='gallery galleryid-437 gallery-columns-2 gallery-size-full'><figure class='gallery-item'>\n\t\t\t<div class='gallery-icon landscape'>\n\t\t\t\t<img loading=\"lazy\" decoding=\"async\" width=\"200\" height=\"65\" src=\"https:\/\/caranorte.es\/wp-content\/uploads\/2021\/06\/logo-aytozaragoza.jpeg\" class=\"attachment-full size-full\" alt=\"\" aria-describedby=\"gallery-2-441\" \/>\n\t\t\t<\/div>\n\t\t\t\t<figcaption class='wp-caption-text gallery-caption' id='gallery-2-441'>\n\t\t\t\tAYUNTAMIENTO DE ZARAGOZA\n\t\t\t\t<\/figcaption><\/figure><figure class='gallery-item'>\n\t\t\t<div class='gallery-icon landscape'>\n\t\t\t\t<img loading=\"lazy\" decoding=\"async\" width=\"180\" height=\"55\" src=\"https:\/\/caranorte.es\/wp-content\/uploads\/2021\/06\/logo-gobierno-rioja.jpeg\" class=\"attachment-full size-full\" alt=\"\" aria-describedby=\"gallery-2-447\" \/>\n\t\t\t<\/div>\n\t\t\t\t<figcaption class='wp-caption-text gallery-caption' id='gallery-2-447'>\n\t\t\t\tGOBIERNO DE LA RIOJA\n\t\t\t\t<\/figcaption><\/figure><figure class='gallery-item'>\n\t\t\t<div class='gallery-icon landscape'>\n\t\t\t\t<img loading=\"lazy\" decoding=\"async\" width=\"200\" height=\"97\" src=\"https:\/\/caranorte.es\/wp-content\/uploads\/2021\/07\/endesa-e1626857233577.jpeg\" class=\"attachment-full size-full\" alt=\"\" aria-describedby=\"gallery-2-462\" \/>\n\t\t\t<\/div>\n\t\t\t\t<figcaption class='wp-caption-text gallery-caption' id='gallery-2-462'>\n\t\t\t\tENDESA\n\t\t\t\t<\/figcaption><\/figure><figure class='gallery-item'>\n\t\t\t<div class='gallery-icon landscape'>\n\t\t\t\t<img loading=\"lazy\" decoding=\"async\" width=\"200\" height=\"77\" src=\"https:\/\/caranorte.es\/wp-content\/uploads\/2021\/07\/andritz_logo_2-e1626857187574.jpeg\" class=\"attachment-full size-full\" alt=\"\" aria-describedby=\"gallery-2-463\" \/>\n\t\t\t<\/div>\n\t\t\t\t<figcaption class='wp-caption-text gallery-caption' id='gallery-2-463'>\n\t\t\t\tANDRITZ\n\t\t\t\t<\/figcaption><\/figure>\n\t\t<\/div>\n\n<p>[\/vc_column_text][vc_empty_space height=&#8221;50px&#8221;][vc_column_text]<\/p>\n<h2 style=\"text-align: center;\">Wind Power Sector<\/h2>\n<p>[\/vc_column_text][vc_column_text]<\/p>\n<div id='gallery-3' class='gallery galleryid-437 gallery-columns-2 gallery-size-full'><figure class='gallery-item'>\n\t\t\t<div class='gallery-icon landscape'>\n\t\t\t\t<img loading=\"lazy\" decoding=\"async\" width=\"170\" height=\"66\" src=\"https:\/\/caranorte.es\/wp-content\/uploads\/2021\/06\/logo-gamesa-1.jpeg\" class=\"attachment-full size-full\" alt=\"\" aria-describedby=\"gallery-3-457\" \/>\n\t\t\t<\/div>\n\t\t\t\t<figcaption class='wp-caption-text gallery-caption' id='gallery-3-457'>\n\t\t\t\tGAMESA ENERGIA\n\t\t\t\t<\/figcaption><\/figure><figure class='gallery-item'>\n\t\t\t<div class='gallery-icon landscape'>\n\t\t\t\t<img loading=\"lazy\" decoding=\"async\" width=\"170\" height=\"66\" src=\"https:\/\/caranorte.es\/wp-content\/uploads\/2021\/06\/logo-gamesa.jpeg\" class=\"attachment-full size-full\" alt=\"\" aria-describedby=\"gallery-3-446\" \/>\n\t\t\t<\/div>\n\t\t\t\t<figcaption class='wp-caption-text gallery-caption' id='gallery-3-446'>\n\t\t\t\tGAMESA SERVICIOS\n\t\t\t\t<\/figcaption><\/figure>\n\t\t<\/div>\n\n<p>[\/vc_column_text][\/vc_column][\/vc_row]<\/p>\n","protected":false},"excerpt":{"rendered":"<p>[vc_row][vc_column][vc_column_text] Ropeway Sector [\/vc_column_text][vc_column_text] [\/vc_column_text][vc_empty_space height=&#8221;50px&#8221;][vc_column_text] Another Sectors [\/vc_column_text][vc_column_text] [\/vc_column_text][vc_empty_space height=&#8221;50px&#8221;][vc_column_text] Wind Power Sector [\/vc_column_text][vc_column_text] [\/vc_column_text][\/vc_column][\/vc_row]<\/p>\n","protected":false},"author":1,"featured_media":0,"parent":0,"menu_order":0,"comment_status":"closed","ping_status":"closed","template":"","meta":{"_genesis_hide_title":false,"_genesis_hide_breadcrumbs":false,"_genesis_hide_singular_image":false,"_genesis_hide_footer_widgets":false,"_genesis_custom_body_class":"lineas-negocio","_genesis_custom_post_class":"","_genesis_layout":"","footnotes":""},"yoast_head":"<!-- This site is optimized with the Yoast SEO plugin v22.3 - https:\/\/yoast.com\/wordpress\/plugins\/seo\/ -->\n<title>Our customers - CaraNorte Ingenieros<\/title>\n<meta name=\"robots\" content=\"index, follow, max-snippet:-1, max-image-preview:large, max-video-preview:-1\" \/>\n<link rel=\"canonical\" href=\"https:\/\/caranorte.es\/en\/our-customers\/\" \/>\n<meta property=\"og:locale\" content=\"en_US\" \/>\n<meta property=\"og:type\" content=\"article\" \/>\n<meta property=\"og:title\" content=\"Our customers - CaraNorte Ingenieros\" \/>\n<meta property=\"og:description\" content=\"[vc_row][vc_column][vc_column_text] Ropeway Sector [\/vc_column_text][vc_column_text] [\/vc_column_text][vc_empty_space height=&#8221;50px&#8221;][vc_column_text] Another Sectors [\/vc_column_text][vc_column_text] [\/vc_column_text][vc_empty_space height=&#8221;50px&#8221;][vc_column_text] Wind Power Sector [\/vc_column_text][vc_column_text] [\/vc_column_text][\/vc_column][\/vc_row]\" \/>\n<meta property=\"og:url\" content=\"https:\/\/caranorte.es\/en\/our-customers\/\" \/>\n<meta property=\"og:site_name\" content=\"CaraNorte Ingenieros\" \/>\n<meta property=\"article:modified_time\" content=\"2021-07-23T06:57:37+00:00\" \/>\n<meta property=\"og:image\" content=\"https:\/\/caranorte.es\/wp-content\/uploads\/2021\/06\/logo-baqueira.jpeg\" \/>\n<meta name=\"twitter:card\" content=\"summary_large_image\" \/>\n<meta name=\"twitter:label1\" content=\"Est. reading time\" \/>\n\t<meta name=\"twitter:data1\" content=\"1 minute\" \/>\n<script type=\"application\/ld+json\" class=\"yoast-schema-graph\">{\"@context\":\"https:\/\/schema.org\",\"@graph\":[{\"@type\":\"WebPage\",\"@id\":\"https:\/\/caranorte.es\/en\/our-customers\/\",\"url\":\"https:\/\/caranorte.es\/en\/our-customers\/\",\"name\":\"Our customers - CaraNorte Ingenieros\",\"isPartOf\":{\"@id\":\"https:\/\/caranorte.es\/en\/#website\"},\"datePublished\":\"2021-06-22T10:01:35+00:00\",\"dateModified\":\"2021-07-23T06:57:37+00:00\",\"breadcrumb\":{\"@id\":\"https:\/\/caranorte.es\/en\/our-customers\/#breadcrumb\"},\"inLanguage\":\"en-US\",\"potentialAction\":[{\"@type\":\"ReadAction\",\"target\":[\"https:\/\/caranorte.es\/en\/our-customers\/\"]}]},{\"@type\":\"BreadcrumbList\",\"@id\":\"https:\/\/caranorte.es\/en\/our-customers\/#breadcrumb\",\"itemListElement\":[{\"@type\":\"ListItem\",\"position\":1,\"name\":\"Portada\",\"item\":\"https:\/\/caranorte.es\/en\/\"},{\"@type\":\"ListItem\",\"position\":2,\"name\":\"Our customers\"}]},{\"@type\":\"WebSite\",\"@id\":\"https:\/\/caranorte.es\/en\/#website\",\"url\":\"https:\/\/caranorte.es\/en\/\",\"name\":\"CaraNorte Ingenieros\",\"description\":\"CaraNorte Ingenieros, ingenier\u00eda y servicios t\u00e9cnicos especializados en el \u00e1mbito de la monta\u00f1a\",\"potentialAction\":[{\"@type\":\"SearchAction\",\"target\":{\"@type\":\"EntryPoint\",\"urlTemplate\":\"https:\/\/caranorte.es\/en\/?s={search_term_string}\"},\"query-input\":\"required name=search_term_string\"}],\"inLanguage\":\"en-US\"}]}<\/script>\n<!-- \/ Yoast SEO plugin. -->","yoast_head_json":{"title":"Our customers - CaraNorte Ingenieros","robots":{"index":"index","follow":"follow","max-snippet":"max-snippet:-1","max-image-preview":"max-image-preview:large","max-video-preview":"max-video-preview:-1"},"canonical":"https:\/\/caranorte.es\/en\/our-customers\/","og_locale":"en_US","og_type":"article","og_title":"Our customers - CaraNorte Ingenieros","og_description":"[vc_row][vc_column][vc_column_text] Ropeway Sector [\/vc_column_text][vc_column_text] [\/vc_column_text][vc_empty_space height=&#8221;50px&#8221;][vc_column_text] Another Sectors [\/vc_column_text][vc_column_text] [\/vc_column_text][vc_empty_space height=&#8221;50px&#8221;][vc_column_text] Wind Power Sector [\/vc_column_text][vc_column_text] [\/vc_column_text][\/vc_column][\/vc_row]","og_url":"https:\/\/caranorte.es\/en\/our-customers\/","og_site_name":"CaraNorte Ingenieros","article_modified_time":"2021-07-23T06:57:37+00:00","og_image":[{"url":"https:\/\/caranorte.es\/wp-content\/uploads\/2021\/06\/logo-baqueira.jpeg"}],"twitter_card":"summary_large_image","twitter_misc":{"Est. reading time":"1 minute"},"schema":{"@context":"https:\/\/schema.org","@graph":[{"@type":"WebPage","@id":"https:\/\/caranorte.es\/en\/our-customers\/","url":"https:\/\/caranorte.es\/en\/our-customers\/","name":"Our customers - CaraNorte Ingenieros","isPartOf":{"@id":"https:\/\/caranorte.es\/en\/#website"},"datePublished":"2021-06-22T10:01:35+00:00","dateModified":"2021-07-23T06:57:37+00:00","breadcrumb":{"@id":"https:\/\/caranorte.es\/en\/our-customers\/#breadcrumb"},"inLanguage":"en-US","potentialAction":[{"@type":"ReadAction","target":["https:\/\/caranorte.es\/en\/our-customers\/"]}]},{"@type":"BreadcrumbList","@id":"https:\/\/caranorte.es\/en\/our-customers\/#breadcrumb","itemListElement":[{"@type":"ListItem","position":1,"name":"Portada","item":"https:\/\/caranorte.es\/en\/"},{"@type":"ListItem","position":2,"name":"Our customers"}]},{"@type":"WebSite","@id":"https:\/\/caranorte.es\/en\/#website","url":"https:\/\/caranorte.es\/en\/","name":"CaraNorte Ingenieros","description":"CaraNorte Ingenieros, ingenier\u00eda y servicios t\u00e9cnicos especializados en el \u00e1mbito de la monta\u00f1a","potentialAction":[{"@type":"SearchAction","target":{"@type":"EntryPoint","urlTemplate":"https:\/\/caranorte.es\/en\/?s={search_term_string}"},"query-input":"required name=search_term_string"}],"inLanguage":"en-US"}]}},"_links":{"self":[{"href":"https:\/\/caranorte.es\/en\/wp-json\/wp\/v2\/pages\/437"}],"collection":[{"href":"https:\/\/caranorte.es\/en\/wp-json\/wp\/v2\/pages"}],"about":[{"href":"https:\/\/caranorte.es\/en\/wp-json\/wp\/v2\/types\/page"}],"author":[{"embeddable":true,"href":"https:\/\/caranorte.es\/en\/wp-json\/wp\/v2\/users\/1"}],"replies":[{"embeddable":true,"href":"https:\/\/caranorte.es\/en\/wp-json\/wp\/v2\/comments?post=437"}],"version-history":[{"count":3,"href":"https:\/\/caranorte.es\/en\/wp-json\/wp\/v2\/pages\/437\/revisions"}],"predecessor-version":[{"id":476,"href":"https:\/\/caranorte.es\/en\/wp-json\/wp\/v2\/pages\/437\/revisions\/476"}],"wp:attachment":[{"href":"https:\/\/caranorte.es\/en\/wp-json\/wp\/v2\/media?parent=437"}],"curies":[{"name":"wp","href":"https:\/\/api.w.org\/{rel}","templated":true}]}}