{"id":481,"date":"2021-06-24T06:15:24","date_gmt":"2021-06-24T06:15:24","guid":{"rendered":"https:\/\/caranorte.es\/montaje-de-remontes-mecanicos\/"},"modified":"2021-07-23T07:08:57","modified_gmt":"2021-07-23T07:08:57","slug":"ropeways-assembly","status":"publish","type":"page","link":"https:\/\/caranorte.es\/en\/ropeways-assembly\/","title":{"rendered":"Ropeways assembly"},"content":{"rendered":"<p>[vc_row][vc_column][vc_column_text]<strong>CaraNorte Ingenieros<\/strong>\u00a0has a wide experience of over 10 years in the assembly of ropeways. Throughout this time, both the technical knowledge and the necessary equipment for performing these tasks have been increasing year after year, positioning CaraNorte as the most specialized Spanish company in this business.<\/p>\n<ul>\n<li>Definition, planning and execution of assembly projects of all kind of ropeways.<\/li>\n<li>Turnkey projects, to cover the whole scope of the construction and minimize coordination issues: civil works, mechanical assembly, rope pulling and splicing, regulations, etc.<\/li>\n<li>Execution of ropeways disassembly projects for relocations, overhauling, improvements, etc<\/li>\n<li>Wide experience using non-conventional techniques in rough terrains: helicopters, cable cranes, etc.<\/li>\n<li>Specialized on Doppelmayr technology.<\/li>\n<\/ul>\n<p>[\/vc_column_text][\/vc_column][\/vc_row][vc_row full_width=&#8221;stretch_row_content_no_spaces&#8221;][vc_column][vc_media_grid element_width=&#8221;2&#8243; gap=&#8221;0&#8243; grid_id=&#8221;vc_gid:1627024043425-7c90c039-d88b-6&#8243; include=&#8221;482,485,486,487,483,488&#8243;][\/vc_column][\/vc_row]<\/p>\n","protected":false},"excerpt":{"rendered":"<p>[vc_row][vc_column][vc_column_text]CaraNorte Ingenieros\u00a0has a wide experience of over 10 years in the assembly of ropeways. Throughout this time, both the technical knowledge and the necessary equipment for performing these tasks have been increasing year after year, positioning CaraNorte as the most specialized Spanish company in this business. Definition, planning and execution of assembly projects of all [&hellip;]<\/p>\n","protected":false},"author":1,"featured_media":483,"parent":0,"menu_order":0,"comment_status":"closed","ping_status":"closed","template":"","meta":{"_genesis_hide_title":false,"_genesis_hide_breadcrumbs":false,"_genesis_hide_singular_image":false,"_genesis_hide_footer_widgets":false,"_genesis_custom_body_class":"lineas-negocio","_genesis_custom_post_class":"","_genesis_layout":"","footnotes":""},"yoast_head":"<!-- This site is optimized with the Yoast SEO plugin v22.3 - https:\/\/yoast.com\/wordpress\/plugins\/seo\/ -->\n<title>Ropeways assembly - CaraNorte Ingenieros<\/title>\n<meta name=\"robots\" content=\"index, follow, max-snippet:-1, max-image-preview:large, max-video-preview:-1\" \/>\n<link rel=\"canonical\" href=\"https:\/\/caranorte.es\/en\/ropeways-assembly\/\" \/>\n<meta property=\"og:locale\" content=\"en_US\" \/>\n<meta property=\"og:type\" content=\"article\" \/>\n<meta property=\"og:title\" content=\"Ropeways assembly - CaraNorte Ingenieros\" \/>\n<meta property=\"og:description\" content=\"[vc_row][vc_column][vc_column_text]CaraNorte Ingenieros\u00a0has a wide experience of over 10 years in the assembly of ropeways. Throughout this time, both the technical knowledge and the necessary equipment for performing these tasks have been increasing year after year, positioning CaraNorte as the most specialized Spanish company in this business. Definition, planning and execution of assembly projects of all [&hellip;]\" \/>\n<meta property=\"og:url\" content=\"https:\/\/caranorte.es\/en\/ropeways-assembly\/\" \/>\n<meta property=\"og:site_name\" content=\"CaraNorte Ingenieros\" \/>\n<meta property=\"article:modified_time\" content=\"2021-07-23T07:08:57+00:00\" \/>\n<meta property=\"og:image\" content=\"https:\/\/caranorte.es\/wp-content\/uploads\/2021\/06\/montaje-remontes-9.jpeg\" \/>\n\t<meta property=\"og:image:width\" content=\"1000\" \/>\n\t<meta property=\"og:image:height\" content=\"628\" \/>\n\t<meta property=\"og:image:type\" content=\"image\/jpeg\" \/>\n<meta name=\"twitter:card\" content=\"summary_large_image\" \/>\n<meta name=\"twitter:label1\" content=\"Est. reading time\" \/>\n\t<meta name=\"twitter:data1\" content=\"1 minute\" \/>\n<script type=\"application\/ld+json\" class=\"yoast-schema-graph\">{\"@context\":\"https:\/\/schema.org\",\"@graph\":[{\"@type\":\"WebPage\",\"@id\":\"https:\/\/caranorte.es\/en\/ropeways-assembly\/\",\"url\":\"https:\/\/caranorte.es\/en\/ropeways-assembly\/\",\"name\":\"Ropeways assembly - CaraNorte Ingenieros\",\"isPartOf\":{\"@id\":\"https:\/\/caranorte.es\/en\/#website\"},\"primaryImageOfPage\":{\"@id\":\"https:\/\/caranorte.es\/en\/ropeways-assembly\/#primaryimage\"},\"image\":{\"@id\":\"https:\/\/caranorte.es\/en\/ropeways-assembly\/#primaryimage\"},\"thumbnailUrl\":\"https:\/\/caranorte.es\/wp-content\/uploads\/2021\/06\/montaje-remontes-9.jpeg\",\"datePublished\":\"2021-06-24T06:15:24+00:00\",\"dateModified\":\"2021-07-23T07:08:57+00:00\",\"breadcrumb\":{\"@id\":\"https:\/\/caranorte.es\/en\/ropeways-assembly\/#breadcrumb\"},\"inLanguage\":\"en-US\",\"potentialAction\":[{\"@type\":\"ReadAction\",\"target\":[\"https:\/\/caranorte.es\/en\/ropeways-assembly\/\"]}]},{\"@type\":\"ImageObject\",\"inLanguage\":\"en-US\",\"@id\":\"https:\/\/caranorte.es\/en\/ropeways-assembly\/#primaryimage\",\"url\":\"https:\/\/caranorte.es\/wp-content\/uploads\/2021\/06\/montaje-remontes-9.jpeg\",\"contentUrl\":\"https:\/\/caranorte.es\/wp-content\/uploads\/2021\/06\/montaje-remontes-9.jpeg\",\"width\":1000,\"height\":628,\"caption\":\"Ropeways assembly\"},{\"@type\":\"BreadcrumbList\",\"@id\":\"https:\/\/caranorte.es\/en\/ropeways-assembly\/#breadcrumb\",\"itemListElement\":[{\"@type\":\"ListItem\",\"position\":1,\"name\":\"Portada\",\"item\":\"https:\/\/caranorte.es\/en\/\"},{\"@type\":\"ListItem\",\"position\":2,\"name\":\"Ropeways assembly\"}]},{\"@type\":\"WebSite\",\"@id\":\"https:\/\/caranorte.es\/en\/#website\",\"url\":\"https:\/\/caranorte.es\/en\/\",\"name\":\"CaraNorte Ingenieros\",\"description\":\"CaraNorte Ingenieros, ingenier\u00eda y servicios t\u00e9cnicos especializados en el \u00e1mbito de la monta\u00f1a\",\"potentialAction\":[{\"@type\":\"SearchAction\",\"target\":{\"@type\":\"EntryPoint\",\"urlTemplate\":\"https:\/\/caranorte.es\/en\/?s={search_term_string}\"},\"query-input\":\"required name=search_term_string\"}],\"inLanguage\":\"en-US\"}]}<\/script>\n<!-- \/ Yoast SEO plugin. -->","yoast_head_json":{"title":"Ropeways assembly - CaraNorte Ingenieros","robots":{"index":"index","follow":"follow","max-snippet":"max-snippet:-1","max-image-preview":"max-image-preview:large","max-video-preview":"max-video-preview:-1"},"canonical":"https:\/\/caranorte.es\/en\/ropeways-assembly\/","og_locale":"en_US","og_type":"article","og_title":"Ropeways assembly - CaraNorte Ingenieros","og_description":"[vc_row][vc_column][vc_column_text]CaraNorte Ingenieros\u00a0has a wide experience of over 10 years in the assembly of ropeways. Throughout this time, both the technical knowledge and the necessary equipment for performing these tasks have been increasing year after year, positioning CaraNorte as the most specialized Spanish company in this business. Definition, planning and execution of assembly projects of all [&hellip;]","og_url":"https:\/\/caranorte.es\/en\/ropeways-assembly\/","og_site_name":"CaraNorte Ingenieros","article_modified_time":"2021-07-23T07:08:57+00:00","og_image":[{"width":1000,"height":628,"url":"https:\/\/caranorte.es\/wp-content\/uploads\/2021\/06\/montaje-remontes-9.jpeg","type":"image\/jpeg"}],"twitter_card":"summary_large_image","twitter_misc":{"Est. reading time":"1 minute"},"schema":{"@context":"https:\/\/schema.org","@graph":[{"@type":"WebPage","@id":"https:\/\/caranorte.es\/en\/ropeways-assembly\/","url":"https:\/\/caranorte.es\/en\/ropeways-assembly\/","name":"Ropeways assembly - CaraNorte Ingenieros","isPartOf":{"@id":"https:\/\/caranorte.es\/en\/#website"},"primaryImageOfPage":{"@id":"https:\/\/caranorte.es\/en\/ropeways-assembly\/#primaryimage"},"image":{"@id":"https:\/\/caranorte.es\/en\/ropeways-assembly\/#primaryimage"},"thumbnailUrl":"https:\/\/caranorte.es\/wp-content\/uploads\/2021\/06\/montaje-remontes-9.jpeg","datePublished":"2021-06-24T06:15:24+00:00","dateModified":"2021-07-23T07:08:57+00:00","breadcrumb":{"@id":"https:\/\/caranorte.es\/en\/ropeways-assembly\/#breadcrumb"},"inLanguage":"en-US","potentialAction":[{"@type":"ReadAction","target":["https:\/\/caranorte.es\/en\/ropeways-assembly\/"]}]},{"@type":"ImageObject","inLanguage":"en-US","@id":"https:\/\/caranorte.es\/en\/ropeways-assembly\/#primaryimage","url":"https:\/\/caranorte.es\/wp-content\/uploads\/2021\/06\/montaje-remontes-9.jpeg","contentUrl":"https:\/\/caranorte.es\/wp-content\/uploads\/2021\/06\/montaje-remontes-9.jpeg","width":1000,"height":628,"caption":"Ropeways assembly"},{"@type":"BreadcrumbList","@id":"https:\/\/caranorte.es\/en\/ropeways-assembly\/#breadcrumb","itemListElement":[{"@type":"ListItem","position":1,"name":"Portada","item":"https:\/\/caranorte.es\/en\/"},{"@type":"ListItem","position":2,"name":"Ropeways assembly"}]},{"@type":"WebSite","@id":"https:\/\/caranorte.es\/en\/#website","url":"https:\/\/caranorte.es\/en\/","name":"CaraNorte Ingenieros","description":"CaraNorte Ingenieros, ingenier\u00eda y servicios t\u00e9cnicos especializados en el \u00e1mbito de la monta\u00f1a","potentialAction":[{"@type":"SearchAction","target":{"@type":"EntryPoint","urlTemplate":"https:\/\/caranorte.es\/en\/?s={search_term_string}"},"query-input":"required name=search_term_string"}],"inLanguage":"en-US"}]}},"_links":{"self":[{"href":"https:\/\/caranorte.es\/en\/wp-json\/wp\/v2\/pages\/481"}],"collection":[{"href":"https:\/\/caranorte.es\/en\/wp-json\/wp\/v2\/pages"}],"about":[{"href":"https:\/\/caranorte.es\/en\/wp-json\/wp\/v2\/types\/page"}],"author":[{"embeddable":true,"href":"https:\/\/caranorte.es\/en\/wp-json\/wp\/v2\/users\/1"}],"replies":[{"embeddable":true,"href":"https:\/\/caranorte.es\/en\/wp-json\/wp\/v2\/comments?post=481"}],"version-history":[{"count":3,"href":"https:\/\/caranorte.es\/en\/wp-json\/wp\/v2\/pages\/481\/revisions"}],"predecessor-version":[{"id":538,"href":"https:\/\/caranorte.es\/en\/wp-json\/wp\/v2\/pages\/481\/revisions\/538"}],"wp:featuredmedia":[{"embeddable":true,"href":"https:\/\/caranorte.es\/en\/wp-json\/wp\/v2\/media\/483"}],"wp:attachment":[{"href":"https:\/\/caranorte.es\/en\/wp-json\/wp\/v2\/media?parent=481"}],"curies":[{"name":"wp","href":"https:\/\/api.w.org\/{rel}","templated":true}]}}