{"id":490,"date":"2021-06-24T06:38:48","date_gmt":"2021-06-24T06:38:48","guid":{"rendered":"https:\/\/caranorte.es\/mantenimiento-de-remontes-mecanicos\/"},"modified":"2021-07-23T07:09:43","modified_gmt":"2021-07-23T07:09:43","slug":"ropeways-maintenance","status":"publish","type":"page","link":"https:\/\/caranorte.es\/en\/ropeways-maintenance\/","title":{"rendered":"Ropeways maintenance"},"content":{"rendered":"<p>[vc_row][vc_column][vc_column_text]<\/p>\n<div class=\"contenedorizda2\">\n<p>Every ropeway is subject to periodic inspections regulated by law. Due to the scope and complexity of this kind of projects,\u00a0<strong>CaraNorte Ingenieros<\/strong>\u00a0offers a range of services based on its broad technical knowledge and experience, making it the leading company in the industry.<\/p>\n<ul>\n<li>Definition, planning and execution of regular and big inspections (15+ years) in all kind of ropeways, based on manufacturer protocols, current laws and according with the procedures of the Customer.<\/li>\n<li>Maintenance Contracts definition and execution, including preventive and corrective services based on Service Level Agreements (SLAs)<\/li>\n<li>Execution of complex maintenance operations: bullwheel bearings change, assembly\/disassembly of different subsystems, NDT (non-destructive tests), fitting, load tests, etc.<\/li>\n<li>Wide experience in rope pulling operations: tensioning, replacements, shortenings, etc.<\/li>\n<li>Proved maintenance methodology to ensure complete monitoring of tasks and full compliance with CEN, local, customer and manufacturer requirements.<\/li>\n<li>Full tracking of maintenance operations.<\/li>\n<li>Fixed and detachable grip inspections. Specialized on Doppelmayr DT grips.<\/li>\n<\/ul>\n<\/div>\n<div class=\"contenedordcha2\"><\/div>\n<p>[\/vc_column_text][\/vc_column][\/vc_row][vc_row full_width=&#8221;stretch_row_content_no_spaces&#8221;][vc_column][vc_media_grid element_width=&#8221;2&#8243; gap=&#8221;0&#8243; grid_id=&#8221;vc_gid:1627024043455-6eca7dcf-97f1-4&#8243; include=&#8221;491,494,495,492,496,497&#8243;][\/vc_column][\/vc_row]<\/p>\n","protected":false},"excerpt":{"rendered":"<p>[vc_row][vc_column][vc_column_text] Every ropeway is subject to periodic inspections regulated by law. Due to the scope and complexity of this kind of projects,\u00a0CaraNorte Ingenieros\u00a0offers a range of services based on its broad technical knowledge and experience, making it the leading company in the industry. Definition, planning and execution of regular and big inspections (15+ years) in [&hellip;]<\/p>\n","protected":false},"author":1,"featured_media":492,"parent":0,"menu_order":0,"comment_status":"closed","ping_status":"closed","template":"","meta":{"_genesis_hide_title":false,"_genesis_hide_breadcrumbs":false,"_genesis_hide_singular_image":false,"_genesis_hide_footer_widgets":false,"_genesis_custom_body_class":"lineas-negocio","_genesis_custom_post_class":"","_genesis_layout":"","footnotes":""},"yoast_head":"<!-- This site is optimized with the Yoast SEO plugin v22.3 - https:\/\/yoast.com\/wordpress\/plugins\/seo\/ -->\n<title>Ropeways maintenance - CaraNorte Ingenieros<\/title>\n<meta name=\"robots\" content=\"index, follow, max-snippet:-1, max-image-preview:large, max-video-preview:-1\" \/>\n<link rel=\"canonical\" href=\"https:\/\/caranorte.es\/en\/ropeways-maintenance\/\" \/>\n<meta property=\"og:locale\" content=\"en_US\" \/>\n<meta property=\"og:type\" content=\"article\" \/>\n<meta property=\"og:title\" content=\"Ropeways maintenance - CaraNorte Ingenieros\" \/>\n<meta property=\"og:description\" content=\"[vc_row][vc_column][vc_column_text] Every ropeway is subject to periodic inspections regulated by law. Due to the scope and complexity of this kind of projects,\u00a0CaraNorte Ingenieros\u00a0offers a range of services based on its broad technical knowledge and experience, making it the leading company in the industry. Definition, planning and execution of regular and big inspections (15+ years) in [&hellip;]\" \/>\n<meta property=\"og:url\" content=\"https:\/\/caranorte.es\/en\/ropeways-maintenance\/\" \/>\n<meta property=\"og:site_name\" content=\"CaraNorte Ingenieros\" \/>\n<meta property=\"article:modified_time\" content=\"2021-07-23T07:09:43+00:00\" \/>\n<meta property=\"og:image\" content=\"https:\/\/caranorte.es\/wp-content\/uploads\/2021\/06\/mantenimiento-remontes-4.jpeg\" \/>\n\t<meta property=\"og:image:width\" content=\"1000\" \/>\n\t<meta property=\"og:image:height\" content=\"750\" \/>\n\t<meta property=\"og:image:type\" content=\"image\/jpeg\" \/>\n<meta name=\"twitter:card\" content=\"summary_large_image\" \/>\n<meta name=\"twitter:label1\" content=\"Est. reading time\" \/>\n\t<meta name=\"twitter:data1\" content=\"1 minute\" \/>\n<script type=\"application\/ld+json\" class=\"yoast-schema-graph\">{\"@context\":\"https:\/\/schema.org\",\"@graph\":[{\"@type\":\"WebPage\",\"@id\":\"https:\/\/caranorte.es\/en\/ropeways-maintenance\/\",\"url\":\"https:\/\/caranorte.es\/en\/ropeways-maintenance\/\",\"name\":\"Ropeways maintenance - CaraNorte Ingenieros\",\"isPartOf\":{\"@id\":\"https:\/\/caranorte.es\/en\/#website\"},\"primaryImageOfPage\":{\"@id\":\"https:\/\/caranorte.es\/en\/ropeways-maintenance\/#primaryimage\"},\"image\":{\"@id\":\"https:\/\/caranorte.es\/en\/ropeways-maintenance\/#primaryimage\"},\"thumbnailUrl\":\"https:\/\/caranorte.es\/wp-content\/uploads\/2021\/06\/mantenimiento-remontes-4.jpeg\",\"datePublished\":\"2021-06-24T06:38:48+00:00\",\"dateModified\":\"2021-07-23T07:09:43+00:00\",\"breadcrumb\":{\"@id\":\"https:\/\/caranorte.es\/en\/ropeways-maintenance\/#breadcrumb\"},\"inLanguage\":\"en-US\",\"potentialAction\":[{\"@type\":\"ReadAction\",\"target\":[\"https:\/\/caranorte.es\/en\/ropeways-maintenance\/\"]}]},{\"@type\":\"ImageObject\",\"inLanguage\":\"en-US\",\"@id\":\"https:\/\/caranorte.es\/en\/ropeways-maintenance\/#primaryimage\",\"url\":\"https:\/\/caranorte.es\/wp-content\/uploads\/2021\/06\/mantenimiento-remontes-4.jpeg\",\"contentUrl\":\"https:\/\/caranorte.es\/wp-content\/uploads\/2021\/06\/mantenimiento-remontes-4.jpeg\",\"width\":1000,\"height\":750,\"caption\":\"Ropeways maintenance\"},{\"@type\":\"BreadcrumbList\",\"@id\":\"https:\/\/caranorte.es\/en\/ropeways-maintenance\/#breadcrumb\",\"itemListElement\":[{\"@type\":\"ListItem\",\"position\":1,\"name\":\"Portada\",\"item\":\"https:\/\/caranorte.es\/en\/\"},{\"@type\":\"ListItem\",\"position\":2,\"name\":\"Ropeways maintenance\"}]},{\"@type\":\"WebSite\",\"@id\":\"https:\/\/caranorte.es\/en\/#website\",\"url\":\"https:\/\/caranorte.es\/en\/\",\"name\":\"CaraNorte Ingenieros\",\"description\":\"CaraNorte Ingenieros, ingenier\u00eda y servicios t\u00e9cnicos especializados en el \u00e1mbito de la monta\u00f1a\",\"potentialAction\":[{\"@type\":\"SearchAction\",\"target\":{\"@type\":\"EntryPoint\",\"urlTemplate\":\"https:\/\/caranorte.es\/en\/?s={search_term_string}\"},\"query-input\":\"required name=search_term_string\"}],\"inLanguage\":\"en-US\"}]}<\/script>\n<!-- \/ Yoast SEO plugin. -->","yoast_head_json":{"title":"Ropeways maintenance - CaraNorte Ingenieros","robots":{"index":"index","follow":"follow","max-snippet":"max-snippet:-1","max-image-preview":"max-image-preview:large","max-video-preview":"max-video-preview:-1"},"canonical":"https:\/\/caranorte.es\/en\/ropeways-maintenance\/","og_locale":"en_US","og_type":"article","og_title":"Ropeways maintenance - CaraNorte Ingenieros","og_description":"[vc_row][vc_column][vc_column_text] Every ropeway is subject to periodic inspections regulated by law. Due to the scope and complexity of this kind of projects,\u00a0CaraNorte Ingenieros\u00a0offers a range of services based on its broad technical knowledge and experience, making it the leading company in the industry. Definition, planning and execution of regular and big inspections (15+ years) in [&hellip;]","og_url":"https:\/\/caranorte.es\/en\/ropeways-maintenance\/","og_site_name":"CaraNorte Ingenieros","article_modified_time":"2021-07-23T07:09:43+00:00","og_image":[{"width":1000,"height":750,"url":"https:\/\/caranorte.es\/wp-content\/uploads\/2021\/06\/mantenimiento-remontes-4.jpeg","type":"image\/jpeg"}],"twitter_card":"summary_large_image","twitter_misc":{"Est. reading time":"1 minute"},"schema":{"@context":"https:\/\/schema.org","@graph":[{"@type":"WebPage","@id":"https:\/\/caranorte.es\/en\/ropeways-maintenance\/","url":"https:\/\/caranorte.es\/en\/ropeways-maintenance\/","name":"Ropeways maintenance - CaraNorte Ingenieros","isPartOf":{"@id":"https:\/\/caranorte.es\/en\/#website"},"primaryImageOfPage":{"@id":"https:\/\/caranorte.es\/en\/ropeways-maintenance\/#primaryimage"},"image":{"@id":"https:\/\/caranorte.es\/en\/ropeways-maintenance\/#primaryimage"},"thumbnailUrl":"https:\/\/caranorte.es\/wp-content\/uploads\/2021\/06\/mantenimiento-remontes-4.jpeg","datePublished":"2021-06-24T06:38:48+00:00","dateModified":"2021-07-23T07:09:43+00:00","breadcrumb":{"@id":"https:\/\/caranorte.es\/en\/ropeways-maintenance\/#breadcrumb"},"inLanguage":"en-US","potentialAction":[{"@type":"ReadAction","target":["https:\/\/caranorte.es\/en\/ropeways-maintenance\/"]}]},{"@type":"ImageObject","inLanguage":"en-US","@id":"https:\/\/caranorte.es\/en\/ropeways-maintenance\/#primaryimage","url":"https:\/\/caranorte.es\/wp-content\/uploads\/2021\/06\/mantenimiento-remontes-4.jpeg","contentUrl":"https:\/\/caranorte.es\/wp-content\/uploads\/2021\/06\/mantenimiento-remontes-4.jpeg","width":1000,"height":750,"caption":"Ropeways maintenance"},{"@type":"BreadcrumbList","@id":"https:\/\/caranorte.es\/en\/ropeways-maintenance\/#breadcrumb","itemListElement":[{"@type":"ListItem","position":1,"name":"Portada","item":"https:\/\/caranorte.es\/en\/"},{"@type":"ListItem","position":2,"name":"Ropeways maintenance"}]},{"@type":"WebSite","@id":"https:\/\/caranorte.es\/en\/#website","url":"https:\/\/caranorte.es\/en\/","name":"CaraNorte Ingenieros","description":"CaraNorte Ingenieros, ingenier\u00eda y servicios t\u00e9cnicos especializados en el \u00e1mbito de la monta\u00f1a","potentialAction":[{"@type":"SearchAction","target":{"@type":"EntryPoint","urlTemplate":"https:\/\/caranorte.es\/en\/?s={search_term_string}"},"query-input":"required name=search_term_string"}],"inLanguage":"en-US"}]}},"_links":{"self":[{"href":"https:\/\/caranorte.es\/en\/wp-json\/wp\/v2\/pages\/490"}],"collection":[{"href":"https:\/\/caranorte.es\/en\/wp-json\/wp\/v2\/pages"}],"about":[{"href":"https:\/\/caranorte.es\/en\/wp-json\/wp\/v2\/types\/page"}],"author":[{"embeddable":true,"href":"https:\/\/caranorte.es\/en\/wp-json\/wp\/v2\/users\/1"}],"replies":[{"embeddable":true,"href":"https:\/\/caranorte.es\/en\/wp-json\/wp\/v2\/comments?post=490"}],"version-history":[{"count":3,"href":"https:\/\/caranorte.es\/en\/wp-json\/wp\/v2\/pages\/490\/revisions"}],"predecessor-version":[{"id":539,"href":"https:\/\/caranorte.es\/en\/wp-json\/wp\/v2\/pages\/490\/revisions\/539"}],"wp:featuredmedia":[{"embeddable":true,"href":"https:\/\/caranorte.es\/en\/wp-json\/wp\/v2\/media\/492"}],"wp:attachment":[{"href":"https:\/\/caranorte.es\/en\/wp-json\/wp\/v2\/media?parent=490"}],"curies":[{"name":"wp","href":"https:\/\/api.w.org\/{rel}","templated":true}]}}