{"id":499,"date":"2021-06-24T06:43:24","date_gmt":"2021-06-24T06:43:24","guid":{"rendered":"https:\/\/caranorte.es\/telefericos-de-carga-y-de-montaje\/"},"modified":"2021-07-23T07:10:28","modified_gmt":"2021-07-23T07:10:28","slug":"cable-cranes","status":"publish","type":"page","link":"https:\/\/caranorte.es\/en\/cable-cranes\/","title":{"rendered":"Cable cranes"},"content":{"rendered":"<p>[vc_row][vc_column][vc_column_text]A cable crane is a transport system to carry large loads, similar to a gantry crane, which is installed temporarily or permanently on rough terrains or protected natural areas where the access of trucks, cranes and other conventional machinery is not viable or allowed.<\/p>\n<ul>\n<li>Modular systems made of lattice towers, fully adaptable to several lengths and topologies.<\/li>\n<li>Temporal or permanent configurations.<\/li>\n<li>Standard payloads up to 6 Tons. More weight can be managed upon specific study.<\/li>\n<li>Used for tools transportation, concrete pouring and, due to its high accuracy, also for structure assembly.<\/li>\n<li>For application in ropeway assemblies, installation of electrical power lines, construction of pipelines in the mountain, maintenance and construction of hydroelectric plants, etc.<\/li>\n<\/ul>\n<p>[\/vc_column_text][\/vc_column][\/vc_row][vc_row awb_type=&#8221;yt_vm_video&#8221; awb_video=&#8221;https:\/\/www.youtube.com\/watch?v=26OFIB3NLDA&amp;t=7s&#8221; awb_video_mobile=&#8221;1&#8243;][vc_column][vc_empty_space height=&#8221;500px&#8221;][\/vc_column][\/vc_row][vc_row full_width=&#8221;stretch_row_content_no_spaces&#8221;][vc_column][vc_empty_space height=&#8221;50px&#8221;][vc_media_grid element_width=&#8221;3&#8243; gap=&#8221;0&#8243; grid_id=&#8221;vc_gid:1627024044494-bfc8f0ff-cf83-7&#8243; include=&#8221;500,502,503,504&#8243;][\/vc_column][\/vc_row]<\/p>\n","protected":false},"excerpt":{"rendered":"<p>[vc_row][vc_column][vc_column_text]A cable crane is a transport system to carry large loads, similar to a gantry crane, which is installed temporarily or permanently on rough terrains or protected natural areas where the access of trucks, cranes and other conventional machinery is not viable or allowed. Modular systems made of lattice towers, fully adaptable to several lengths [&hellip;]<\/p>\n","protected":false},"author":1,"featured_media":497,"parent":0,"menu_order":0,"comment_status":"closed","ping_status":"closed","template":"","meta":{"_genesis_hide_title":false,"_genesis_hide_breadcrumbs":false,"_genesis_hide_singular_image":false,"_genesis_hide_footer_widgets":false,"_genesis_custom_body_class":"lineas-negocio","_genesis_custom_post_class":"","_genesis_layout":"","footnotes":""},"yoast_head":"<!-- This site is optimized with the Yoast SEO plugin v22.3 - https:\/\/yoast.com\/wordpress\/plugins\/seo\/ -->\n<title>Cable cranes - CaraNorte Ingenieros<\/title>\n<meta name=\"robots\" content=\"index, follow, max-snippet:-1, max-image-preview:large, max-video-preview:-1\" \/>\n<link rel=\"canonical\" href=\"https:\/\/caranorte.es\/en\/cable-cranes\/\" \/>\n<meta property=\"og:locale\" content=\"en_US\" \/>\n<meta property=\"og:type\" content=\"article\" \/>\n<meta property=\"og:title\" content=\"Cable cranes - CaraNorte Ingenieros\" \/>\n<meta property=\"og:description\" content=\"[vc_row][vc_column][vc_column_text]A cable crane is a transport system to carry large loads, similar to a gantry crane, which is installed temporarily or permanently on rough terrains or protected natural areas where the access of trucks, cranes and other conventional machinery is not viable or allowed. Modular systems made of lattice towers, fully adaptable to several lengths [&hellip;]\" \/>\n<meta property=\"og:url\" content=\"https:\/\/caranorte.es\/en\/cable-cranes\/\" \/>\n<meta property=\"og:site_name\" content=\"CaraNorte Ingenieros\" \/>\n<meta property=\"article:modified_time\" content=\"2021-07-23T07:10:28+00:00\" \/>\n<meta property=\"og:image\" content=\"https:\/\/caranorte.es\/wp-content\/uploads\/2021\/06\/mantenimiento-remontes-7.jpeg\" \/>\n\t<meta property=\"og:image:width\" content=\"858\" \/>\n\t<meta property=\"og:image:height\" content=\"644\" \/>\n\t<meta property=\"og:image:type\" content=\"image\/jpeg\" \/>\n<meta name=\"twitter:card\" content=\"summary_large_image\" \/>\n<meta name=\"twitter:label1\" content=\"Est. reading time\" \/>\n\t<meta name=\"twitter:data1\" content=\"1 minute\" \/>\n<script type=\"application\/ld+json\" class=\"yoast-schema-graph\">{\"@context\":\"https:\/\/schema.org\",\"@graph\":[{\"@type\":\"WebPage\",\"@id\":\"https:\/\/caranorte.es\/en\/cable-cranes\/\",\"url\":\"https:\/\/caranorte.es\/en\/cable-cranes\/\",\"name\":\"Cable cranes - CaraNorte Ingenieros\",\"isPartOf\":{\"@id\":\"https:\/\/caranorte.es\/en\/#website\"},\"primaryImageOfPage\":{\"@id\":\"https:\/\/caranorte.es\/en\/cable-cranes\/#primaryimage\"},\"image\":{\"@id\":\"https:\/\/caranorte.es\/en\/cable-cranes\/#primaryimage\"},\"thumbnailUrl\":\"https:\/\/caranorte.es\/wp-content\/uploads\/2021\/06\/mantenimiento-remontes-7.jpeg\",\"datePublished\":\"2021-06-24T06:43:24+00:00\",\"dateModified\":\"2021-07-23T07:10:28+00:00\",\"breadcrumb\":{\"@id\":\"https:\/\/caranorte.es\/en\/cable-cranes\/#breadcrumb\"},\"inLanguage\":\"en-US\",\"potentialAction\":[{\"@type\":\"ReadAction\",\"target\":[\"https:\/\/caranorte.es\/en\/cable-cranes\/\"]}]},{\"@type\":\"ImageObject\",\"inLanguage\":\"en-US\",\"@id\":\"https:\/\/caranorte.es\/en\/cable-cranes\/#primaryimage\",\"url\":\"https:\/\/caranorte.es\/wp-content\/uploads\/2021\/06\/mantenimiento-remontes-7.jpeg\",\"contentUrl\":\"https:\/\/caranorte.es\/wp-content\/uploads\/2021\/06\/mantenimiento-remontes-7.jpeg\",\"width\":858,\"height\":644,\"caption\":\"Ropeways maintenance\"},{\"@type\":\"BreadcrumbList\",\"@id\":\"https:\/\/caranorte.es\/en\/cable-cranes\/#breadcrumb\",\"itemListElement\":[{\"@type\":\"ListItem\",\"position\":1,\"name\":\"Portada\",\"item\":\"https:\/\/caranorte.es\/en\/\"},{\"@type\":\"ListItem\",\"position\":2,\"name\":\"Cable cranes\"}]},{\"@type\":\"WebSite\",\"@id\":\"https:\/\/caranorte.es\/en\/#website\",\"url\":\"https:\/\/caranorte.es\/en\/\",\"name\":\"CaraNorte Ingenieros\",\"description\":\"CaraNorte Ingenieros, ingenier\u00eda y servicios t\u00e9cnicos especializados en el \u00e1mbito de la monta\u00f1a\",\"potentialAction\":[{\"@type\":\"SearchAction\",\"target\":{\"@type\":\"EntryPoint\",\"urlTemplate\":\"https:\/\/caranorte.es\/en\/?s={search_term_string}\"},\"query-input\":\"required name=search_term_string\"}],\"inLanguage\":\"en-US\"}]}<\/script>\n<!-- \/ Yoast SEO plugin. -->","yoast_head_json":{"title":"Cable cranes - CaraNorte Ingenieros","robots":{"index":"index","follow":"follow","max-snippet":"max-snippet:-1","max-image-preview":"max-image-preview:large","max-video-preview":"max-video-preview:-1"},"canonical":"https:\/\/caranorte.es\/en\/cable-cranes\/","og_locale":"en_US","og_type":"article","og_title":"Cable cranes - CaraNorte Ingenieros","og_description":"[vc_row][vc_column][vc_column_text]A cable crane is a transport system to carry large loads, similar to a gantry crane, which is installed temporarily or permanently on rough terrains or protected natural areas where the access of trucks, cranes and other conventional machinery is not viable or allowed. Modular systems made of lattice towers, fully adaptable to several lengths [&hellip;]","og_url":"https:\/\/caranorte.es\/en\/cable-cranes\/","og_site_name":"CaraNorte Ingenieros","article_modified_time":"2021-07-23T07:10:28+00:00","og_image":[{"width":858,"height":644,"url":"https:\/\/caranorte.es\/wp-content\/uploads\/2021\/06\/mantenimiento-remontes-7.jpeg","type":"image\/jpeg"}],"twitter_card":"summary_large_image","twitter_misc":{"Est. reading time":"1 minute"},"schema":{"@context":"https:\/\/schema.org","@graph":[{"@type":"WebPage","@id":"https:\/\/caranorte.es\/en\/cable-cranes\/","url":"https:\/\/caranorte.es\/en\/cable-cranes\/","name":"Cable cranes - CaraNorte Ingenieros","isPartOf":{"@id":"https:\/\/caranorte.es\/en\/#website"},"primaryImageOfPage":{"@id":"https:\/\/caranorte.es\/en\/cable-cranes\/#primaryimage"},"image":{"@id":"https:\/\/caranorte.es\/en\/cable-cranes\/#primaryimage"},"thumbnailUrl":"https:\/\/caranorte.es\/wp-content\/uploads\/2021\/06\/mantenimiento-remontes-7.jpeg","datePublished":"2021-06-24T06:43:24+00:00","dateModified":"2021-07-23T07:10:28+00:00","breadcrumb":{"@id":"https:\/\/caranorte.es\/en\/cable-cranes\/#breadcrumb"},"inLanguage":"en-US","potentialAction":[{"@type":"ReadAction","target":["https:\/\/caranorte.es\/en\/cable-cranes\/"]}]},{"@type":"ImageObject","inLanguage":"en-US","@id":"https:\/\/caranorte.es\/en\/cable-cranes\/#primaryimage","url":"https:\/\/caranorte.es\/wp-content\/uploads\/2021\/06\/mantenimiento-remontes-7.jpeg","contentUrl":"https:\/\/caranorte.es\/wp-content\/uploads\/2021\/06\/mantenimiento-remontes-7.jpeg","width":858,"height":644,"caption":"Ropeways maintenance"},{"@type":"BreadcrumbList","@id":"https:\/\/caranorte.es\/en\/cable-cranes\/#breadcrumb","itemListElement":[{"@type":"ListItem","position":1,"name":"Portada","item":"https:\/\/caranorte.es\/en\/"},{"@type":"ListItem","position":2,"name":"Cable cranes"}]},{"@type":"WebSite","@id":"https:\/\/caranorte.es\/en\/#website","url":"https:\/\/caranorte.es\/en\/","name":"CaraNorte Ingenieros","description":"CaraNorte Ingenieros, ingenier\u00eda y servicios t\u00e9cnicos especializados en el \u00e1mbito de la monta\u00f1a","potentialAction":[{"@type":"SearchAction","target":{"@type":"EntryPoint","urlTemplate":"https:\/\/caranorte.es\/en\/?s={search_term_string}"},"query-input":"required name=search_term_string"}],"inLanguage":"en-US"}]}},"_links":{"self":[{"href":"https:\/\/caranorte.es\/en\/wp-json\/wp\/v2\/pages\/499"}],"collection":[{"href":"https:\/\/caranorte.es\/en\/wp-json\/wp\/v2\/pages"}],"about":[{"href":"https:\/\/caranorte.es\/en\/wp-json\/wp\/v2\/types\/page"}],"author":[{"embeddable":true,"href":"https:\/\/caranorte.es\/en\/wp-json\/wp\/v2\/users\/1"}],"replies":[{"embeddable":true,"href":"https:\/\/caranorte.es\/en\/wp-json\/wp\/v2\/comments?post=499"}],"version-history":[{"count":6,"href":"https:\/\/caranorte.es\/en\/wp-json\/wp\/v2\/pages\/499\/revisions"}],"predecessor-version":[{"id":541,"href":"https:\/\/caranorte.es\/en\/wp-json\/wp\/v2\/pages\/499\/revisions\/541"}],"wp:featuredmedia":[{"embeddable":true,"href":"https:\/\/caranorte.es\/en\/wp-json\/wp\/v2\/media\/497"}],"wp:attachment":[{"href":"https:\/\/caranorte.es\/en\/wp-json\/wp\/v2\/media?parent=499"}],"curies":[{"name":"wp","href":"https:\/\/api.w.org\/{rel}","templated":true}]}}