{"id":506,"date":"2021-06-24T06:52:09","date_gmt":"2021-06-24T06:52:09","guid":{"rendered":"https:\/\/caranorte.es\/consultoria-de-montaje\/"},"modified":"2021-07-23T07:12:44","modified_gmt":"2021-07-23T07:12:44","slug":"general-assembly-consultancy","status":"publish","type":"page","link":"https:\/\/caranorte.es\/en\/general-assembly-consultancy\/","title":{"rendered":"General assembly consultancy"},"content":{"rendered":"<p>[vc_row][vc_column][vc_column_text]<\/p>\n<div class=\"contenedorizda2\">\n<p>Due to its wide experience in the assembly of special installations in high difficulty environments,\u00a0<strong>CaraNorte Ingenieros<\/strong>\u00a0puts its knowledge to the service of other companies, in the form of professional consultancy services.<\/p>\n<p>Some examples of fields of application:<\/p>\n<ul>\n<li>Assemblies of auxiliary parts on wind generators<\/li>\n<li>Assemblies of big structures: industrial and commercial buildings, leisure parks attractions, spectacles, .<\/li>\n<li>Work in extreme weather conditions or scrappy environments<\/li>\n<li>Assemblies using special machinery: helicopters, big cranes.<\/li>\n<\/ul>\n<\/div>\n<p>[\/vc_column_text][\/vc_column][\/vc_row][vc_row full_width=&#8221;stretch_row_content_no_spaces&#8221;][vc_column][vc_media_grid element_width=&#8221;2&#8243; gap=&#8221;0&#8243; grid_id=&#8221;vc_gid:1627024048511-f650758d-cdb0-6&#8243; include=&#8221;507,510,511,512,508,513&#8243;][\/vc_column][\/vc_row]<\/p>\n","protected":false},"excerpt":{"rendered":"<p>[vc_row][vc_column][vc_column_text] Due to its wide experience in the assembly of special installations in high difficulty environments,\u00a0CaraNorte Ingenieros\u00a0puts its knowledge to the service of other companies, in the form of professional consultancy services. Some examples of fields of application: Assemblies of auxiliary parts on wind generators Assemblies of big structures: industrial and commercial buildings, leisure parks [&hellip;]<\/p>\n","protected":false},"author":1,"featured_media":508,"parent":0,"menu_order":0,"comment_status":"closed","ping_status":"closed","template":"","meta":{"_genesis_hide_title":false,"_genesis_hide_breadcrumbs":false,"_genesis_hide_singular_image":false,"_genesis_hide_footer_widgets":false,"_genesis_custom_body_class":"lineas-negocio","_genesis_custom_post_class":"","_genesis_layout":"","footnotes":""},"yoast_head":"<!-- This site is optimized with the Yoast SEO plugin v22.3 - https:\/\/yoast.com\/wordpress\/plugins\/seo\/ -->\n<title>General assembly consultancy - CaraNorte Ingenieros<\/title>\n<meta name=\"robots\" content=\"index, follow, max-snippet:-1, max-image-preview:large, max-video-preview:-1\" \/>\n<link rel=\"canonical\" href=\"https:\/\/caranorte.es\/en\/general-assembly-consultancy\/\" \/>\n<meta property=\"og:locale\" content=\"en_US\" \/>\n<meta property=\"og:type\" content=\"article\" \/>\n<meta property=\"og:title\" content=\"General assembly consultancy - CaraNorte Ingenieros\" \/>\n<meta property=\"og:description\" content=\"[vc_row][vc_column][vc_column_text] Due to its wide experience in the assembly of special installations in high difficulty environments,\u00a0CaraNorte Ingenieros\u00a0puts its knowledge to the service of other companies, in the form of professional consultancy services. Some examples of fields of application: Assemblies of auxiliary parts on wind generators Assemblies of big structures: industrial and commercial buildings, leisure parks [&hellip;]\" \/>\n<meta property=\"og:url\" content=\"https:\/\/caranorte.es\/en\/general-assembly-consultancy\/\" \/>\n<meta property=\"og:site_name\" content=\"CaraNorte Ingenieros\" \/>\n<meta property=\"article:modified_time\" content=\"2021-07-23T07:12:44+00:00\" \/>\n<meta property=\"og:image\" content=\"https:\/\/caranorte.es\/wp-content\/uploads\/2021\/06\/consultoria-6.jpeg\" \/>\n\t<meta property=\"og:image:width\" content=\"1000\" \/>\n\t<meta property=\"og:image:height\" content=\"750\" \/>\n\t<meta property=\"og:image:type\" content=\"image\/jpeg\" \/>\n<meta name=\"twitter:card\" content=\"summary_large_image\" \/>\n<meta name=\"twitter:label1\" content=\"Est. reading time\" \/>\n\t<meta name=\"twitter:data1\" content=\"1 minute\" \/>\n<script type=\"application\/ld+json\" class=\"yoast-schema-graph\">{\"@context\":\"https:\/\/schema.org\",\"@graph\":[{\"@type\":\"WebPage\",\"@id\":\"https:\/\/caranorte.es\/en\/general-assembly-consultancy\/\",\"url\":\"https:\/\/caranorte.es\/en\/general-assembly-consultancy\/\",\"name\":\"General assembly consultancy - CaraNorte Ingenieros\",\"isPartOf\":{\"@id\":\"https:\/\/caranorte.es\/en\/#website\"},\"primaryImageOfPage\":{\"@id\":\"https:\/\/caranorte.es\/en\/general-assembly-consultancy\/#primaryimage\"},\"image\":{\"@id\":\"https:\/\/caranorte.es\/en\/general-assembly-consultancy\/#primaryimage\"},\"thumbnailUrl\":\"https:\/\/caranorte.es\/wp-content\/uploads\/2021\/06\/consultoria-6.jpeg\",\"datePublished\":\"2021-06-24T06:52:09+00:00\",\"dateModified\":\"2021-07-23T07:12:44+00:00\",\"breadcrumb\":{\"@id\":\"https:\/\/caranorte.es\/en\/general-assembly-consultancy\/#breadcrumb\"},\"inLanguage\":\"en-US\",\"potentialAction\":[{\"@type\":\"ReadAction\",\"target\":[\"https:\/\/caranorte.es\/en\/general-assembly-consultancy\/\"]}]},{\"@type\":\"ImageObject\",\"inLanguage\":\"en-US\",\"@id\":\"https:\/\/caranorte.es\/en\/general-assembly-consultancy\/#primaryimage\",\"url\":\"https:\/\/caranorte.es\/wp-content\/uploads\/2021\/06\/consultoria-6.jpeg\",\"contentUrl\":\"https:\/\/caranorte.es\/wp-content\/uploads\/2021\/06\/consultoria-6.jpeg\",\"width\":1000,\"height\":750,\"caption\":\"General assembly consultancy\"},{\"@type\":\"BreadcrumbList\",\"@id\":\"https:\/\/caranorte.es\/en\/general-assembly-consultancy\/#breadcrumb\",\"itemListElement\":[{\"@type\":\"ListItem\",\"position\":1,\"name\":\"Portada\",\"item\":\"https:\/\/caranorte.es\/en\/\"},{\"@type\":\"ListItem\",\"position\":2,\"name\":\"General assembly consultancy\"}]},{\"@type\":\"WebSite\",\"@id\":\"https:\/\/caranorte.es\/en\/#website\",\"url\":\"https:\/\/caranorte.es\/en\/\",\"name\":\"CaraNorte Ingenieros\",\"description\":\"CaraNorte Ingenieros, ingenier\u00eda y servicios t\u00e9cnicos especializados en el \u00e1mbito de la monta\u00f1a\",\"potentialAction\":[{\"@type\":\"SearchAction\",\"target\":{\"@type\":\"EntryPoint\",\"urlTemplate\":\"https:\/\/caranorte.es\/en\/?s={search_term_string}\"},\"query-input\":\"required name=search_term_string\"}],\"inLanguage\":\"en-US\"}]}<\/script>\n<!-- \/ Yoast SEO plugin. -->","yoast_head_json":{"title":"General assembly consultancy - CaraNorte Ingenieros","robots":{"index":"index","follow":"follow","max-snippet":"max-snippet:-1","max-image-preview":"max-image-preview:large","max-video-preview":"max-video-preview:-1"},"canonical":"https:\/\/caranorte.es\/en\/general-assembly-consultancy\/","og_locale":"en_US","og_type":"article","og_title":"General assembly consultancy - CaraNorte Ingenieros","og_description":"[vc_row][vc_column][vc_column_text] Due to its wide experience in the assembly of special installations in high difficulty environments,\u00a0CaraNorte Ingenieros\u00a0puts its knowledge to the service of other companies, in the form of professional consultancy services. Some examples of fields of application: Assemblies of auxiliary parts on wind generators Assemblies of big structures: industrial and commercial buildings, leisure parks [&hellip;]","og_url":"https:\/\/caranorte.es\/en\/general-assembly-consultancy\/","og_site_name":"CaraNorte Ingenieros","article_modified_time":"2021-07-23T07:12:44+00:00","og_image":[{"width":1000,"height":750,"url":"https:\/\/caranorte.es\/wp-content\/uploads\/2021\/06\/consultoria-6.jpeg","type":"image\/jpeg"}],"twitter_card":"summary_large_image","twitter_misc":{"Est. reading time":"1 minute"},"schema":{"@context":"https:\/\/schema.org","@graph":[{"@type":"WebPage","@id":"https:\/\/caranorte.es\/en\/general-assembly-consultancy\/","url":"https:\/\/caranorte.es\/en\/general-assembly-consultancy\/","name":"General assembly consultancy - CaraNorte Ingenieros","isPartOf":{"@id":"https:\/\/caranorte.es\/en\/#website"},"primaryImageOfPage":{"@id":"https:\/\/caranorte.es\/en\/general-assembly-consultancy\/#primaryimage"},"image":{"@id":"https:\/\/caranorte.es\/en\/general-assembly-consultancy\/#primaryimage"},"thumbnailUrl":"https:\/\/caranorte.es\/wp-content\/uploads\/2021\/06\/consultoria-6.jpeg","datePublished":"2021-06-24T06:52:09+00:00","dateModified":"2021-07-23T07:12:44+00:00","breadcrumb":{"@id":"https:\/\/caranorte.es\/en\/general-assembly-consultancy\/#breadcrumb"},"inLanguage":"en-US","potentialAction":[{"@type":"ReadAction","target":["https:\/\/caranorte.es\/en\/general-assembly-consultancy\/"]}]},{"@type":"ImageObject","inLanguage":"en-US","@id":"https:\/\/caranorte.es\/en\/general-assembly-consultancy\/#primaryimage","url":"https:\/\/caranorte.es\/wp-content\/uploads\/2021\/06\/consultoria-6.jpeg","contentUrl":"https:\/\/caranorte.es\/wp-content\/uploads\/2021\/06\/consultoria-6.jpeg","width":1000,"height":750,"caption":"General assembly consultancy"},{"@type":"BreadcrumbList","@id":"https:\/\/caranorte.es\/en\/general-assembly-consultancy\/#breadcrumb","itemListElement":[{"@type":"ListItem","position":1,"name":"Portada","item":"https:\/\/caranorte.es\/en\/"},{"@type":"ListItem","position":2,"name":"General assembly consultancy"}]},{"@type":"WebSite","@id":"https:\/\/caranorte.es\/en\/#website","url":"https:\/\/caranorte.es\/en\/","name":"CaraNorte Ingenieros","description":"CaraNorte Ingenieros, ingenier\u00eda y servicios t\u00e9cnicos especializados en el \u00e1mbito de la monta\u00f1a","potentialAction":[{"@type":"SearchAction","target":{"@type":"EntryPoint","urlTemplate":"https:\/\/caranorte.es\/en\/?s={search_term_string}"},"query-input":"required name=search_term_string"}],"inLanguage":"en-US"}]}},"_links":{"self":[{"href":"https:\/\/caranorte.es\/en\/wp-json\/wp\/v2\/pages\/506"}],"collection":[{"href":"https:\/\/caranorte.es\/en\/wp-json\/wp\/v2\/pages"}],"about":[{"href":"https:\/\/caranorte.es\/en\/wp-json\/wp\/v2\/types\/page"}],"author":[{"embeddable":true,"href":"https:\/\/caranorte.es\/en\/wp-json\/wp\/v2\/users\/1"}],"replies":[{"embeddable":true,"href":"https:\/\/caranorte.es\/en\/wp-json\/wp\/v2\/comments?post=506"}],"version-history":[{"count":4,"href":"https:\/\/caranorte.es\/en\/wp-json\/wp\/v2\/pages\/506\/revisions"}],"predecessor-version":[{"id":543,"href":"https:\/\/caranorte.es\/en\/wp-json\/wp\/v2\/pages\/506\/revisions\/543"}],"wp:featuredmedia":[{"embeddable":true,"href":"https:\/\/caranorte.es\/en\/wp-json\/wp\/v2\/media\/508"}],"wp:attachment":[{"href":"https:\/\/caranorte.es\/en\/wp-json\/wp\/v2\/media?parent=506"}],"curies":[{"name":"wp","href":"https:\/\/api.w.org\/{rel}","templated":true}]}}