{"id":520,"date":"2021-06-24T06:58:37","date_gmt":"2021-06-24T06:58:37","guid":{"rendered":"https:\/\/caranorte.es\/software-gem-y-metodologia-de-mantenimiento\/"},"modified":"2021-07-23T07:25:47","modified_gmt":"2021-07-23T07:25:47","slug":"gem-software-and-maintenance-metodology","status":"publish","type":"page","link":"https:\/\/caranorte.es\/en\/gem-software-and-maintenance-metodology\/","title":{"rendered":"GEM Software and Maintenance Metodology"},"content":{"rendered":"<p>[vc_row][vc_column][vc_column_text]Ski resorts, like other current companies, require increasing control and data over the operations they perform. That is why they need new tools for management.<\/p>\n<p>To reach this target,\u00a0<strong>CaraNorte Ingenieros<\/strong>\u00a0has developed a specific software tool for the Operations and Maintenance Management (GEM) of ski resorts.<\/p>\n<p>In addition,\u00a0<strong>CaraNorte<\/strong>\u00a0also provides consultancy services for the implementation of new maintenance methodologies in ski resorts, to allow a greater control and cost reduction in this field.[\/vc_column_text][vc_column_text]<\/p>\n<h2>GEM software main features:<\/h2>\n<p>[\/vc_column_text][vc_column_text]<\/p>\n<ul>\n<li>Multi-user single tool that allows storage and handling of several kinds of operating and maintenance information.<\/li>\n<li>Modular, customizable and extensible<\/li>\n<li>Integrates with other customer applications<\/li>\n<\/ul>\n<p>[\/vc_column_text][vc_column_text]<\/p>\n<h2>Benefits obtained in the implementation of the Maintenance Methodology:<\/h2>\n<p>[\/vc_column_text][vc_column_text]<\/p>\n<ul>\n<li>In-depth analysis of maintenance<\/li>\n<li>Improve control in the execution of tasks<\/li>\n<li>Easy monitoring of jobs<\/li>\n<li>Help in planning workloads<\/li>\n<li>Greater understanding of the staff&#8217;s work<\/li>\n<li>Integrated into GEM<\/li>\n<\/ul>\n<p>[\/vc_column_text][\/vc_column][\/vc_row][vc_row full_width=&#8221;stretch_row_content_no_spaces&#8221;][vc_column][vc_media_grid element_width=&#8221;3&#8243; gap=&#8221;0&#8243; grid_id=&#8221;vc_gid:1627024051459-23dcbba4-8e5a-9&#8243; include=&#8221;523,524,526,527&#8243;][\/vc_column][\/vc_row]<\/p>\n","protected":false},"excerpt":{"rendered":"<p>[vc_row][vc_column][vc_column_text]Ski resorts, like other current companies, require increasing control and data over the operations they perform. That is why they need new tools for management. To reach this target,\u00a0CaraNorte Ingenieros\u00a0has developed a specific software tool for the Operations and Maintenance Management (GEM) of ski resorts. In addition,\u00a0CaraNorte\u00a0also provides consultancy services for the implementation of new [&hellip;]<\/p>\n","protected":false},"author":1,"featured_media":524,"parent":0,"menu_order":0,"comment_status":"closed","ping_status":"closed","template":"","meta":{"_genesis_hide_title":false,"_genesis_hide_breadcrumbs":false,"_genesis_hide_singular_image":false,"_genesis_hide_footer_widgets":false,"_genesis_custom_body_class":"lineas-negocio","_genesis_custom_post_class":"","_genesis_layout":"","footnotes":""},"yoast_head":"<!-- This site is optimized with the Yoast SEO plugin v22.3 - https:\/\/yoast.com\/wordpress\/plugins\/seo\/ -->\n<title>GEM Software and Maintenance Metodology - CaraNorte Ingenieros<\/title>\n<meta name=\"robots\" content=\"index, follow, max-snippet:-1, max-image-preview:large, max-video-preview:-1\" \/>\n<link rel=\"canonical\" href=\"https:\/\/caranorte.es\/en\/gem-software-and-maintenance-metodology\/\" \/>\n<meta property=\"og:locale\" content=\"en_US\" \/>\n<meta property=\"og:type\" content=\"article\" \/>\n<meta property=\"og:title\" content=\"GEM Software and Maintenance Metodology - CaraNorte Ingenieros\" \/>\n<meta property=\"og:description\" content=\"[vc_row][vc_column][vc_column_text]Ski resorts, like other current companies, require increasing control and data over the operations they perform. That is why they need new tools for management. To reach this target,\u00a0CaraNorte Ingenieros\u00a0has developed a specific software tool for the Operations and Maintenance Management (GEM) of ski resorts. In addition,\u00a0CaraNorte\u00a0also provides consultancy services for the implementation of new [&hellip;]\" \/>\n<meta property=\"og:url\" content=\"https:\/\/caranorte.es\/en\/gem-software-and-maintenance-metodology\/\" \/>\n<meta property=\"og:site_name\" content=\"CaraNorte Ingenieros\" \/>\n<meta property=\"article:modified_time\" content=\"2021-07-23T07:25:47+00:00\" \/>\n<meta property=\"og:image\" content=\"https:\/\/caranorte.es\/wp-content\/uploads\/2021\/06\/gem-2.jpeg\" \/>\n\t<meta property=\"og:image:width\" content=\"750\" \/>\n\t<meta property=\"og:image:height\" content=\"500\" \/>\n\t<meta property=\"og:image:type\" content=\"image\/jpeg\" \/>\n<meta name=\"twitter:card\" content=\"summary_large_image\" \/>\n<meta name=\"twitter:label1\" content=\"Est. reading time\" \/>\n\t<meta name=\"twitter:data1\" content=\"1 minute\" \/>\n<script type=\"application\/ld+json\" class=\"yoast-schema-graph\">{\"@context\":\"https:\/\/schema.org\",\"@graph\":[{\"@type\":\"WebPage\",\"@id\":\"https:\/\/caranorte.es\/en\/gem-software-and-maintenance-metodology\/\",\"url\":\"https:\/\/caranorte.es\/en\/gem-software-and-maintenance-metodology\/\",\"name\":\"GEM Software and Maintenance Metodology - CaraNorte Ingenieros\",\"isPartOf\":{\"@id\":\"https:\/\/caranorte.es\/en\/#website\"},\"primaryImageOfPage\":{\"@id\":\"https:\/\/caranorte.es\/en\/gem-software-and-maintenance-metodology\/#primaryimage\"},\"image\":{\"@id\":\"https:\/\/caranorte.es\/en\/gem-software-and-maintenance-metodology\/#primaryimage\"},\"thumbnailUrl\":\"https:\/\/caranorte.es\/wp-content\/uploads\/2021\/06\/gem-2.jpeg\",\"datePublished\":\"2021-06-24T06:58:37+00:00\",\"dateModified\":\"2021-07-23T07:25:47+00:00\",\"breadcrumb\":{\"@id\":\"https:\/\/caranorte.es\/en\/gem-software-and-maintenance-metodology\/#breadcrumb\"},\"inLanguage\":\"en-US\",\"potentialAction\":[{\"@type\":\"ReadAction\",\"target\":[\"https:\/\/caranorte.es\/en\/gem-software-and-maintenance-metodology\/\"]}]},{\"@type\":\"ImageObject\",\"inLanguage\":\"en-US\",\"@id\":\"https:\/\/caranorte.es\/en\/gem-software-and-maintenance-metodology\/#primaryimage\",\"url\":\"https:\/\/caranorte.es\/wp-content\/uploads\/2021\/06\/gem-2.jpeg\",\"contentUrl\":\"https:\/\/caranorte.es\/wp-content\/uploads\/2021\/06\/gem-2.jpeg\",\"width\":750,\"height\":500,\"caption\":\"GEM Software and Maintenance Metodology\"},{\"@type\":\"BreadcrumbList\",\"@id\":\"https:\/\/caranorte.es\/en\/gem-software-and-maintenance-metodology\/#breadcrumb\",\"itemListElement\":[{\"@type\":\"ListItem\",\"position\":1,\"name\":\"Portada\",\"item\":\"https:\/\/caranorte.es\/en\/\"},{\"@type\":\"ListItem\",\"position\":2,\"name\":\"GEM Software and Maintenance Metodology\"}]},{\"@type\":\"WebSite\",\"@id\":\"https:\/\/caranorte.es\/en\/#website\",\"url\":\"https:\/\/caranorte.es\/en\/\",\"name\":\"CaraNorte Ingenieros\",\"description\":\"CaraNorte Ingenieros, ingenier\u00eda y servicios t\u00e9cnicos especializados en el \u00e1mbito de la monta\u00f1a\",\"potentialAction\":[{\"@type\":\"SearchAction\",\"target\":{\"@type\":\"EntryPoint\",\"urlTemplate\":\"https:\/\/caranorte.es\/en\/?s={search_term_string}\"},\"query-input\":\"required name=search_term_string\"}],\"inLanguage\":\"en-US\"}]}<\/script>\n<!-- \/ Yoast SEO plugin. -->","yoast_head_json":{"title":"GEM Software and Maintenance Metodology - CaraNorte Ingenieros","robots":{"index":"index","follow":"follow","max-snippet":"max-snippet:-1","max-image-preview":"max-image-preview:large","max-video-preview":"max-video-preview:-1"},"canonical":"https:\/\/caranorte.es\/en\/gem-software-and-maintenance-metodology\/","og_locale":"en_US","og_type":"article","og_title":"GEM Software and Maintenance Metodology - CaraNorte Ingenieros","og_description":"[vc_row][vc_column][vc_column_text]Ski resorts, like other current companies, require increasing control and data over the operations they perform. That is why they need new tools for management. To reach this target,\u00a0CaraNorte Ingenieros\u00a0has developed a specific software tool for the Operations and Maintenance Management (GEM) of ski resorts. In addition,\u00a0CaraNorte\u00a0also provides consultancy services for the implementation of new [&hellip;]","og_url":"https:\/\/caranorte.es\/en\/gem-software-and-maintenance-metodology\/","og_site_name":"CaraNorte Ingenieros","article_modified_time":"2021-07-23T07:25:47+00:00","og_image":[{"width":750,"height":500,"url":"https:\/\/caranorte.es\/wp-content\/uploads\/2021\/06\/gem-2.jpeg","type":"image\/jpeg"}],"twitter_card":"summary_large_image","twitter_misc":{"Est. reading time":"1 minute"},"schema":{"@context":"https:\/\/schema.org","@graph":[{"@type":"WebPage","@id":"https:\/\/caranorte.es\/en\/gem-software-and-maintenance-metodology\/","url":"https:\/\/caranorte.es\/en\/gem-software-and-maintenance-metodology\/","name":"GEM Software and Maintenance Metodology - CaraNorte Ingenieros","isPartOf":{"@id":"https:\/\/caranorte.es\/en\/#website"},"primaryImageOfPage":{"@id":"https:\/\/caranorte.es\/en\/gem-software-and-maintenance-metodology\/#primaryimage"},"image":{"@id":"https:\/\/caranorte.es\/en\/gem-software-and-maintenance-metodology\/#primaryimage"},"thumbnailUrl":"https:\/\/caranorte.es\/wp-content\/uploads\/2021\/06\/gem-2.jpeg","datePublished":"2021-06-24T06:58:37+00:00","dateModified":"2021-07-23T07:25:47+00:00","breadcrumb":{"@id":"https:\/\/caranorte.es\/en\/gem-software-and-maintenance-metodology\/#breadcrumb"},"inLanguage":"en-US","potentialAction":[{"@type":"ReadAction","target":["https:\/\/caranorte.es\/en\/gem-software-and-maintenance-metodology\/"]}]},{"@type":"ImageObject","inLanguage":"en-US","@id":"https:\/\/caranorte.es\/en\/gem-software-and-maintenance-metodology\/#primaryimage","url":"https:\/\/caranorte.es\/wp-content\/uploads\/2021\/06\/gem-2.jpeg","contentUrl":"https:\/\/caranorte.es\/wp-content\/uploads\/2021\/06\/gem-2.jpeg","width":750,"height":500,"caption":"GEM Software and Maintenance Metodology"},{"@type":"BreadcrumbList","@id":"https:\/\/caranorte.es\/en\/gem-software-and-maintenance-metodology\/#breadcrumb","itemListElement":[{"@type":"ListItem","position":1,"name":"Portada","item":"https:\/\/caranorte.es\/en\/"},{"@type":"ListItem","position":2,"name":"GEM Software and Maintenance Metodology"}]},{"@type":"WebSite","@id":"https:\/\/caranorte.es\/en\/#website","url":"https:\/\/caranorte.es\/en\/","name":"CaraNorte Ingenieros","description":"CaraNorte Ingenieros, ingenier\u00eda y servicios t\u00e9cnicos especializados en el \u00e1mbito de la monta\u00f1a","potentialAction":[{"@type":"SearchAction","target":{"@type":"EntryPoint","urlTemplate":"https:\/\/caranorte.es\/en\/?s={search_term_string}"},"query-input":"required name=search_term_string"}],"inLanguage":"en-US"}]}},"_links":{"self":[{"href":"https:\/\/caranorte.es\/en\/wp-json\/wp\/v2\/pages\/520"}],"collection":[{"href":"https:\/\/caranorte.es\/en\/wp-json\/wp\/v2\/pages"}],"about":[{"href":"https:\/\/caranorte.es\/en\/wp-json\/wp\/v2\/types\/page"}],"author":[{"embeddable":true,"href":"https:\/\/caranorte.es\/en\/wp-json\/wp\/v2\/users\/1"}],"replies":[{"embeddable":true,"href":"https:\/\/caranorte.es\/en\/wp-json\/wp\/v2\/comments?post=520"}],"version-history":[{"count":4,"href":"https:\/\/caranorte.es\/en\/wp-json\/wp\/v2\/pages\/520\/revisions"}],"predecessor-version":[{"id":547,"href":"https:\/\/caranorte.es\/en\/wp-json\/wp\/v2\/pages\/520\/revisions\/547"}],"wp:featuredmedia":[{"embeddable":true,"href":"https:\/\/caranorte.es\/en\/wp-json\/wp\/v2\/media\/524"}],"wp:attachment":[{"href":"https:\/\/caranorte.es\/en\/wp-json\/wp\/v2\/media?parent=520"}],"curies":[{"name":"wp","href":"https:\/\/api.w.org\/{rel}","templated":true}]}}