{"id":528,"date":"2021-06-24T07:07:22","date_gmt":"2021-06-24T07:07:22","guid":{"rendered":"https:\/\/caranorte.es\/tendido-y-sustitucion-de-cables\/"},"modified":"2021-07-23T07:27:27","modified_gmt":"2021-07-23T07:27:27","slug":"laying-and-replacing-cables","status":"publish","type":"page","link":"https:\/\/caranorte.es\/en\/laying-and-replacing-cables\/","title":{"rendered":"Laying and replacing cables"},"content":{"rendered":"<p>[vc_row][vc_column][vc_column_text]Cables (carriers, tractors, tension cables, etc.) are critical elements in any cable car system for the transport of people. Its peculiar characteristics and the high voltages required for its installation require careful handling by specialized personnel and using the appropriate machinery and tools.<\/p>\n<p>At <strong>CaraNorte Ingenieros<\/strong> we have essential hydraulic machinery to achieve a safe and controlled cable laying during the entire maneuver: several winches, winders and a 75kN brake.[\/vc_column_text][\/vc_column][\/vc_row][vc_row full_width=&#8221;stretch_row_content_no_spaces&#8221;][vc_column][vc_media_grid element_width=&#8221;2&#8243; gap=&#8221;0&#8243; grid_id=&#8221;vc_gid:1627025184829-7a69e1af-5329-3&#8243; include=&#8221;164,163,162,529,160,159&#8243;][\/vc_column][\/vc_row]<\/p>\n","protected":false},"excerpt":{"rendered":"<p>[vc_row][vc_column][vc_column_text]Cables (carriers, tractors, tension cables, etc.) are critical elements in any cable car system for the transport of people. Its peculiar characteristics and the high voltages required for its installation require careful handling by specialized personnel and using the appropriate machinery and tools. At CaraNorte Ingenieros we have essential hydraulic machinery to achieve a safe [&hellip;]<\/p>\n","protected":false},"author":1,"featured_media":529,"parent":0,"menu_order":0,"comment_status":"closed","ping_status":"closed","template":"","meta":{"_genesis_hide_title":false,"_genesis_hide_breadcrumbs":false,"_genesis_hide_singular_image":false,"_genesis_hide_footer_widgets":false,"_genesis_custom_body_class":"lineas-negocio","_genesis_custom_post_class":"","_genesis_layout":"","footnotes":""},"yoast_head":"<!-- This site is optimized with the Yoast SEO plugin v22.3 - https:\/\/yoast.com\/wordpress\/plugins\/seo\/ -->\n<title>Laying and replacing cables - CaraNorte Ingenieros<\/title>\n<meta name=\"robots\" content=\"index, follow, max-snippet:-1, max-image-preview:large, max-video-preview:-1\" \/>\n<link rel=\"canonical\" href=\"https:\/\/caranorte.es\/en\/laying-and-replacing-cables\/\" \/>\n<meta property=\"og:locale\" content=\"en_US\" \/>\n<meta property=\"og:type\" content=\"article\" \/>\n<meta property=\"og:title\" content=\"Laying and replacing cables - CaraNorte Ingenieros\" \/>\n<meta property=\"og:description\" content=\"[vc_row][vc_column][vc_column_text]Cables (carriers, tractors, tension cables, etc.) are critical elements in any cable car system for the transport of people. Its peculiar characteristics and the high voltages required for its installation require careful handling by specialized personnel and using the appropriate machinery and tools. At CaraNorte Ingenieros we have essential hydraulic machinery to achieve a safe [&hellip;]\" \/>\n<meta property=\"og:url\" content=\"https:\/\/caranorte.es\/en\/laying-and-replacing-cables\/\" \/>\n<meta property=\"og:site_name\" content=\"CaraNorte Ingenieros\" \/>\n<meta property=\"article:modified_time\" content=\"2021-07-23T07:27:27+00:00\" \/>\n<meta property=\"og:image\" content=\"https:\/\/caranorte.es\/wp-content\/uploads\/2021\/06\/IMG_2254_967-scaled-e1624518383588.jpg\" \/>\n\t<meta property=\"og:image:width\" content=\"1500\" \/>\n\t<meta property=\"og:image:height\" content=\"1125\" \/>\n\t<meta property=\"og:image:type\" content=\"image\/jpeg\" \/>\n<meta name=\"twitter:card\" content=\"summary_large_image\" \/>\n<meta name=\"twitter:label1\" content=\"Est. reading time\" \/>\n\t<meta name=\"twitter:data1\" content=\"1 minute\" \/>\n<script type=\"application\/ld+json\" class=\"yoast-schema-graph\">{\"@context\":\"https:\/\/schema.org\",\"@graph\":[{\"@type\":\"WebPage\",\"@id\":\"https:\/\/caranorte.es\/en\/laying-and-replacing-cables\/\",\"url\":\"https:\/\/caranorte.es\/en\/laying-and-replacing-cables\/\",\"name\":\"Laying and replacing cables - CaraNorte Ingenieros\",\"isPartOf\":{\"@id\":\"https:\/\/caranorte.es\/en\/#website\"},\"primaryImageOfPage\":{\"@id\":\"https:\/\/caranorte.es\/en\/laying-and-replacing-cables\/#primaryimage\"},\"image\":{\"@id\":\"https:\/\/caranorte.es\/en\/laying-and-replacing-cables\/#primaryimage\"},\"thumbnailUrl\":\"https:\/\/caranorte.es\/wp-content\/uploads\/2021\/06\/IMG_2254_967-scaled-e1624518383588.jpg\",\"datePublished\":\"2021-06-24T07:07:22+00:00\",\"dateModified\":\"2021-07-23T07:27:27+00:00\",\"breadcrumb\":{\"@id\":\"https:\/\/caranorte.es\/en\/laying-and-replacing-cables\/#breadcrumb\"},\"inLanguage\":\"en-US\",\"potentialAction\":[{\"@type\":\"ReadAction\",\"target\":[\"https:\/\/caranorte.es\/en\/laying-and-replacing-cables\/\"]}]},{\"@type\":\"ImageObject\",\"inLanguage\":\"en-US\",\"@id\":\"https:\/\/caranorte.es\/en\/laying-and-replacing-cables\/#primaryimage\",\"url\":\"https:\/\/caranorte.es\/wp-content\/uploads\/2021\/06\/IMG_2254_967-scaled-e1624518383588.jpg\",\"contentUrl\":\"https:\/\/caranorte.es\/wp-content\/uploads\/2021\/06\/IMG_2254_967-scaled-e1624518383588.jpg\",\"width\":1500,\"height\":1125,\"caption\":\"Laying and replacing cables\"},{\"@type\":\"BreadcrumbList\",\"@id\":\"https:\/\/caranorte.es\/en\/laying-and-replacing-cables\/#breadcrumb\",\"itemListElement\":[{\"@type\":\"ListItem\",\"position\":1,\"name\":\"Portada\",\"item\":\"https:\/\/caranorte.es\/en\/\"},{\"@type\":\"ListItem\",\"position\":2,\"name\":\"Laying and replacing cables\"}]},{\"@type\":\"WebSite\",\"@id\":\"https:\/\/caranorte.es\/en\/#website\",\"url\":\"https:\/\/caranorte.es\/en\/\",\"name\":\"CaraNorte Ingenieros\",\"description\":\"CaraNorte Ingenieros, ingenier\u00eda y servicios t\u00e9cnicos especializados en el \u00e1mbito de la monta\u00f1a\",\"potentialAction\":[{\"@type\":\"SearchAction\",\"target\":{\"@type\":\"EntryPoint\",\"urlTemplate\":\"https:\/\/caranorte.es\/en\/?s={search_term_string}\"},\"query-input\":\"required name=search_term_string\"}],\"inLanguage\":\"en-US\"}]}<\/script>\n<!-- \/ Yoast SEO plugin. -->","yoast_head_json":{"title":"Laying and replacing cables - CaraNorte Ingenieros","robots":{"index":"index","follow":"follow","max-snippet":"max-snippet:-1","max-image-preview":"max-image-preview:large","max-video-preview":"max-video-preview:-1"},"canonical":"https:\/\/caranorte.es\/en\/laying-and-replacing-cables\/","og_locale":"en_US","og_type":"article","og_title":"Laying and replacing cables - CaraNorte Ingenieros","og_description":"[vc_row][vc_column][vc_column_text]Cables (carriers, tractors, tension cables, etc.) are critical elements in any cable car system for the transport of people. Its peculiar characteristics and the high voltages required for its installation require careful handling by specialized personnel and using the appropriate machinery and tools. At CaraNorte Ingenieros we have essential hydraulic machinery to achieve a safe [&hellip;]","og_url":"https:\/\/caranorte.es\/en\/laying-and-replacing-cables\/","og_site_name":"CaraNorte Ingenieros","article_modified_time":"2021-07-23T07:27:27+00:00","og_image":[{"width":1500,"height":1125,"url":"https:\/\/caranorte.es\/wp-content\/uploads\/2021\/06\/IMG_2254_967-scaled-e1624518383588.jpg","type":"image\/jpeg"}],"twitter_card":"summary_large_image","twitter_misc":{"Est. reading time":"1 minute"},"schema":{"@context":"https:\/\/schema.org","@graph":[{"@type":"WebPage","@id":"https:\/\/caranorte.es\/en\/laying-and-replacing-cables\/","url":"https:\/\/caranorte.es\/en\/laying-and-replacing-cables\/","name":"Laying and replacing cables - CaraNorte Ingenieros","isPartOf":{"@id":"https:\/\/caranorte.es\/en\/#website"},"primaryImageOfPage":{"@id":"https:\/\/caranorte.es\/en\/laying-and-replacing-cables\/#primaryimage"},"image":{"@id":"https:\/\/caranorte.es\/en\/laying-and-replacing-cables\/#primaryimage"},"thumbnailUrl":"https:\/\/caranorte.es\/wp-content\/uploads\/2021\/06\/IMG_2254_967-scaled-e1624518383588.jpg","datePublished":"2021-06-24T07:07:22+00:00","dateModified":"2021-07-23T07:27:27+00:00","breadcrumb":{"@id":"https:\/\/caranorte.es\/en\/laying-and-replacing-cables\/#breadcrumb"},"inLanguage":"en-US","potentialAction":[{"@type":"ReadAction","target":["https:\/\/caranorte.es\/en\/laying-and-replacing-cables\/"]}]},{"@type":"ImageObject","inLanguage":"en-US","@id":"https:\/\/caranorte.es\/en\/laying-and-replacing-cables\/#primaryimage","url":"https:\/\/caranorte.es\/wp-content\/uploads\/2021\/06\/IMG_2254_967-scaled-e1624518383588.jpg","contentUrl":"https:\/\/caranorte.es\/wp-content\/uploads\/2021\/06\/IMG_2254_967-scaled-e1624518383588.jpg","width":1500,"height":1125,"caption":"Laying and replacing cables"},{"@type":"BreadcrumbList","@id":"https:\/\/caranorte.es\/en\/laying-and-replacing-cables\/#breadcrumb","itemListElement":[{"@type":"ListItem","position":1,"name":"Portada","item":"https:\/\/caranorte.es\/en\/"},{"@type":"ListItem","position":2,"name":"Laying and replacing cables"}]},{"@type":"WebSite","@id":"https:\/\/caranorte.es\/en\/#website","url":"https:\/\/caranorte.es\/en\/","name":"CaraNorte Ingenieros","description":"CaraNorte Ingenieros, ingenier\u00eda y servicios t\u00e9cnicos especializados en el \u00e1mbito de la monta\u00f1a","potentialAction":[{"@type":"SearchAction","target":{"@type":"EntryPoint","urlTemplate":"https:\/\/caranorte.es\/en\/?s={search_term_string}"},"query-input":"required name=search_term_string"}],"inLanguage":"en-US"}]}},"_links":{"self":[{"href":"https:\/\/caranorte.es\/en\/wp-json\/wp\/v2\/pages\/528"}],"collection":[{"href":"https:\/\/caranorte.es\/en\/wp-json\/wp\/v2\/pages"}],"about":[{"href":"https:\/\/caranorte.es\/en\/wp-json\/wp\/v2\/types\/page"}],"author":[{"embeddable":true,"href":"https:\/\/caranorte.es\/en\/wp-json\/wp\/v2\/users\/1"}],"replies":[{"embeddable":true,"href":"https:\/\/caranorte.es\/en\/wp-json\/wp\/v2\/comments?post=528"}],"version-history":[{"count":5,"href":"https:\/\/caranorte.es\/en\/wp-json\/wp\/v2\/pages\/528\/revisions"}],"predecessor-version":[{"id":549,"href":"https:\/\/caranorte.es\/en\/wp-json\/wp\/v2\/pages\/528\/revisions\/549"}],"wp:featuredmedia":[{"embeddable":true,"href":"https:\/\/caranorte.es\/en\/wp-json\/wp\/v2\/media\/529"}],"wp:attachment":[{"href":"https:\/\/caranorte.es\/en\/wp-json\/wp\/v2\/media?parent=528"}],"curies":[{"name":"wp","href":"https:\/\/api.w.org\/{rel}","templated":true}]}}