{"id":565,"date":"2021-03-23T13:05:50","date_gmt":"2021-03-23T13:05:50","guid":{"rendered":"https:\/\/caranorte.es\/aviso-legal\/"},"modified":"2021-07-23T07:39:33","modified_gmt":"2021-07-23T07:39:33","slug":"legal-notice","status":"publish","type":"page","link":"https:\/\/caranorte.es\/en\/legal-notice\/","title":{"rendered":"Legal Notice"},"content":{"rendered":"<p>CARANORTE INGENIEROS S.L<br \/>\nB50844109<br \/>\nPGNO. VALDECONSEJO. C\/ PINETA 1i \u2013 NAVE 9<br \/>\n50410 CUARTE DE HUERVA<br \/>\ninfo@caranorte.es<\/p>\n<p>1. Los derechos de propiedad intelectual de la p\u00e1gina www.caranorte.es, su c\u00f3digo fuente, dise\u00f1o, estructura de navegaci\u00f3n, bases de datos y los distintos elementos en \u00e9l contenidos son titularidad de CARANORTE INGENIEROS S.L, a quien corresponde el ejercicio exclusivo de los derechos de explotaci\u00f3n de los mismos en cualquier forma y, en especial, los derechos de reproducci\u00f3n, distribuci\u00f3n, comunicaci\u00f3n p\u00fablica y transformaci\u00f3n.<\/p>\n<p>2. Estas condiciones generales regulan el acceso y utilizaci\u00f3n del sitio web www.caranorte.es, que el mismo pone gratuitamente a disposici\u00f3n de los usuarios de Internet. El acceso al mismo implica su aceptaci\u00f3n sin reservas. La utilizaci\u00f3n de determinados servicios ofrecidos en este sitio se regir\u00e1 adem\u00e1s por las condiciones particulares previstas en cada caso, las cuales se entender\u00e1n aceptadas por el mero uso de tales servicios.<\/p>\n<p>3. Se autoriza la visualizaci\u00f3n, impresi\u00f3n y descarga parcial del contenido de la web s\u00f3lo y exclusivamente si concurren las siguientes condiciones:<br \/>\nQue sea compatible con los fines de la web www.caranorte.es.<br \/>\nQue se realice con el exclusivo \u00e1nimo de obtener la informaci\u00f3n contenida para uso personal y privado. Se proh\u00edbe expresamente su utilizaci\u00f3n con fines comerciales o para su distribuci\u00f3n, comunicaci\u00f3n publica, transformaci\u00f3n o descompilaci\u00f3n.<br \/>\nQue ninguno de los contenidos relacionados en esta web sea modificado de manera alguna.<br \/>\nQue ning\u00fan gr\u00e1fico, icono o imagen disponible en esta web sea utilizado, copiado o distribuido separadamente del texto o resto de im\u00e1genes que lo acompa\u00f1an.<\/p>\n<p>4. CARANORTE INGENIEROS S.L se reserva la facultad de efectuar, en cualquier momento y sin necesidad de previo aviso, modificaciones y actualizaciones de la informaci\u00f3n contenida en su web, de la configuraci\u00f3n y presentaci\u00f3n de \u00e9ste y de las condiciones de acceso.<\/p>\n<p>5. CARANORTE INGENIEROS S.L. no garantiza la inexistencia de interrupciones o errores en el acceso al web, en su contenido, ni que \u00e9ste se encuentre actualizado, aunque desarrollar\u00e1 sus mejores esfuerzos para, en su caso, evitarlos, subsanarlos o actualizarlos.<\/p>\n<p>6. Tanto el acceso a este web como el uso que pueda hacerse de la informaci\u00f3n contenida en el mismo es de la exclusiva responsabilidad de quien lo realiza. CARANORTE INGENIEROS S.L no responder\u00e1 de ninguna consecuencia, da\u00f1o o perjuicio que pudieran derivarse de dicho acceso o uso de la informaci\u00f3n. CARANORTE INGENIEROS S.L no se hace responsable de los posibles errores de seguridad que se puedan producir ni de los posibles da\u00f1os que puedan causarse al sistema inform\u00e1tico del usuario (hardware y software), los ficheros o documentos almacenados en el mismo, como consecuencia de la presencia de virus en el ordenador del usuario utilizado para la conexi\u00f3n a los servicios y contenidos de la web, de un mal funcionamiento del navegador o del uso de versiones no actualizadas del mismo.<\/p>\n<p>7. CARANORTE INGENIEROS S.L no asume responsabilidad alguna derivada de la concesi\u00f3n o contenidos de los enlaces de terceros a los que se hace referencia en la web, ni garantiza la ausencia de virus u otros elementos en los mismos que puedan producir alteraciones en el sistema inform\u00e1tico (hardware y software), los documentos o los ficheros del usuario, excluyendo cualquier responsabilidad por los da\u00f1os de cualquier clase causados al usuario por este motivo.<\/p>\n<p>8. La utilizaci\u00f3n no autorizada de la informaci\u00f3n contenida en esta web, su reventa, as\u00ed como la lesi\u00f3n de los derechos de Propiedad Intelectual de CARANORTE INGENIEROS S.L, dar\u00e1 lugar a las responsabilidades legalmente establecidas.<\/p>\n<p>9. Todo enlace de terceros a esta web debe serlo a su p\u00e1gina principal o de entrada.<\/p>\n<p>10. CARANORTE INGENIEROS S.L y el usuario, con renuncia expresa a cualquier otro fuero, se someten al de los juzgados y tribunales del domicilio del usuario para cualquier controversia que pudiera derivarse del acceso a esta web. En el caso de que el usuario tenga su domicilio fuera de Espa\u00f1a, CARANORTE INGENIEROS S.L y el usuario se someten, con renuncia expresa a cualquier otro fuero, a los juzgados y tribunales de Zaragoza (Espa\u00f1a).<\/p>\n","protected":false},"excerpt":{"rendered":"<p>CARANORTE INGENIEROS S.L B50844109 PGNO. VALDECONSEJO. C\/ PINETA 1i \u2013 NAVE 9 50410 CUARTE DE HUERVA info@caranorte.es 1. Los derechos de propiedad intelectual de la p\u00e1gina www.caranorte.es, su c\u00f3digo fuente, dise\u00f1o, estructura de navegaci\u00f3n, bases de datos y los distintos elementos en \u00e9l contenidos son titularidad de CARANORTE INGENIEROS S.L, a quien corresponde el ejercicio [&hellip;]<\/p>\n","protected":false},"author":1,"featured_media":0,"parent":0,"menu_order":0,"comment_status":"closed","ping_status":"closed","template":"","meta":{"_genesis_hide_title":false,"_genesis_hide_breadcrumbs":false,"_genesis_hide_singular_image":false,"_genesis_hide_footer_widgets":false,"_genesis_custom_body_class":"lineas-negocio","_genesis_custom_post_class":"","_genesis_layout":"","footnotes":""},"yoast_head":"<!-- This site is optimized with the Yoast SEO plugin v22.3 - https:\/\/yoast.com\/wordpress\/plugins\/seo\/ -->\n<title>Legal Notice - CaraNorte Ingenieros<\/title>\n<meta name=\"robots\" content=\"index, follow, max-snippet:-1, max-image-preview:large, max-video-preview:-1\" \/>\n<link rel=\"canonical\" href=\"https:\/\/caranorte.es\/en\/legal-notice\/\" \/>\n<meta property=\"og:locale\" content=\"en_US\" \/>\n<meta property=\"og:type\" content=\"article\" \/>\n<meta property=\"og:title\" content=\"Legal Notice - CaraNorte Ingenieros\" \/>\n<meta property=\"og:description\" content=\"CARANORTE INGENIEROS S.L B50844109 PGNO. VALDECONSEJO. C\/ PINETA 1i \u2013 NAVE 9 50410 CUARTE DE HUERVA info@caranorte.es 1. Los derechos de propiedad intelectual de la p\u00e1gina www.caranorte.es, su c\u00f3digo fuente, dise\u00f1o, estructura de navegaci\u00f3n, bases de datos y los distintos elementos en \u00e9l contenidos son titularidad de CARANORTE INGENIEROS S.L, a quien corresponde el ejercicio [&hellip;]\" \/>\n<meta property=\"og:url\" content=\"https:\/\/caranorte.es\/en\/legal-notice\/\" \/>\n<meta property=\"og:site_name\" content=\"CaraNorte Ingenieros\" \/>\n<meta property=\"article:modified_time\" content=\"2021-07-23T07:39:33+00:00\" \/>\n<meta name=\"twitter:card\" content=\"summary_large_image\" \/>\n<meta name=\"twitter:label1\" content=\"Est. reading time\" \/>\n\t<meta name=\"twitter:data1\" content=\"4 minutes\" \/>\n<script type=\"application\/ld+json\" class=\"yoast-schema-graph\">{\"@context\":\"https:\/\/schema.org\",\"@graph\":[{\"@type\":\"WebPage\",\"@id\":\"https:\/\/caranorte.es\/en\/legal-notice\/\",\"url\":\"https:\/\/caranorte.es\/en\/legal-notice\/\",\"name\":\"Legal Notice - CaraNorte Ingenieros\",\"isPartOf\":{\"@id\":\"https:\/\/caranorte.es\/en\/#website\"},\"datePublished\":\"2021-03-23T13:05:50+00:00\",\"dateModified\":\"2021-07-23T07:39:33+00:00\",\"breadcrumb\":{\"@id\":\"https:\/\/caranorte.es\/en\/legal-notice\/#breadcrumb\"},\"inLanguage\":\"en-US\",\"potentialAction\":[{\"@type\":\"ReadAction\",\"target\":[\"https:\/\/caranorte.es\/en\/legal-notice\/\"]}]},{\"@type\":\"BreadcrumbList\",\"@id\":\"https:\/\/caranorte.es\/en\/legal-notice\/#breadcrumb\",\"itemListElement\":[{\"@type\":\"ListItem\",\"position\":1,\"name\":\"Portada\",\"item\":\"https:\/\/caranorte.es\/en\/\"},{\"@type\":\"ListItem\",\"position\":2,\"name\":\"Legal Notice\"}]},{\"@type\":\"WebSite\",\"@id\":\"https:\/\/caranorte.es\/en\/#website\",\"url\":\"https:\/\/caranorte.es\/en\/\",\"name\":\"CaraNorte Ingenieros\",\"description\":\"CaraNorte Ingenieros, ingenier\u00eda y servicios t\u00e9cnicos especializados en el \u00e1mbito de la monta\u00f1a\",\"potentialAction\":[{\"@type\":\"SearchAction\",\"target\":{\"@type\":\"EntryPoint\",\"urlTemplate\":\"https:\/\/caranorte.es\/en\/?s={search_term_string}\"},\"query-input\":\"required name=search_term_string\"}],\"inLanguage\":\"en-US\"}]}<\/script>\n<!-- \/ Yoast SEO plugin. -->","yoast_head_json":{"title":"Legal Notice - CaraNorte Ingenieros","robots":{"index":"index","follow":"follow","max-snippet":"max-snippet:-1","max-image-preview":"max-image-preview:large","max-video-preview":"max-video-preview:-1"},"canonical":"https:\/\/caranorte.es\/en\/legal-notice\/","og_locale":"en_US","og_type":"article","og_title":"Legal Notice - CaraNorte Ingenieros","og_description":"CARANORTE INGENIEROS S.L B50844109 PGNO. VALDECONSEJO. C\/ PINETA 1i \u2013 NAVE 9 50410 CUARTE DE HUERVA info@caranorte.es 1. Los derechos de propiedad intelectual de la p\u00e1gina www.caranorte.es, su c\u00f3digo fuente, dise\u00f1o, estructura de navegaci\u00f3n, bases de datos y los distintos elementos en \u00e9l contenidos son titularidad de CARANORTE INGENIEROS S.L, a quien corresponde el ejercicio [&hellip;]","og_url":"https:\/\/caranorte.es\/en\/legal-notice\/","og_site_name":"CaraNorte Ingenieros","article_modified_time":"2021-07-23T07:39:33+00:00","twitter_card":"summary_large_image","twitter_misc":{"Est. reading time":"4 minutes"},"schema":{"@context":"https:\/\/schema.org","@graph":[{"@type":"WebPage","@id":"https:\/\/caranorte.es\/en\/legal-notice\/","url":"https:\/\/caranorte.es\/en\/legal-notice\/","name":"Legal Notice - CaraNorte Ingenieros","isPartOf":{"@id":"https:\/\/caranorte.es\/en\/#website"},"datePublished":"2021-03-23T13:05:50+00:00","dateModified":"2021-07-23T07:39:33+00:00","breadcrumb":{"@id":"https:\/\/caranorte.es\/en\/legal-notice\/#breadcrumb"},"inLanguage":"en-US","potentialAction":[{"@type":"ReadAction","target":["https:\/\/caranorte.es\/en\/legal-notice\/"]}]},{"@type":"BreadcrumbList","@id":"https:\/\/caranorte.es\/en\/legal-notice\/#breadcrumb","itemListElement":[{"@type":"ListItem","position":1,"name":"Portada","item":"https:\/\/caranorte.es\/en\/"},{"@type":"ListItem","position":2,"name":"Legal Notice"}]},{"@type":"WebSite","@id":"https:\/\/caranorte.es\/en\/#website","url":"https:\/\/caranorte.es\/en\/","name":"CaraNorte Ingenieros","description":"CaraNorte Ingenieros, ingenier\u00eda y servicios t\u00e9cnicos especializados en el \u00e1mbito de la monta\u00f1a","potentialAction":[{"@type":"SearchAction","target":{"@type":"EntryPoint","urlTemplate":"https:\/\/caranorte.es\/en\/?s={search_term_string}"},"query-input":"required name=search_term_string"}],"inLanguage":"en-US"}]}},"_links":{"self":[{"href":"https:\/\/caranorte.es\/en\/wp-json\/wp\/v2\/pages\/565"}],"collection":[{"href":"https:\/\/caranorte.es\/en\/wp-json\/wp\/v2\/pages"}],"about":[{"href":"https:\/\/caranorte.es\/en\/wp-json\/wp\/v2\/types\/page"}],"author":[{"embeddable":true,"href":"https:\/\/caranorte.es\/en\/wp-json\/wp\/v2\/users\/1"}],"replies":[{"embeddable":true,"href":"https:\/\/caranorte.es\/en\/wp-json\/wp\/v2\/comments?post=565"}],"version-history":[{"count":2,"href":"https:\/\/caranorte.es\/en\/wp-json\/wp\/v2\/pages\/565\/revisions"}],"predecessor-version":[{"id":571,"href":"https:\/\/caranorte.es\/en\/wp-json\/wp\/v2\/pages\/565\/revisions\/571"}],"wp:attachment":[{"href":"https:\/\/caranorte.es\/en\/wp-json\/wp\/v2\/media?parent=565"}],"curies":[{"name":"wp","href":"https:\/\/api.w.org\/{rel}","templated":true}]}}