{"id":567,"date":"2020-02-20T15:27:40","date_gmt":"2020-02-20T15:27:40","guid":{"rendered":"https:\/\/caranorte.es\/politica-privacidad\/"},"modified":"2021-07-23T07:39:57","modified_gmt":"2021-07-23T07:39:57","slug":"privacy-policy","status":"publish","type":"page","link":"https:\/\/caranorte.es\/en\/privacy-policy\/","title":{"rendered":"Privacy Policy"},"content":{"rendered":"<p>CARANORTE INGENIEROS, S.L titular del portal www.caranorte.es, informa a los usuarios del mismo, en adelante el \u201cportal\u201d, que es responsable de los tratamientos que se realicen mediante el portal, salvo que otra cosa se informe en el tratamiento de que se trate.<\/p>\n<p>CARANORTE INGENIEROS, S.L respeta la legislaci\u00f3n vigente en materia de protecci\u00f3n de datos personales, la privacidad de los usuarios y el secreto y seguridad de los datos personales, de conformidad con lo establecido en la legislaci\u00f3n aplicable en materia de protecci\u00f3n de datos, en concreto, el Reglamento 2016\/679 del Parlamento Europeo y del Consejo de 27 de abril de 2016, adoptando para ello las medidas t\u00e9cnicas y organizativas necesarias para evitar la p\u00e9rdida, mal uso, alteraci\u00f3n, acceso no autorizado y robo de los datos personales facilitados, habida cuenta del estado de la tecnolog\u00eda, la naturaleza de los datos y los riesgos a los que est\u00e1n expuestos.<br \/>\nEn concreto, se informa a los usuarios del portal que sus datos de car\u00e1cter personal s\u00f3lo podr\u00e1n obtenerse para su tratamiento cuando sean adecuados, pertinentes y no excesivos en relaci\u00f3n con el \u00e1mbito y las finalidades determinadas, expl\u00edcitas y leg\u00edtimas para las que se hayan obtenido.<\/p>\n<p>Cuando se recaben los datos personales a trav\u00e9s del portal, se informar\u00e1 previamente al usuario, de forma clara e inequ\u00edvoca, de los siguientes extremos:<br \/>\nExistencia de un tratamiento de datos de car\u00e1cter personal.<\/p>\n<p>la identidad y los datos de contacto del responsable del tratamiento de datos personales obtenidos,<br \/>\nlos datos de contacto del Delegado de Protecci\u00f3n de Datos, si fuese oportuno;<br \/>\nlos fines del tratamiento a que se destinan los datos personales y la base jur\u00eddica del tratamiento;<br \/>\nlos destinatarios o las categor\u00edas de destinatarios de los datos personales, en su caso.<br \/>\nen su caso, la intenci\u00f3n del responsable de transferir datos personales a un tercer pa\u00eds;<br \/>\nel plazo o los criterios de conservaci\u00f3n de la informaci\u00f3n;<br \/>\nla existencia del derecho a solicitar al responsable del tratamiento el acceso a los datos personales relativos al interesado, y su rectificaci\u00f3n o supresi\u00f3n, o la limitaci\u00f3n de su tratamiento, el derecho a la portabilidad de los datos, o a oponerse al tratamiento. Asimismo, la manera de ejercitar los mencionados derechos.<br \/>\ncuando el tratamiento est\u00e9 basado en el consentimiento del interesado, la existencia del derecho a retirar el consentimiento en cualquier momento, sin que ello afecte a la licitud del tratamiento basado en el consentimiento previo a su retirada; Si el tratamiento no est\u00e1 basado en el consentimiento, su derecho a ejercer la oposici\u00f3n al tratamiento.<br \/>\nel derecho a presentar una reclamaci\u00f3n ante una autoridad de control;<br \/>\nla existencia, si las hubiera, de decisiones automatizas, incluida la elaboraci\u00f3n de perfiles y el ejercicio de derechos asociados a dicho tratamiento.<br \/>\nEn particular, cuando se recaben datos de ni\u00f1os, el tratamiento \u00fanicamente se considerar\u00e1 l\u00edcito si el consentimiento lo dio o autoriz\u00f3 el titular de la patria potestad o tutela sobre el ni\u00f1o.<br \/>\nEl usuario ser\u00e1 el \u00fanico responsable a causa de la cumplimentaci\u00f3n de los formularios con datos falsos, inexactos, incompletos o no actualizados<\/p>\n","protected":false},"excerpt":{"rendered":"<p>CARANORTE INGENIEROS, S.L titular del portal www.caranorte.es, informa a los usuarios del mismo, en adelante el \u201cportal\u201d, que es responsable de los tratamientos que se realicen mediante el portal, salvo que otra cosa se informe en el tratamiento de que se trate. CARANORTE INGENIEROS, S.L respeta la legislaci\u00f3n vigente en materia de protecci\u00f3n de datos [&hellip;]<\/p>\n","protected":false},"author":1,"featured_media":0,"parent":0,"menu_order":0,"comment_status":"closed","ping_status":"closed","template":"","meta":{"_genesis_hide_title":false,"_genesis_hide_breadcrumbs":false,"_genesis_hide_singular_image":false,"_genesis_hide_footer_widgets":false,"_genesis_custom_body_class":"lineas-negocio","_genesis_custom_post_class":"","_genesis_layout":"","footnotes":""},"yoast_head":"<!-- This site is optimized with the Yoast SEO plugin v22.3 - https:\/\/yoast.com\/wordpress\/plugins\/seo\/ -->\n<title>Privacy Policy - CaraNorte Ingenieros<\/title>\n<meta name=\"robots\" content=\"index, follow, max-snippet:-1, max-image-preview:large, max-video-preview:-1\" \/>\n<link rel=\"canonical\" href=\"https:\/\/caranorte.es\/en\/privacy-policy\/\" \/>\n<meta property=\"og:locale\" content=\"en_US\" \/>\n<meta property=\"og:type\" content=\"article\" \/>\n<meta property=\"og:title\" content=\"Privacy Policy - CaraNorte Ingenieros\" \/>\n<meta property=\"og:description\" content=\"CARANORTE INGENIEROS, S.L titular del portal www.caranorte.es, informa a los usuarios del mismo, en adelante el \u201cportal\u201d, que es responsable de los tratamientos que se realicen mediante el portal, salvo que otra cosa se informe en el tratamiento de que se trate. CARANORTE INGENIEROS, S.L respeta la legislaci\u00f3n vigente en materia de protecci\u00f3n de datos [&hellip;]\" \/>\n<meta property=\"og:url\" content=\"https:\/\/caranorte.es\/en\/privacy-policy\/\" \/>\n<meta property=\"og:site_name\" content=\"CaraNorte Ingenieros\" \/>\n<meta property=\"article:modified_time\" content=\"2021-07-23T07:39:57+00:00\" \/>\n<meta name=\"twitter:card\" content=\"summary_large_image\" \/>\n<meta name=\"twitter:label1\" content=\"Est. reading time\" \/>\n\t<meta name=\"twitter:data1\" content=\"3 minutes\" \/>\n<script type=\"application\/ld+json\" class=\"yoast-schema-graph\">{\"@context\":\"https:\/\/schema.org\",\"@graph\":[{\"@type\":\"WebPage\",\"@id\":\"https:\/\/caranorte.es\/en\/privacy-policy\/\",\"url\":\"https:\/\/caranorte.es\/en\/privacy-policy\/\",\"name\":\"Privacy Policy - CaraNorte Ingenieros\",\"isPartOf\":{\"@id\":\"https:\/\/caranorte.es\/en\/#website\"},\"datePublished\":\"2020-02-20T15:27:40+00:00\",\"dateModified\":\"2021-07-23T07:39:57+00:00\",\"breadcrumb\":{\"@id\":\"https:\/\/caranorte.es\/en\/privacy-policy\/#breadcrumb\"},\"inLanguage\":\"en-US\",\"potentialAction\":[{\"@type\":\"ReadAction\",\"target\":[\"https:\/\/caranorte.es\/en\/privacy-policy\/\"]}]},{\"@type\":\"BreadcrumbList\",\"@id\":\"https:\/\/caranorte.es\/en\/privacy-policy\/#breadcrumb\",\"itemListElement\":[{\"@type\":\"ListItem\",\"position\":1,\"name\":\"Portada\",\"item\":\"https:\/\/caranorte.es\/en\/\"},{\"@type\":\"ListItem\",\"position\":2,\"name\":\"Privacy Policy\"}]},{\"@type\":\"WebSite\",\"@id\":\"https:\/\/caranorte.es\/en\/#website\",\"url\":\"https:\/\/caranorte.es\/en\/\",\"name\":\"CaraNorte Ingenieros\",\"description\":\"CaraNorte Ingenieros, ingenier\u00eda y servicios t\u00e9cnicos especializados en el \u00e1mbito de la monta\u00f1a\",\"potentialAction\":[{\"@type\":\"SearchAction\",\"target\":{\"@type\":\"EntryPoint\",\"urlTemplate\":\"https:\/\/caranorte.es\/en\/?s={search_term_string}\"},\"query-input\":\"required name=search_term_string\"}],\"inLanguage\":\"en-US\"}]}<\/script>\n<!-- \/ Yoast SEO plugin. -->","yoast_head_json":{"title":"Privacy Policy - CaraNorte Ingenieros","robots":{"index":"index","follow":"follow","max-snippet":"max-snippet:-1","max-image-preview":"max-image-preview:large","max-video-preview":"max-video-preview:-1"},"canonical":"https:\/\/caranorte.es\/en\/privacy-policy\/","og_locale":"en_US","og_type":"article","og_title":"Privacy Policy - CaraNorte Ingenieros","og_description":"CARANORTE INGENIEROS, S.L titular del portal www.caranorte.es, informa a los usuarios del mismo, en adelante el \u201cportal\u201d, que es responsable de los tratamientos que se realicen mediante el portal, salvo que otra cosa se informe en el tratamiento de que se trate. CARANORTE INGENIEROS, S.L respeta la legislaci\u00f3n vigente en materia de protecci\u00f3n de datos [&hellip;]","og_url":"https:\/\/caranorte.es\/en\/privacy-policy\/","og_site_name":"CaraNorte Ingenieros","article_modified_time":"2021-07-23T07:39:57+00:00","twitter_card":"summary_large_image","twitter_misc":{"Est. reading time":"3 minutes"},"schema":{"@context":"https:\/\/schema.org","@graph":[{"@type":"WebPage","@id":"https:\/\/caranorte.es\/en\/privacy-policy\/","url":"https:\/\/caranorte.es\/en\/privacy-policy\/","name":"Privacy Policy - CaraNorte Ingenieros","isPartOf":{"@id":"https:\/\/caranorte.es\/en\/#website"},"datePublished":"2020-02-20T15:27:40+00:00","dateModified":"2021-07-23T07:39:57+00:00","breadcrumb":{"@id":"https:\/\/caranorte.es\/en\/privacy-policy\/#breadcrumb"},"inLanguage":"en-US","potentialAction":[{"@type":"ReadAction","target":["https:\/\/caranorte.es\/en\/privacy-policy\/"]}]},{"@type":"BreadcrumbList","@id":"https:\/\/caranorte.es\/en\/privacy-policy\/#breadcrumb","itemListElement":[{"@type":"ListItem","position":1,"name":"Portada","item":"https:\/\/caranorte.es\/en\/"},{"@type":"ListItem","position":2,"name":"Privacy Policy"}]},{"@type":"WebSite","@id":"https:\/\/caranorte.es\/en\/#website","url":"https:\/\/caranorte.es\/en\/","name":"CaraNorte Ingenieros","description":"CaraNorte Ingenieros, ingenier\u00eda y servicios t\u00e9cnicos especializados en el \u00e1mbito de la monta\u00f1a","potentialAction":[{"@type":"SearchAction","target":{"@type":"EntryPoint","urlTemplate":"https:\/\/caranorte.es\/en\/?s={search_term_string}"},"query-input":"required name=search_term_string"}],"inLanguage":"en-US"}]}},"_links":{"self":[{"href":"https:\/\/caranorte.es\/en\/wp-json\/wp\/v2\/pages\/567"}],"collection":[{"href":"https:\/\/caranorte.es\/en\/wp-json\/wp\/v2\/pages"}],"about":[{"href":"https:\/\/caranorte.es\/en\/wp-json\/wp\/v2\/types\/page"}],"author":[{"embeddable":true,"href":"https:\/\/caranorte.es\/en\/wp-json\/wp\/v2\/users\/1"}],"replies":[{"embeddable":true,"href":"https:\/\/caranorte.es\/en\/wp-json\/wp\/v2\/comments?post=567"}],"version-history":[{"count":2,"href":"https:\/\/caranorte.es\/en\/wp-json\/wp\/v2\/pages\/567\/revisions"}],"predecessor-version":[{"id":572,"href":"https:\/\/caranorte.es\/en\/wp-json\/wp\/v2\/pages\/567\/revisions\/572"}],"wp:attachment":[{"href":"https:\/\/caranorte.es\/en\/wp-json\/wp\/v2\/media?parent=567"}],"curies":[{"name":"wp","href":"https:\/\/api.w.org\/{rel}","templated":true}]}}