{"id":584,"date":"2021-09-01T08:22:24","date_gmt":"2021-09-01T08:22:24","guid":{"rendered":"https:\/\/caranorte.es\/?page_id=584"},"modified":"2021-09-01T08:22:24","modified_gmt":"2021-09-01T08:22:24","slug":"ski-resorts-operation-services-333","status":"publish","type":"page","link":"https:\/\/caranorte.es\/en\/ski-resorts-operation-services-333\/","title":{"rendered":"Ski resorts operation services 333"},"content":{"rendered":"<p>[vc_row][vc_column][vc_column_text]It&#8217;s not an easy task building a team of motivated and capable people to cover the demands of a winter operation in a ski resort. The part-time characteristic of the majority of the worker&#8217;s contracts, the distance from large centers of population, weather hostile work conditions, difficult and often dangerous accessibility, the shortage of affordable accommodation, are major drawbacks to attract and retain workers. Moreover, the different profiles required must possess or be trained in specific skills that currently are not subject to any regulated training plan.<\/p>\n<p><strong>CaraNorte Ingenieros<\/strong>\u00a0offers its wide experience in the snow business to undertake full or partial projects of operation and maintenance of ski resorts, covering the following activities:<\/p>\n<ul>\n<li>Whole range technical operation:\n<ul>\n<li>Slopes preparation, grooming and operation<\/li>\n<li>Ropeways operation and maintenance<\/li>\n<li>Human resources management<\/li>\n<li>Parkings and roads cleaning<\/li>\n<li>Snowmaking operation<\/li>\n<li>Technical Management<\/li>\n<li>Government regulations fulfillment<\/li>\n<\/ul>\n<\/li>\n<li>Other operational services:\n<ul>\n<li>Lift tickets selling and management<\/li>\n<li>Ski rental, medical service.<\/li>\n<li>Every service a ski resort could demand<\/li>\n<\/ul>\n<\/li>\n<\/ul>\n<p>[\/vc_column_text][\/vc_column][\/vc_row][vc_row full_width=&#8221;stretch_row_content_no_spaces&#8221;][vc_column][vc_media_grid element_width=&#8221;2&#8243; gap=&#8221;0&#8243; grid_id=&#8221;vc_gid:1627024049689-38128824-df8e-9&#8243; include=&#8221;515,516,518,519,521,522&#8243;][\/vc_column][\/vc_row]<\/p>\n","protected":false},"excerpt":{"rendered":"<p>[vc_row][vc_column][vc_column_text]It&#8217;s not an easy task building a team of motivated and capable people to cover the demands of a winter operation in a ski resort. The part-time characteristic of the majority of the worker&#8217;s contracts, the distance from large centers of population, weather hostile work conditions, difficult and often dangerous accessibility, the shortage of affordable [&hellip;]<\/p>\n","protected":false},"author":1,"featured_media":516,"parent":0,"menu_order":0,"comment_status":"closed","ping_status":"closed","template":"","meta":{"_genesis_hide_title":false,"_genesis_hide_breadcrumbs":false,"_genesis_hide_singular_image":false,"_genesis_hide_footer_widgets":false,"_genesis_custom_body_class":"lineas-negocio","_genesis_custom_post_class":"","_genesis_layout":"","footnotes":""},"yoast_head":"<!-- This site is optimized with the Yoast SEO plugin v22.3 - https:\/\/yoast.com\/wordpress\/plugins\/seo\/ -->\n<title>Ski resorts operation services 333 - CaraNorte Ingenieros<\/title>\n<meta name=\"robots\" content=\"index, follow, max-snippet:-1, max-image-preview:large, max-video-preview:-1\" \/>\n<link rel=\"canonical\" href=\"https:\/\/caranorte.es\/en\/ski-resorts-operation-services-333\/\" \/>\n<meta property=\"og:locale\" content=\"en_US\" \/>\n<meta property=\"og:type\" content=\"article\" \/>\n<meta property=\"og:title\" content=\"Ski resorts operation services 333 - CaraNorte Ingenieros\" \/>\n<meta property=\"og:description\" content=\"[vc_row][vc_column][vc_column_text]It&#8217;s not an easy task building a team of motivated and capable people to cover the demands of a winter operation in a ski resort. The part-time characteristic of the majority of the worker&#8217;s contracts, the distance from large centers of population, weather hostile work conditions, difficult and often dangerous accessibility, the shortage of affordable [&hellip;]\" \/>\n<meta property=\"og:url\" content=\"https:\/\/caranorte.es\/en\/ski-resorts-operation-services-333\/\" \/>\n<meta property=\"og:site_name\" content=\"CaraNorte Ingenieros\" \/>\n<meta property=\"og:image\" content=\"https:\/\/caranorte.es\/wp-content\/uploads\/2021\/06\/estaciones-2.jpeg\" \/>\n\t<meta property=\"og:image:width\" content=\"1000\" \/>\n\t<meta property=\"og:image:height\" content=\"750\" \/>\n\t<meta property=\"og:image:type\" content=\"image\/jpeg\" \/>\n<meta name=\"twitter:card\" content=\"summary_large_image\" \/>\n<meta name=\"twitter:label1\" content=\"Est. reading time\" \/>\n\t<meta name=\"twitter:data1\" content=\"1 minute\" \/>\n<script type=\"application\/ld+json\" class=\"yoast-schema-graph\">{\"@context\":\"https:\/\/schema.org\",\"@graph\":[{\"@type\":\"WebPage\",\"@id\":\"https:\/\/caranorte.es\/en\/ski-resorts-operation-services-333\/\",\"url\":\"https:\/\/caranorte.es\/en\/ski-resorts-operation-services-333\/\",\"name\":\"Ski resorts operation services 333 - CaraNorte Ingenieros\",\"isPartOf\":{\"@id\":\"https:\/\/caranorte.es\/en\/#website\"},\"primaryImageOfPage\":{\"@id\":\"https:\/\/caranorte.es\/en\/ski-resorts-operation-services-333\/#primaryimage\"},\"image\":{\"@id\":\"https:\/\/caranorte.es\/en\/ski-resorts-operation-services-333\/#primaryimage\"},\"thumbnailUrl\":\"https:\/\/caranorte.es\/wp-content\/uploads\/2021\/06\/estaciones-2.jpeg\",\"datePublished\":\"2021-09-01T08:22:24+00:00\",\"dateModified\":\"2021-09-01T08:22:24+00:00\",\"breadcrumb\":{\"@id\":\"https:\/\/caranorte.es\/en\/ski-resorts-operation-services-333\/#breadcrumb\"},\"inLanguage\":\"en-US\",\"potentialAction\":[{\"@type\":\"ReadAction\",\"target\":[\"https:\/\/caranorte.es\/en\/ski-resorts-operation-services-333\/\"]}]},{\"@type\":\"ImageObject\",\"inLanguage\":\"en-US\",\"@id\":\"https:\/\/caranorte.es\/en\/ski-resorts-operation-services-333\/#primaryimage\",\"url\":\"https:\/\/caranorte.es\/wp-content\/uploads\/2021\/06\/estaciones-2.jpeg\",\"contentUrl\":\"https:\/\/caranorte.es\/wp-content\/uploads\/2021\/06\/estaciones-2.jpeg\",\"width\":1000,\"height\":750,\"caption\":\"Ski resorts operation services\"},{\"@type\":\"BreadcrumbList\",\"@id\":\"https:\/\/caranorte.es\/en\/ski-resorts-operation-services-333\/#breadcrumb\",\"itemListElement\":[{\"@type\":\"ListItem\",\"position\":1,\"name\":\"Portada\",\"item\":\"https:\/\/caranorte.es\/en\/\"},{\"@type\":\"ListItem\",\"position\":2,\"name\":\"Ski resorts operation services 333\"}]},{\"@type\":\"WebSite\",\"@id\":\"https:\/\/caranorte.es\/en\/#website\",\"url\":\"https:\/\/caranorte.es\/en\/\",\"name\":\"CaraNorte Ingenieros\",\"description\":\"CaraNorte Ingenieros, ingenier\u00eda y servicios t\u00e9cnicos especializados en el \u00e1mbito de la monta\u00f1a\",\"potentialAction\":[{\"@type\":\"SearchAction\",\"target\":{\"@type\":\"EntryPoint\",\"urlTemplate\":\"https:\/\/caranorte.es\/en\/?s={search_term_string}\"},\"query-input\":\"required name=search_term_string\"}],\"inLanguage\":\"en-US\"}]}<\/script>\n<!-- \/ Yoast SEO plugin. -->","yoast_head_json":{"title":"Ski resorts operation services 333 - CaraNorte Ingenieros","robots":{"index":"index","follow":"follow","max-snippet":"max-snippet:-1","max-image-preview":"max-image-preview:large","max-video-preview":"max-video-preview:-1"},"canonical":"https:\/\/caranorte.es\/en\/ski-resorts-operation-services-333\/","og_locale":"en_US","og_type":"article","og_title":"Ski resorts operation services 333 - CaraNorte Ingenieros","og_description":"[vc_row][vc_column][vc_column_text]It&#8217;s not an easy task building a team of motivated and capable people to cover the demands of a winter operation in a ski resort. The part-time characteristic of the majority of the worker&#8217;s contracts, the distance from large centers of population, weather hostile work conditions, difficult and often dangerous accessibility, the shortage of affordable [&hellip;]","og_url":"https:\/\/caranorte.es\/en\/ski-resorts-operation-services-333\/","og_site_name":"CaraNorte Ingenieros","og_image":[{"width":1000,"height":750,"url":"https:\/\/caranorte.es\/wp-content\/uploads\/2021\/06\/estaciones-2.jpeg","type":"image\/jpeg"}],"twitter_card":"summary_large_image","twitter_misc":{"Est. reading time":"1 minute"},"schema":{"@context":"https:\/\/schema.org","@graph":[{"@type":"WebPage","@id":"https:\/\/caranorte.es\/en\/ski-resorts-operation-services-333\/","url":"https:\/\/caranorte.es\/en\/ski-resorts-operation-services-333\/","name":"Ski resorts operation services 333 - CaraNorte Ingenieros","isPartOf":{"@id":"https:\/\/caranorte.es\/en\/#website"},"primaryImageOfPage":{"@id":"https:\/\/caranorte.es\/en\/ski-resorts-operation-services-333\/#primaryimage"},"image":{"@id":"https:\/\/caranorte.es\/en\/ski-resorts-operation-services-333\/#primaryimage"},"thumbnailUrl":"https:\/\/caranorte.es\/wp-content\/uploads\/2021\/06\/estaciones-2.jpeg","datePublished":"2021-09-01T08:22:24+00:00","dateModified":"2021-09-01T08:22:24+00:00","breadcrumb":{"@id":"https:\/\/caranorte.es\/en\/ski-resorts-operation-services-333\/#breadcrumb"},"inLanguage":"en-US","potentialAction":[{"@type":"ReadAction","target":["https:\/\/caranorte.es\/en\/ski-resorts-operation-services-333\/"]}]},{"@type":"ImageObject","inLanguage":"en-US","@id":"https:\/\/caranorte.es\/en\/ski-resorts-operation-services-333\/#primaryimage","url":"https:\/\/caranorte.es\/wp-content\/uploads\/2021\/06\/estaciones-2.jpeg","contentUrl":"https:\/\/caranorte.es\/wp-content\/uploads\/2021\/06\/estaciones-2.jpeg","width":1000,"height":750,"caption":"Ski resorts operation services"},{"@type":"BreadcrumbList","@id":"https:\/\/caranorte.es\/en\/ski-resorts-operation-services-333\/#breadcrumb","itemListElement":[{"@type":"ListItem","position":1,"name":"Portada","item":"https:\/\/caranorte.es\/en\/"},{"@type":"ListItem","position":2,"name":"Ski resorts operation services 333"}]},{"@type":"WebSite","@id":"https:\/\/caranorte.es\/en\/#website","url":"https:\/\/caranorte.es\/en\/","name":"CaraNorte Ingenieros","description":"CaraNorte Ingenieros, ingenier\u00eda y servicios t\u00e9cnicos especializados en el \u00e1mbito de la monta\u00f1a","potentialAction":[{"@type":"SearchAction","target":{"@type":"EntryPoint","urlTemplate":"https:\/\/caranorte.es\/en\/?s={search_term_string}"},"query-input":"required name=search_term_string"}],"inLanguage":"en-US"}]}},"_links":{"self":[{"href":"https:\/\/caranorte.es\/en\/wp-json\/wp\/v2\/pages\/584"}],"collection":[{"href":"https:\/\/caranorte.es\/en\/wp-json\/wp\/v2\/pages"}],"about":[{"href":"https:\/\/caranorte.es\/en\/wp-json\/wp\/v2\/types\/page"}],"author":[{"embeddable":true,"href":"https:\/\/caranorte.es\/en\/wp-json\/wp\/v2\/users\/1"}],"replies":[{"embeddable":true,"href":"https:\/\/caranorte.es\/en\/wp-json\/wp\/v2\/comments?post=584"}],"version-history":[{"count":2,"href":"https:\/\/caranorte.es\/en\/wp-json\/wp\/v2\/pages\/584\/revisions"}],"predecessor-version":[{"id":586,"href":"https:\/\/caranorte.es\/en\/wp-json\/wp\/v2\/pages\/584\/revisions\/586"}],"wp:featuredmedia":[{"embeddable":true,"href":"https:\/\/caranorte.es\/en\/wp-json\/wp\/v2\/media\/516"}],"wp:attachment":[{"href":"https:\/\/caranorte.es\/en\/wp-json\/wp\/v2\/media?parent=584"}],"curies":[{"name":"wp","href":"https:\/\/api.w.org\/{rel}","templated":true}]}}